{"id":29215,"date":"2019-12-11T14:25:54","date_gmt":"2019-12-11T14:25:54","guid":{"rendered":"https:\/\/canada.ul.com\/?page_id=29215"},"modified":"2020-02-05T16:54:04","modified_gmt":"2020-02-05T16:54:04","slug":"evaluations-techniques-de-lenveloppe-du-batiment","status":"publish","type":"page","link":"https:\/\/canada.ul.com\/fr\/programmesulc\/performance-de-lenveloppe-du-batiment\/evaluations-techniques-de-lenveloppe-du-batiment\/","title":{"rendered":"\u00c9valuations techniques de l\u2019enveloppe du b\u00e2timent"},"content":{"rendered":"<p>Vous mettre en confiance quant \u00e0 la conception de votre b\u00e2timent et vous aider \u00e0 maximiser la dur\u00e9e de vie vos syst\u00e8mes d\u2019enveloppe.<\/p>\n<p><strong>Survol<\/strong><\/p>\n<p>Fournir aux propri\u00e9taires, aux gestionnaires et aux assureurs d\u2019immeubles un soutien pour att\u00e9nuer les risques de mauvaise performance de l\u2019enveloppe du b\u00e2timent.<\/p>\n<p>Am\u00e9liorez la pr\u00e9cision de votre conception et r\u00e9duisez les dommages co\u00fbteux caus\u00e9s par les d\u00e9faillances de l\u2019enveloppe lors de la gestion de vos actifs.<\/p>\n<p><strong>Avantages<\/strong><\/p>\n<p>Que vous soyez propri\u00e9taire, gestionnaire ou assureur et que vous envisagiez un ajout \u00e0 votre portefolio immobilier ou l\u2019\u00e9valuation de votre inventaire immobilier existant, UL peut vous mettre en confiance quant \u00e0 la conception de votre b\u00e2timent et vous aider \u00e0 maximiser la dur\u00e9e de vie de vos syst\u00e8mes d\u2019enveloppe.<\/p>\n<p>Nos services d\u2019\u00e9valuation technique comprennent des analyses de l\u2019\u00e9tat actuel des b\u00e2timent et des expertises techniques.<\/p>\n<p>Les analyses de l\u2019\u00e9tat actuel apportent une valeur ajout\u00e9e en\u00a0:<\/p>\n<ul>\n<li>Identifiant les composants de l\u2019enveloppe n\u00e9cessitant une attention imm\u00e9diate, qui se sont d\u00e9t\u00e9rior\u00e9es et qui pr\u00e9sentent des risques pour la sant\u00e9 et la s\u00e9curit\u00e9;<\/li>\n<li>D\u00e9terminant les conditions de l\u2019enveloppe ayant une incidence financi\u00e8re dont il revient de tenir compte dans le cadre d\u2019un \u00e9ventuel achat d\u2019immeuble;<\/li>\n<li>D\u00e9terminant les \u00e9ch\u00e9ances et les d\u00e9penses associ\u00e9es \u00e0 l\u2019entretient un syst\u00e8me d\u2019enveloppe pendant sa dur\u00e9e de vie en service et \u00e0 son remplacement au terme de celle-ci.<\/li>\n<\/ul>\n<p>Les expertises techniques apportent une valeur ajout\u00e9e en d\u00e9terminant les causes et en sugg\u00e9rant des solutions aux probl\u00e8mes de rendement pr\u00e9matur\u00e9s, tels que\u00a0:<\/p>\n<ul>\n<li>Fuite d\u2019eau par les toits ou les fen\u00eatres;<\/li>\n<li>Condensation sur les surfaces int\u00e9rieures et formations de gla\u00e7ons sur les surfaces ext\u00e9rieures;<\/li>\n<li>Contr\u00f4le thermique causant l\u2019inconfort des occupants et\/ou le gel des conduits d\u2019eau;<\/li>\n<li>Corrosion des attaches ou d\u00e9t\u00e9rioration de la ma\u00e7onnerie;<\/li>\n<li>Infestations parasitaires, p.\u00a0ex., poll\u00e9nies du lombric, coccinelles, affectant la satisfaction des locataires.<\/li>\n<\/ul>\n<p>Gr\u00e2ce \u00e0 l\u2019exp\u00e9rience et \u00e0 l\u2019expertise acquises au cours de d\u00e9cennies d\u2019essais en laboratoire d\u2019un large \u00e9ventail de syst\u00e8mes d\u2019enveloppe du b\u00e2timent, notre \u00e9quipe dynamique et compos\u00e9e d\u2019un personnel hautement sp\u00e9cialis\u00e9 peut fournir des services d\u2019\u00e9valuation technique pour vos projets partout dans le monde.<\/p>\n<p><strong>Pourquoi UL<\/strong><\/p>\n<p>Nous servons de guichet unique pour les services d\u2019essais, de conseil et de formation d\u00e9di\u00e9s \u00e0 l\u2019enveloppe du b\u00e2timent. Notre r\u00e9seau d\u2019experts techniques, nos installations d\u2019essai \u00e0 la fine pointe de la technologie et nos relations de longue date vous aident \u00e0 obtenir les certificats de conformit\u00e9 dont vous avez besoin pour vous d\u00e9marquer au sein d\u2019une cha\u00eene d\u2019approvisionnement mondiale complexe et de la communaut\u00e9 de conception et construction. Nous pouvons \u00e9valuer et v\u00e9rifier les produits, syst\u00e8mes et structures de l\u2019enveloppe du b\u00e2timent avant, pendant et apr\u00e8s la construction.<\/p>\n<p>Des connaissances en lesquelles vous pouvez avoir confiance \u2014 Pour la communaut\u00e9 de la conception, de la construction, des experts-conseils et des propri\u00e9taires, vous pouvez compter sur notre vaste connaissance et exp\u00e9rience relative \u00e0 l\u2019enveloppe du b\u00e2timent pour \u00e9valuer et valider la conception, les mat\u00e9riaux et la performance des composantes, les syst\u00e8mes et les structures des fa\u00e7ades de votre b\u00e2timent.<\/p>\n<p>Port\u00e9e et acc\u00e8s mondial \u2014 Pour les fabricants de produits, notre personnel exp\u00e9riment\u00e9 vous conseillera sur les exigences en mati\u00e8re d\u2019essais depuis la phase initiale de d\u00e9veloppement d\u2019un produit jusqu\u2019aux essais et \u00e0 la production. Nos experts peuvent vous aider \u00e0 comprendre les exigences de certification pour vos march\u00e9s sp\u00e9cifiques et vous fournir les services d\u2019essais et de certification dont vous avez besoin pour r\u00e9pondre \u00e0 ces exigences.<\/p>\n<p>Rapidit\u00e9 et efficacit\u00e9 \u2014 Nos syst\u00e8mes rentables et nos installations \u00e0 la fine pointe de la technologie vous permettent de r\u00e9duire la bureaucratie et de r\u00e9duire vos d\u00e9lais de mise en march\u00e9.<\/p>\n<p>Fournisseur unique \u2014 Nous servons de guichet unique pour vos besoins en mati\u00e8re d\u2019essais, de conseils et de formation et, en regroupant les services, nous vous aidons \u00e9galement \u00e0 \u00e9conomiser du temps et de l\u2019argent pr\u00e9cieux.<\/p>\n<p>&nbsp;<\/p>\n","protected":false},"excerpt":{"rendered":"<p>Vous mettre en confiance quant \u00e0 la conception de votre b\u00e2timent et vous aider \u00e0 maximiser la dur\u00e9e de vie vos syst\u00e8mes d\u2019enveloppe. Survol Fournir aux propri\u00e9taires, aux gestionnaires et aux assureurs d\u2019immeubles un soutien [&hellip;]<\/p>\n","protected":false},"author":294,"featured_media":0,"parent":27685,"menu_order":0,"comment_status":"closed","ping_status":"closed","template":"page-ulcp.php","meta":{"_acf_changed":false,"inline_featured_image":false,"footnotes":""},"class_list":["post-29215","page","type-page","status-publish","hentry"],"acf":[],"_links":{"self":[{"href":"https:\/\/canada.ul.com\/fr\/wp-json\/wp\/v2\/pages\/29215","targetHints":{"allow":["GET"]}}],"collection":[{"href":"https:\/\/canada.ul.com\/fr\/wp-json\/wp\/v2\/pages"}],"about":[{"href":"https:\/\/canada.ul.com\/fr\/wp-json\/wp\/v2\/types\/page"}],"author":[{"embeddable":true,"href":"https:\/\/canada.ul.com\/fr\/wp-json\/wp\/v2\/users\/294"}],"replies":[{"embeddable":true,"href":"https:\/\/canada.ul.com\/fr\/wp-json\/wp\/v2\/comments?post=29215"}],"version-history":[{"count":0,"href":"https:\/\/canada.ul.com\/fr\/wp-json\/wp\/v2\/pages\/29215\/revisions"}],"up":[{"embeddable":true,"href":"https:\/\/canada.ul.com\/fr\/wp-json\/wp\/v2\/pages\/27685"}],"wp:attachment":[{"href":"https:\/\/canada.ul.com\/fr\/wp-json\/wp\/v2\/media?parent=29215"}],"curies":[{"name":"wp","href":"https:\/\/api.w.org\/{rel}","templated":true}]}}