{"id":29213,"date":"2019-12-11T14:22:56","date_gmt":"2019-12-11T14:22:56","guid":{"rendered":"https:\/\/canada.ul.com\/?page_id=29213"},"modified":"2020-01-10T16:31:14","modified_gmt":"2020-01-10T16:31:14","slug":"services-de-mise-en-service-de-lenveloppe-du-batiment","status":"publish","type":"page","link":"https:\/\/canada.ul.com\/fr\/programmesulc\/performance-de-lenveloppe-du-batiment\/services-de-mise-en-service-de-lenveloppe-du-batiment\/","title":{"rendered":"Mise en service de l\u2019enveloppe du b\u00e2timent"},"content":{"rendered":"<p>UL vous offre le support dont vous avez besoin dans la conception de l\u2019enveloppe du b\u00e2timent et vous conseille afin d\u2019obtenir une durabilit\u00e9 maximale des syst\u00e8mes d\u2019enveloppe choisis.<\/p>\n<p><strong>Vue d\u2019ensemble<\/strong><\/p>\n<p>UL offre aux propri\u00e9taires, gestionnaires et assureurs d\u2019immeubles une assistance technique afin\u00a0d\u2019att\u00e9nuer les risques li\u00e9s \u00e0 de mauvaises performances \u00a0de l\u2019enveloppe du b\u00e2timent et r\u00e9duire les dommages co\u00fbteux li\u00e9s aux d\u00e9faillances de celle-ci.<\/p>\n<p>Que vous soyez propri\u00e9taire, gestionnaire ou assureur et que vous envisagiez un ajout \u00e0 votre portefeuille immobilier ou l\u2019\u00e9valuation de votre parc immobilier existant, UL peut vous conseiller dans la conception de l\u2019enveloppe du b\u00e2timent et vous aider \u00e0 obtenir une durabilit\u00e9 maximale des syst\u00e8mes d\u2019enveloppe choisis.<\/p>\n<p><strong>Avantages<\/strong><\/p>\n<p>Pour les b\u00e2timents en phase de conception et de construction, nos services de contr\u00f4le qualit\u00e9 en enveloppe du b\u00e2timent, synonymes de mise en service de l\u2019enveloppe, offrent une valeur ajout\u00e9e en r\u00e9duisant le risque de probl\u00e8mes li\u00e9s \u00e0 la performance de l\u2019enveloppe construite. Ceci est obtenu en\u00a0:<\/p>\n<ul>\n<li>Effectuant une revue des documents de construction au niveau des assemblages et composantes ayant rapport \u00e0 l\u2019enveloppe du b\u00e2timent afin d&#8217;identifier les possibilit\u00e9s d\u2019am\u00e9lioration des d\u00e9tails pour obtenir un meilleur rendement en service.<\/li>\n<li>Assurant au chantier un contr\u00f4le qualit\u00e9 des d\u00e9tails d\u2019enveloppe r\u00e9alis\u00e9s \u00e0 partir des documents de construction, des pratiques \u00e9tablies et des recommandations des manufacturiers, ceci afin d\u2019obtenir les performances optimales de l\u2019enveloppe du b\u00e2timent.<\/li>\n<li>R\u00e9alisant des essais de performance de l\u2019enveloppe et de la fenestration sur le terrain afin de valider la performance des assemblages d\u2019enveloppe construits par rapport aux crit\u00e8res de performance \u00e9tablis pour le projet.<\/li>\n<\/ul>\n<p>Gr\u00e2ce \u00e0 la vaste exp\u00e9rience individuelle et collective des membres de l\u2019\u00e9quipe de mise en service, nous sommes en mesure d\u2019offrir des services de mise en service de l\u2019enveloppe du b\u00e2timent pour vos projets en Am\u00e9rique du Nord.<\/p>\n<p><strong>Pourquoi UL<\/strong><\/p>\n<p>UL est une passerelle unique vers une gamme de services de v\u00e9rification, de consultation et de formation d\u00e9di\u00e9s \u00e0 l\u2019enveloppe du b\u00e2timent. Le r\u00e9seau d\u2019experts techniques d\u2019UL, ses installations d\u2019essai de pointe et ses relations de longue date avec les communaut\u00e9s de la conception et de la construction, les autorit\u00e9s r\u00e9glementaires, les leaders techniques de l\u2019industrie, les associations professionnelles et les universit\u00e9s aident les fabricants \u00e0 obtenir les certifications de conformit\u00e9 dont ils ont besoin pour concurrencer dans une cha\u00eene mondiale complexe et dans le secteur de la construction et de la conception pour \u00e9valuer et v\u00e9rifier des mat\u00e9riaux, des syst\u00e8mes et des structures pour enveloppe du b\u00e2timent avant, pendant et apr\u00e8s la construction.<\/p>\n","protected":false},"excerpt":{"rendered":"<p>UL vous offre le support dont vous avez besoin dans la conception de l\u2019enveloppe du b\u00e2timent et vous conseille afin d\u2019obtenir une durabilit\u00e9 maximale des syst\u00e8mes d\u2019enveloppe choisis. Vue d\u2019ensemble UL offre aux propri\u00e9taires, gestionnaires [&hellip;]<\/p>\n","protected":false},"author":294,"featured_media":0,"parent":27685,"menu_order":0,"comment_status":"closed","ping_status":"closed","template":"page-ulcp.php","meta":{"_acf_changed":false,"inline_featured_image":false,"footnotes":""},"class_list":["post-29213","page","type-page","status-publish","hentry"],"acf":[],"_links":{"self":[{"href":"https:\/\/canada.ul.com\/fr\/wp-json\/wp\/v2\/pages\/29213","targetHints":{"allow":["GET"]}}],"collection":[{"href":"https:\/\/canada.ul.com\/fr\/wp-json\/wp\/v2\/pages"}],"about":[{"href":"https:\/\/canada.ul.com\/fr\/wp-json\/wp\/v2\/types\/page"}],"author":[{"embeddable":true,"href":"https:\/\/canada.ul.com\/fr\/wp-json\/wp\/v2\/users\/294"}],"replies":[{"embeddable":true,"href":"https:\/\/canada.ul.com\/fr\/wp-json\/wp\/v2\/comments?post=29213"}],"version-history":[{"count":0,"href":"https:\/\/canada.ul.com\/fr\/wp-json\/wp\/v2\/pages\/29213\/revisions"}],"up":[{"embeddable":true,"href":"https:\/\/canada.ul.com\/fr\/wp-json\/wp\/v2\/pages\/27685"}],"wp:attachment":[{"href":"https:\/\/canada.ul.com\/fr\/wp-json\/wp\/v2\/media?parent=29213"}],"curies":[{"name":"wp","href":"https:\/\/api.w.org\/{rel}","templated":true}]}}