{"id":29114,"date":"2019-11-14T13:41:02","date_gmt":"2019-11-14T13:41:02","guid":{"rendered":"https:\/\/canada.ul.com\/?page_id=29114"},"modified":"2020-07-21T16:06:27","modified_gmt":"2020-07-21T16:06:27","slug":"entrainement-technique","status":"publish","type":"page","link":"https:\/\/canada.ul.com\/fr\/programmesulc\/performance-de-lenveloppe-du-batiment\/entrainement-technique\/","title":{"rendered":"Formations techniques"},"content":{"rendered":"<h4>FORMATIONS TECHNIQUES EN SCIENCE DU B\u00c2TIMENT<br \/>\n<strong>Bas\u00e9es sur le savoir &#8211; document\u00e9es par l&#8217;exp\u00e9rience &#8211; illustr\u00e9es par la pratique<\/strong><\/h4>\n<p>UL propose un \u00e9ventail de&nbsp;formations techniques aux divers intervenants de l&#8217;industrie du b\u00e2timent et de la s\u00e9curit\u00e9 des personnes,&nbsp;en mettant \u00e0 votre disposition&nbsp;les ressources p\u00e9dagogiques n\u00e9cessaires pour concevoir, construire et op\u00e9rer le cadre b\u00e2ti de fa\u00e7on s\u00e9curitaire et durable.<\/p>\n<p>Nous offrons des formations adapt\u00e9es aux&nbsp;besoins&nbsp;de votre entreprise:<\/p>\n<ul>\n<li>Nous pouvons vous accueillir \u00e0&nbsp;nos centres de formation et \u00e0 nos laboratoires d\u2019essais de Montr\u00e9al ou de&nbsp;Toronto &#8211; Canada<\/li>\n<li>Nos experts peuvent d\u00e9velopper des formations sur mesure qui seront pr\u00e9sent\u00e9es \u00e0 vos bureaux<\/li>\n<li>Il vous est possible, en tout temps, de&nbsp;visionner nos webinaires en mode asynchrone<\/li>\n<li>Nous vous accompagnons dans le d\u00e9veloppement et la r\u00e9alisation d&#8217;un&nbsp;plan global de formation<\/li>\n<\/ul>\n<p>Principaux champs&nbsp;d&#8217;expertise :<\/p>\n<ul>\n<li>Mat\u00e9riaux&nbsp;haute performance<\/li>\n<li>Syst\u00e8mes innovants<\/li>\n<li>Codes et normes<\/li>\n<li>Fen\u00eatres&nbsp;et jonctions<\/li>\n<li>Ma\u00e7onnerie<\/li>\n<li>Murs-rideaux<\/li>\n<li>Performance en service<\/li>\n<\/ul>\n<p>Quelques exemples de formations actuellement disponibles:<\/p>\n<p><span style=\"text-decoration: underline;\">FORMATIONS EN LIGNE EN ENVELOPPE DU B\u00c2TIMENT<\/span><\/p>\n<ul>\n<li>L&#8217;architecte et la r\u00e9sistance passive au feu des b\u00e2timents<\/li>\n<li>Essais et certification des composants&nbsp;des abris anti-temp\u00eate&nbsp;pour tornades et ouragans<\/li>\n<\/ul>\n<p><span style=\"text-decoration: underline;\">S\u00c9RIE&nbsp; DE WEBINAIRES SUR L&#8217;ENVELOPPE DU B\u00c2TIMENT<\/span><\/p>\n<ul>\n<li>Fondements Partie 1: Environnement, climat et exigences<\/li>\n<li>Fondements Partie 2: Principes physiques<\/li>\n<li>Plans d&#8217;\u00e9tanch\u00e9it\u00e9,&nbsp;codes, normes et proc\u00e9dures d&#8217;essais<\/li>\n<li>Typologie, assemblage et mat\u00e9riaux de l&#8217;enveloppe<\/li>\n<li>Condition, performance, conservation et innovation<\/li>\n<\/ul>\n<p><span style=\"text-decoration: underline;\">FORMATIONS PUBLIQUES OU PRIV\u00c9ES SUR L&#8217;ENVELOPPE DU B\u00c2TIMENT<\/span><\/p>\n<ul>\n<li>Exigences d&#8217;enveloppe de b\u00e2timent dans le CIB<\/li>\n<li>\u00c9valuation de performance en laboratoire et in situ des fen\u00eatres et des murs-rideaux de grands b\u00e2timents<\/li>\n<li>Protection contre les intemp\u00e9ries des murs ext\u00e9rieurs<\/li>\n<li>R\u00e9sistance passive&nbsp;au feu pour les architectes<\/li>\n<li>P\u00e9rim\u00e8tre de confinement d&#8217;incendie<\/li>\n<li>Consid\u00e9rations r\u00e9glementaires relatives \u00e0 la conception des composants d&#8217;un abri anti-temp\u00eate pour les tornades et les ouragans<\/li>\n<li>Comprendre les essais d&#8217;eau et d&#8217;air in situ des&nbsp;syst\u00e8mes de fenestration install\u00e9s<\/li>\n<li>Comprendre la port\u00e9e des tests de performance de l&#8217;enveloppe ext\u00e9rieure du b\u00e2timent<\/li>\n<\/ul>\n<p>UL est un fournisseur approuv\u00e9 par AIA \/ CES et IACET.<\/p>\n<p><img loading=\"lazy\" decoding=\"async\" src=\"http:\/\/lms.ulknowledgeservices.com\/Images\/Brand\/73\/iacet_small.jpg\" width=\"148\" height=\"91\">&nbsp;&nbsp;<img loading=\"lazy\" decoding=\"async\" src=\"http:\/\/lms.ulknowledgeservices.com\/images\/brand\/73\/AIA%20CES%20Logo%20in%20BLack%20PNG.png\" width=\"93\" height=\"87\"><\/p>\n<p>Vous ne trouvez&nbsp;pas la formation dont vous avez besoin ou vous avez des questions? Contactez-nous&nbsp;\u00e0 <a href=\"mailto:ULKnowledgeSolutions@ul.com\">ULKnowledgeSolutions@ul.com<\/a><\/p>\n<p>UL est reconnu par:<\/p>\n<p><img loading=\"lazy\" decoding=\"async\" class=\"alignleft size-medium wp-image-29135\" src=\"https:\/\/canada.ul.com\/wp-content\/uploads\/sites\/11\/2019\/11\/download-300x149.png\" alt=\"\" width=\"300\" height=\"149\" srcset=\"https:\/\/canada.ul.com\/wp-content\/uploads\/sites\/11\/2019\/11\/download-300x149.png 300w, https:\/\/canada.ul.com\/wp-content\/uploads\/sites\/11\/2019\/11\/download.png 319w\" sizes=\"auto, (max-width: 300px) 100vw, 300px\" \/><\/p>\n","protected":false},"excerpt":{"rendered":"<p>FORMATIONS TECHNIQUES EN SCIENCE DU B\u00c2TIMENT Bas\u00e9es sur le savoir &#8211; document\u00e9es par l&#8217;exp\u00e9rience &#8211; illustr\u00e9es par la pratique UL propose un \u00e9ventail de&nbsp;formations techniques aux divers intervenants de l&#8217;industrie du b\u00e2timent et de la [&hellip;]<\/p>\n","protected":false},"author":294,"featured_media":0,"parent":27685,"menu_order":0,"comment_status":"closed","ping_status":"closed","template":"page-ulcp.php","meta":{"_acf_changed":false,"inline_featured_image":false,"footnotes":""},"class_list":["post-29114","page","type-page","status-publish","hentry"],"acf":[],"_links":{"self":[{"href":"https:\/\/canada.ul.com\/fr\/wp-json\/wp\/v2\/pages\/29114","targetHints":{"allow":["GET"]}}],"collection":[{"href":"https:\/\/canada.ul.com\/fr\/wp-json\/wp\/v2\/pages"}],"about":[{"href":"https:\/\/canada.ul.com\/fr\/wp-json\/wp\/v2\/types\/page"}],"author":[{"embeddable":true,"href":"https:\/\/canada.ul.com\/fr\/wp-json\/wp\/v2\/users\/294"}],"replies":[{"embeddable":true,"href":"https:\/\/canada.ul.com\/fr\/wp-json\/wp\/v2\/comments?post=29114"}],"version-history":[{"count":0,"href":"https:\/\/canada.ul.com\/fr\/wp-json\/wp\/v2\/pages\/29114\/revisions"}],"up":[{"embeddable":true,"href":"https:\/\/canada.ul.com\/fr\/wp-json\/wp\/v2\/pages\/27685"}],"wp:attachment":[{"href":"https:\/\/canada.ul.com\/fr\/wp-json\/wp\/v2\/media?parent=29114"}],"curies":[{"name":"wp","href":"https:\/\/api.w.org\/{rel}","templated":true}]}}