{"id":29095,"date":"2019-11-14T13:30:40","date_gmt":"2019-11-14T13:30:40","guid":{"rendered":"https:\/\/canada.ul.com\/?page_id=29095"},"modified":"2025-04-25T19:44:33","modified_gmt":"2025-04-25T19:44:33","slug":"webinaires-a-la-demande","status":"publish","type":"page","link":"https:\/\/canada.ul.com\/fr\/programmesulc\/performance-de-lenveloppe-du-batiment\/webinaires-a-la-demande\/","title":{"rendered":"Webinaires sur demande"},"content":{"rendered":"<p>Vous trouverez ci-dessous une liste de webinaires gratuits, pr\u00e9sent\u00e9s par nos experts du secteur et cr\u00e9\u00e9s sp\u00e9cialement pour la communaut\u00e9 Enveloppe du b\u00e2timent. Vous pouvez y acc\u00e9der \u00e0 tout moment depuis votre ordinateur.<\/p>\n<p>Si vous avez des questions ou si vous souhaitez parler plus en d\u00e9tail de nos services \u00e0 une personne, veuillez nous contacter \u00e0 l&#8217;adresse <a href=\"enveloppedubatiment@ul.com\">enveloppedubatiment@ul.com<\/a>.<\/p>\n<hr \/>\n<p><strong>S\u00e9rie sur les principes de base de l&#8217;enveloppe du b\u00e2timent<\/strong><\/p>\n<p>La science du b\u00e2timent est en constante \u00e9volution, rythm\u00e9e par les d\u00e9fis actuels: efficacit\u00e9 \u00e9nerg\u00e9tique, adaptation au changement climatique, durabilit\u00e9, conservation et reconstruction du b\u00e2timent. Les mat\u00e9riaux et les techniques sont sophistiqu\u00e9s, bien s\u00fbr, et de plus en plus efficaces. Mais encore faut-il les contr\u00f4ler.<\/p>\n<p>\u00c0 cette fin, UL a d\u00e9velopp\u00e9 une s\u00e9rie de webinaires r\u00e9pondant aux exigences fondamentales de la pratique du b\u00e2timent et aux probl\u00e8mes contemporains de la science du b\u00e2timent, en utilisant une approche interactive et dynamique visant \u00e0 comprendre, savoir, int\u00e9grer et r\u00e9aliser.<\/p>\n<p><span style=\"text-decoration: underline;\"><strong>Cinq<\/strong> <strong>le\u00e7ons in\u00e9dites sur l&#8217;enveloppe &#8211; Module 1: Environnement, climat et exigences<\/strong><br \/>\n<\/span><a href=\"https:\/\/www.youtube.com\/watch?v=3-qOOuV3kaw&amp;feature=youtu.be+https%3A%2F%2Fwww.youtube.com%2Fwatch%3Fv%3D_OluZ1lacHo&amp;t=1s\">https:\/\/www.youtube.com\/watch?v=3-qOOuV3kaw&amp;feature=youtu.be+https%3A%2F%2Fwww.youtube.com%2Fwatch%3Fv%3D_OluZ1lacHo&amp;t=1s<\/a><\/p>\n<p>Notions fondamentales : environnement, climat, exigences;<br \/>\nL\u2019environnement et la sollicitation exerc\u00e9e sur l\u2019enveloppe;<br \/>\nMani\u00e8re dont s\u2019articule l\u2019enveloppe du b\u00e2timent;<br \/>\nExigences auxquelles doit r\u00e9pondre l\u2019enveloppe.<\/p>\n<p><strong><span style=\"text-decoration: underline;\">Cinq le\u00e7ons in\u00e9dites sur l\u2019enveloppe \u2013 Module 2 Principes physiques<\/span><br \/>\n<\/strong><a href=\"https:\/\/www.youtube.com\/watch?v=z9SXZsq_wrs&amp;feature=youtu.be\">https:\/\/www.youtube.com\/watch?v=z9SXZsq_wrs&amp;feature=youtu.be<\/a><\/p>\n<p>Principes physiques fondamentaux qui r\u00e9gissent les ph\u00e9nom\u00e8nes pr\u00e9sents dans l\u2019enveloppe du b\u00e2timent en relation avec l\u2019eau, l\u2019air, l\u2019humidit\u00e9 et la chaleur.<br \/>\nNotions relatives au comportement du feu et du bruit dans l\u2019enveloppe.<\/p>\n<p><strong><span style=\"text-decoration: underline;\">Cinq le\u00e7ons in\u00e9dites sur l\u2019enveloppe \u2013 Module 3 Les plans d\u2019\u00e9tanch\u00e9it\u00e9, les codes et les proc\u00e9dures d\u2019essais<\/span><br \/>\n<\/strong><a href=\"https:\/\/www.youtube.com\/watch?v=erbQr3G-Bb8\">https:\/\/lms.ulknowledgeservices.com\/catalog\/display.resource.aspx?resourceid=866884<\/a><\/p>\n<p>Divers m\u00e9canismes de contr\u00f4le de l\u2019enveloppe du b\u00e2timent et les modalit\u00e9s de mise en \u0153uvre;<br \/>\nOrganisation des assemblages, des codes et des normes qui les g\u00e8rent;<br \/>\nOutils d\u2019\u00e9valuation de l\u2019enveloppe disponibles.<\/p>\n<p><strong><span style=\"text-decoration: underline;\">Cinq le\u00e7ons in\u00e9dites sur l\u2019enveloppe \u2013 Module 4 Typologie, assemblages et mat\u00e9riaux de l\u2019enveloppe<\/span><br \/>\n<\/strong><a href=\"https:\/\/www.youtube.com\/watch?v=5OpzVYqC6Lk&amp;feature=youtu.be\">https:\/\/www.youtube.com\/watch?v=5OpzVYqC6Lk&amp;feature=youtu.be<\/a><\/p>\n<p>Diff\u00e9rentes approches constructives traditionnelles, actuelles et novatrices en mati\u00e8re d\u2019enveloppe du b\u00e2timent;<br \/>\nLes mat\u00e9riaux d\u2019assemblages et leurs propri\u00e9t\u00e9s\u00a0: avantages et limites;<br \/>\nEnjeux de l\u2019heure\u00a0: syst\u00e8mes v\u00e9g\u00e9talis\u00e9s et autres alternatives aux murs et toitures conventionnelles.<\/p>\n<p><strong><span style=\"text-decoration: underline;\">Cinq le\u00e7ons in\u00e9dites sur l\u2019enveloppe \u2013 Module 5 \u00c9tat, performance, conservation et innovation<\/span><br \/>\n<\/strong><a href=\"https:\/\/www.youtube.com\/watch?v=2VHi6CfY9_I&amp;t=3s\">https:\/\/www.youtube.com\/watch?v=2VHi6CfY9_I&amp;t=3s<\/a><\/p>\n<p>Performance et durabilit\u00e9 de l\u2019enveloppe du b\u00e2timent, tout au long de son cycle de vie;<br \/>\nEfficacit\u00e9 et innovation, d\u00e9t\u00e9rioration, v\u00e9tust\u00e9 et r\u00e9habilitation des \u00e9difices;<br \/>\nLes grands enjeux de la conservation et les strat\u00e9gies actuellement mise de l\u2019avant.<\/p>\n<p><strong><span style=\"text-decoration: underline;\">Test des \u00e9crans pare-pluie selon AAMA 508 et AAMA 509<\/span><br \/>\n<\/strong><a href=\"https:\/\/www.youtube.com\/watch?v=xDALJcYOS6g&amp;t=11s\">https:\/\/www.youtube.com\/watch?v=xDALJcYOS6g&amp;t=11s<\/a><\/p>\n<p>Aper\u00e7u des normes AAMA 508 et 509 et pr\u00e9sentation des d\u00e9tails sp\u00e9cifiques concernant les exigences des tests s\u2019y rattachant.<\/p>\n","protected":false},"excerpt":{"rendered":"<p>Vous trouverez ci-dessous une liste de webinaires gratuits, pr\u00e9sent\u00e9s par nos experts du secteur et cr\u00e9\u00e9s sp\u00e9cialement pour la communaut\u00e9 Enveloppe du b\u00e2timent. Vous pouvez y acc\u00e9der \u00e0 tout moment depuis votre ordinateur. Si vous [&hellip;]<\/p>\n","protected":false},"author":3,"featured_media":0,"parent":27685,"menu_order":0,"comment_status":"closed","ping_status":"closed","template":"page-ulcp.php","meta":{"_acf_changed":false,"inline_featured_image":false,"footnotes":""},"class_list":["post-29095","page","type-page","status-publish","hentry"],"acf":[],"_links":{"self":[{"href":"https:\/\/canada.ul.com\/fr\/wp-json\/wp\/v2\/pages\/29095","targetHints":{"allow":["GET"]}}],"collection":[{"href":"https:\/\/canada.ul.com\/fr\/wp-json\/wp\/v2\/pages"}],"about":[{"href":"https:\/\/canada.ul.com\/fr\/wp-json\/wp\/v2\/types\/page"}],"author":[{"embeddable":true,"href":"https:\/\/canada.ul.com\/fr\/wp-json\/wp\/v2\/users\/3"}],"replies":[{"embeddable":true,"href":"https:\/\/canada.ul.com\/fr\/wp-json\/wp\/v2\/comments?post=29095"}],"version-history":[{"count":2,"href":"https:\/\/canada.ul.com\/fr\/wp-json\/wp\/v2\/pages\/29095\/revisions"}],"predecessor-version":[{"id":36550,"href":"https:\/\/canada.ul.com\/fr\/wp-json\/wp\/v2\/pages\/29095\/revisions\/36550"}],"up":[{"embeddable":true,"href":"https:\/\/canada.ul.com\/fr\/wp-json\/wp\/v2\/pages\/27685"}],"wp:attachment":[{"href":"https:\/\/canada.ul.com\/fr\/wp-json\/wp\/v2\/media?parent=29095"}],"curies":[{"name":"wp","href":"https:\/\/api.w.org\/{rel}","templated":true}]}}