{"id":28422,"date":"2019-07-03T20:32:03","date_gmt":"2019-07-03T20:32:03","guid":{"rendered":"https:\/\/canada.ul.com\/?page_id=28422"},"modified":"2019-12-17T15:40:02","modified_gmt":"2019-12-17T15:40:02","slug":"systemes-dalerte-incendie-cours-deducation-continu","status":"publish","type":"page","link":"https:\/\/canada.ul.com\/fr\/programmesulc\/fireandsecurityalarmcertificateprograms\/systemes-dalerte-incendie-cours-deducation-continu\/","title":{"rendered":"SYST\u00c8MES D&#8217;ALERTE INCENDIE COURS D&#8217;\u00c9DUCATION CONTINU"},"content":{"rendered":"<p>ULC offre des programmes en ligne personnalis\u00e9s qui donnent droit \u00e0 des cr\u00e9dits d\u2019\u00e9ducation permanente. Ces cours sont applicables \u00e0 plusieurs r\u00f4les et niveaux dans une organisation, notamment les suivants:<\/p>\n<ul>\n<li>Autorit\u00e9s comp\u00e9tentes<\/li>\n<li>Ing\u00e9nieurs d&#8217;alarme incendie<\/li>\n<li>Fabricants d&#8217;alarme incendie<\/li>\n<li>Entreprises de services d&#8217;alarme incendie<\/li>\n<li>Techniciens d&#8217;alarme incendie<\/li>\n<\/ul>\n<p>Cours disponibles:<\/p>\n<p><a href=\"https:\/\/lms.ulknowledgeservices.com\/catalog\/display.resource.aspx?resourceid=1164534&amp;Culture=fr-ca\"><strong>CAN \/ ULC S536-04: Norme relative \u00e0 l&#8217;inspection et \u00e0 la mise \u00e0 l&#8217;essai de syst\u00e8mes d&#8217;alarme incendie<\/strong><\/a><\/p>\n<p>Au cours de trois modules, cette formation passera en revue les principales proc\u00e9dures d\u2019inspection et d\u2019essai d\u00e9crites dans la norme, en mettant l\u2019accent sur les rapports d\u00e9taill\u00e9s d\u2019inspection et d\u2019essais figurant \u00e0 l\u2019annexe E de la norme elle-m\u00eame.<\/p>\n<p><a href=\"https:\/\/lms.ulknowledgeservices.com\/catalog\/display.resource.aspx?resourceid=1037535&amp;Culture=fr-ca\"><strong>CAN \/ ULC S537: Norme canadienne pour la v\u00e9rification des syst\u00e8mes d&#8217;alarme incendie<\/strong><\/a><\/p>\n<p>Au cours de trois modules, cette formation passera en revue les principales proc\u00e9dures d\u2019inspection et d\u2019essai d\u00e9crites dans la norme, en mettant l\u2019accent sur les rapports de v\u00e9rification d\u00e9taill\u00e9s figurant \u00e0 l\u2019annexe C de la norme elle-m\u00eame.<\/p>\n<p>Pour en savoir plus sur ces cours ou sur d\u2019autres cours propos\u00e9s, <a href=\"https:\/\/lms.ulknowledgeservices.com\/home.aspx?Culture=fr-ca\">visitez le site Web UL Knowledge Solutions<\/a>.<\/p>\n","protected":false},"excerpt":{"rendered":"<p>ULC offre des programmes en ligne personnalis\u00e9s qui donnent droit \u00e0 des cr\u00e9dits d\u2019\u00e9ducation permanente. Ces cours sont applicables \u00e0 plusieurs r\u00f4les et niveaux dans une organisation, notamment les suivants: Autorit\u00e9s comp\u00e9tentes Ing\u00e9nieurs d&#8217;alarme incendie [&hellip;]<\/p>\n","protected":false},"author":294,"featured_media":0,"parent":962,"menu_order":0,"comment_status":"closed","ping_status":"closed","template":"page-ulcp.php","meta":{"_acf_changed":false,"inline_featured_image":false,"footnotes":""},"class_list":["post-28422","page","type-page","status-publish","hentry"],"acf":[],"_links":{"self":[{"href":"https:\/\/canada.ul.com\/fr\/wp-json\/wp\/v2\/pages\/28422","targetHints":{"allow":["GET"]}}],"collection":[{"href":"https:\/\/canada.ul.com\/fr\/wp-json\/wp\/v2\/pages"}],"about":[{"href":"https:\/\/canada.ul.com\/fr\/wp-json\/wp\/v2\/types\/page"}],"author":[{"embeddable":true,"href":"https:\/\/canada.ul.com\/fr\/wp-json\/wp\/v2\/users\/294"}],"replies":[{"embeddable":true,"href":"https:\/\/canada.ul.com\/fr\/wp-json\/wp\/v2\/comments?post=28422"}],"version-history":[{"count":0,"href":"https:\/\/canada.ul.com\/fr\/wp-json\/wp\/v2\/pages\/28422\/revisions"}],"up":[{"embeddable":true,"href":"https:\/\/canada.ul.com\/fr\/wp-json\/wp\/v2\/pages\/962"}],"wp:attachment":[{"href":"https:\/\/canada.ul.com\/fr\/wp-json\/wp\/v2\/media?parent=28422"}],"curies":[{"name":"wp","href":"https:\/\/api.w.org\/{rel}","templated":true}]}}