{"id":28119,"date":"2019-04-21T20:43:49","date_gmt":"2019-04-21T20:43:49","guid":{"rendered":"https:\/\/canada.ul.com\/?page_id=28119"},"modified":"2025-03-28T13:53:07","modified_gmt":"2025-03-28T13:53:07","slug":"explores","status":"publish","type":"page","link":"https:\/\/canada.ul.com\/fr\/programmesulc\/explores\/","title":{"rendered":"Certification ECOLOGO\u00ae pour l&#8217;exploration mini\u00e8re"},"content":{"rendered":"<h6>Premi\u00e8re certification compl\u00e8te \u00e0 l\u2019intention des entreprises d\u2019exploration mini\u00e8re et de leurs fournisseurs de services. Cette certification fournit une v\u00e9rification par une tierce partie quant \u00e0 l\u2019application des meilleures pratiques environnementales, sociales et \u00e9conomiques. Actuellement offerte partout au Canada.<\/h6>\n<p><a class=\"btn btn-primary\" style=\"color: #fff;\" role=\"button\" href=\"https:\/\/www.ul.com\/fr-ca\/contact-us#\" target=\"_blank\" rel=\"noopener noreferrer\">Nous joindre<\/a><\/p>\n<p><img loading=\"lazy\" decoding=\"async\" class=\"aligncenter wp-image-36395 size-large\" src=\"https:\/\/canada.ul.com\/wp-content\/uploads\/sites\/11\/2024\/10\/GettyImages-1174471635-beuatiful-landscape-1200x900-1-1024x767.jpg\" alt=\"Beautiful landscape\" width=\"1024\" height=\"767\" srcset=\"https:\/\/canada.ul.com\/wp-content\/uploads\/sites\/11\/2024\/10\/GettyImages-1174471635-beuatiful-landscape-1200x900-1-1024x767.jpg 1024w, https:\/\/canada.ul.com\/wp-content\/uploads\/sites\/11\/2024\/10\/GettyImages-1174471635-beuatiful-landscape-1200x900-1-300x225.jpg 300w, https:\/\/canada.ul.com\/wp-content\/uploads\/sites\/11\/2024\/10\/GettyImages-1174471635-beuatiful-landscape-1200x900-1-768x575.jpg 768w, https:\/\/canada.ul.com\/wp-content\/uploads\/sites\/11\/2024\/10\/GettyImages-1174471635-beuatiful-landscape-1200x900-1-347x260.jpg 347w, https:\/\/canada.ul.com\/wp-content\/uploads\/sites\/11\/2024\/10\/GettyImages-1174471635-beuatiful-landscape-1200x900-1-267x200.jpg 267w, https:\/\/canada.ul.com\/wp-content\/uploads\/sites\/11\/2024\/10\/GettyImages-1174471635-beuatiful-landscape-1200x900-1.jpg 1200w\" sizes=\"auto, (max-width: 1024px) 100vw, 1024px\" \/><\/p>\n<p><span style=\"color: #800000;\"><strong>VUE D\u2019ENSEMBLE<\/strong><\/span><\/p>\n<p>De par sa nature, l\u2019exploration mini\u00e8re peut perturber les \u00e9cosyst\u00e8mes naturels et les \u00e9conomies locales et avoir des effets au sein des communaut\u00e9s. En tant que secteur industriel parmi les plus importants au Canada, l\u2019exploration mini\u00e8re peut, selon les projets, avoir un impact consid\u00e9rable sur l\u2019\u00e9conomie et l\u2019environnement.<\/p>\n<p>R\u00e9pondant \u00e0 la demande du march\u00e9, l\u2019Association de l\u2019exploration mini\u00e8re du Qu\u00e9bec (AEMQ) a cherch\u00e9 \u00e0 mettre en \u0153uvre une norme permettant d\u2019\u00e9valuer le d\u00e9veloppement responsable dans l\u2019industrie de l\u2019exploration mini\u00e8re. L\u2019Universit\u00e9 du Qu\u00e9bec en Abitibi-T\u00e9miscamingue (UQAT) a cr\u00e9\u00e9 la norme pour favoriser l\u2019application des meilleures pratiques environnementales, sociales et \u00e9conomiques. Une fois la norme finalis\u00e9e, UL Solutions l\u2019a int\u00e9gr\u00e9e au programme de certification ECOLOGO\u00ae.<\/p>\n<p><a href=\"https:\/\/canada.ul.com\/wp-content\/uploads\/sites\/11\/2025\/01\/logos-b.jpg\"><img loading=\"lazy\" decoding=\"async\" class=\"alignleft wp-image-36479 size-full\" src=\"https:\/\/canada.ul.com\/wp-content\/uploads\/sites\/11\/2025\/01\/logos-b.jpg\" alt=\"UQAT, AEMQ and UL Solutions logos\" width=\"684\" height=\"71\" srcset=\"https:\/\/canada.ul.com\/wp-content\/uploads\/sites\/11\/2025\/01\/logos-b.jpg 684w, https:\/\/canada.ul.com\/wp-content\/uploads\/sites\/11\/2025\/01\/logos-b-300x31.jpg 300w, https:\/\/canada.ul.com\/wp-content\/uploads\/sites\/11\/2025\/01\/logos-b-400x42.jpg 400w, https:\/\/canada.ul.com\/wp-content\/uploads\/sites\/11\/2025\/01\/logos-b-680x71.jpg 680w\" sizes=\"auto, (max-width: 684px) 100vw, 684px\" \/><\/a><br \/>\n<!--\n\n\n<h3><a href=\"https:\/\/canada.ul.com\/wp-content\/uploads\/sites\/11\/2024\/11\/RCP24CS1864768-Branding_Ecologo_Certification_program-FR.pdf\" target=\"_blank\" rel=\"noopener\">T\u00e9l\u00e9chargez notre ressource<\/a><\/h3>\n\n\n<a href=\"https:\/\/canada.ul.com\/wp-content\/uploads\/sites\/11\/2024\/11\/RCP24CS1864768-Branding_Ecologo_Certification_program-FR.pdf\"><img loading=\"lazy\" decoding=\"async\" class=\"alignleft wp-image-36398\" src=\"https:\/\/canada.ul.com\/wp-content\/uploads\/sites\/11\/2024\/10\/1729255772-ulsolutions_icon_document_100x123.jpg\" alt=\"icon - document\" width=\"70\" height=\"86\" \/><\/a>\n--><\/p>\n<h3><\/h3>\n<h3><\/h3>\n<p>La norme \u00e9value les entreprises d\u2019exploration mini\u00e8re et leurs fournisseurs de services sur :<\/p>\n<ul>\n<li>\u00c9valuer l\u2019impact environnemental des activit\u00e9s des entreprises mini\u00e8res et leurs fournisseurs de services<\/li>\n<li>\u00c9valuer la s\u00e9curit\u00e9 des personnes impliqu\u00e9es dans le processus d\u2019exploration mini\u00e8re<\/li>\n<li>Assurer le bien-\u00eatre des communaut\u00e9s touch\u00e9es<\/li>\n<li>Adopter des pratiques \u00e9thiques et commerciales \u00e9quitables<\/li>\n<li>\u00c9valuer la conformit\u00e9 aux exigences l\u00e9gales applicables<\/li>\n<li>Assurer l\u2019utilisation\u00a0efficiente\u00a0des ressources financi\u00e8res<\/li>\n<\/ul>\n<p>Avec cette norme consensuelle qui a \u00e9t\u00e9 adapt\u00e9e par UL Solutions, les entreprises peuvent d\u00e9sormais obtenir la certification ECOLOGO\u00ae pour leurs activit\u00e9s d\u2019exploration mini\u00e8re. C\u2019est une v\u00e9rification cr\u00e9dible par une tierce partie dans le cadre d\u2019un programme d\u2019\u00e9co-\u00e9tiquetage mondialement reconnu, validant ainsi les pratiques responsables sur le march\u00e9 et d\u00e9montrant une valeur accrue aux investisseurs.<\/p>\n<p>Gr\u00e2ce \u00e0 un processus qui comprend des visites terrain et un examen approfondi de la documentation, la certification ECOLOGO\u00ae offre aux entreprises d\u2019exploration mini\u00e8re la visibilit\u00e9 dont elles ont besoin pour identifier, g\u00e9rer et promouvoir leur application des meilleures pratiques en termes de d\u00e9veloppement durable.<\/p>\n<p>Les entreprises peuvent demander la certification selon\u00a0ULC TS-2723:2024 Programme de certification ECOLOGO\u00ae pour le d\u00e9veloppement responsable de l\u2019industrie de l\u2019exploration mini\u00e8re.<\/p>\n<p><strong>Les entreprises sont \u00e9valu\u00e9es sur les exigences suivantes:<\/strong><\/p>\n<p><strong>Respect des exigences l\u00e9gales<\/strong><\/p>\n<p><strong>Respect des principes du d\u00e9veloppement durable dans la chaine de valeur<\/strong><\/p>\n<p><strong>Qualit\u00e9 de l\u2019environnement<\/strong><\/p>\n<ul>\n<li>Utilisation efficiente des ressources<\/li>\n<li>Qualit\u00e9 de l\u2019eau<\/li>\n<li>Qualit\u00e9 des sols<\/li>\n<li>Zones sensibles<\/li>\n<li>Reconnaissance des pr\u00e9occupations et accommodement des communaut\u00e9s autochtones<\/li>\n<\/ul>\n<p><strong>Qualit\u00e9 de vie<\/strong><\/p>\n<ul>\n<li>Reconnaissance des pr\u00e9occupations et accommodement des communaut\u00e9s<\/li>\n<li>Qualit\u00e9 de l\u2019environnement sonore et sensoriel<\/li>\n<li>Qualit\u00e9 de l\u2019environnement visuel<\/li>\n<li>Sant\u00e9 et s\u00e9curit\u00e9 des populations<\/li>\n<li>Patrimoine culturel<\/li>\n<\/ul>\n<p><strong>Approvisionnement local<\/strong><\/p>\n<ul>\n<li>S\u00e9lection de fournisseurs de services locaux et autochtones<\/li>\n<li>S\u00e9lection de main-d&#8217;\u0153uvre locale<\/li>\n<\/ul>\n<p><strong>Environnement de travail<\/strong><\/p>\n<ul>\n<li>Sant\u00e9 et s\u00e9curit\u00e9 au travail<\/li>\n<\/ul>\n<p><strong>\u00c9thique des affaires<\/strong><\/p>\n<ul>\n<li>Pr\u00e9vention de la corruption<\/li>\n<li>Diversit\u00e9 et responsabilit\u00e9 des membres du conseil d&#8217;administration, des cadres et des dirigeants<\/li>\n<\/ul>\n<p><strong>Transparence et reporting<\/strong><\/p>\n<ul>\n<li>Partage de l\u2019information<\/li>\n<\/ul>\n<p><strong>Innovation<\/strong><\/p>\n<ul>\n<li>Utilisation de technologies responsables<\/li>\n<\/ul>\n<p><strong>Efficience \u00e9conomique<\/strong><\/p>\n<ul>\n<li>Utilisation efficiente des ressources financi\u00e8res<\/li>\n<\/ul>\n<p><span style=\"color: #800000;\"><strong>AVANTAGES<\/strong><\/span><\/p>\n<p>La certification ECOLOGO\u00ae pour l\u2019exploration mini\u00e8re offre aux entreprises et \u00e0 leurs fournisseurs de services l\u2019occasion de v\u00e9rifier leurs pratiques responsables et leur capacit\u00e9 \u00e0 r\u00e9duire leur impact sur l\u2019environnement et le bien-\u00eatre des communaut\u00e9s touch\u00e9es. La certification permet aux entreprises de communiquer leurs engagements en faveur de l&#8217;environnement, de la sant\u00e9 et s\u00e9curit\u00e9, du bien-\u00eatre des communaut\u00e9s et de l\u2019efficience \u00e9conomique aux investisseurs et aux parties prenantes. En outre, le processus d\u2019audit approfondi peut donner une visibilit\u00e9 sur les activit\u00e9s de l\u2019entreprise et de ses fournisseurs, en identifiant rapidement les probl\u00e8mes potentiels afin qu\u2019ils puissent \u00eatre r\u00e9solus avant les pr\u00e9judices li\u00e9s \u00e0 la s\u00e9curit\u00e9, \u00e0 la soci\u00e9t\u00e9 ou \u00e0 l\u2019environnement. Les entreprises certifi\u00e9es peuvent b\u00e9n\u00e9ficier d&#8217;avantages suppl\u00e9mentaires, notamment via une meilleure perception des investisseurs et des allocations fiscales.<\/p>\n<p><span style=\"color: #800000;\"><strong>POURQUOI UL SOLUTIONS<\/strong><\/span><\/p>\n<p>Chef de file mondial dans le domaine des sciences appliqu\u00e9es \u00e0 la s\u00e9curit\u00e9, UL Solutions transforme les d\u00e9fis de la s\u00e9curit\u00e9 et du d\u00e9veloppement durable en v\u00e9ritables possibilit\u00e9s pour ses clients dans plus de 100 pays, y compris le Canada.<\/p>\n<p>UL Solutions fournit des services de test, d\u2019inspection et de certification, ainsi que des produits logiciels et des offres de conseil, qui soutiennent l\u2019innovation des produits et la croissance des activit\u00e9s de nos clients dans plusieurs secteurs.<\/p>\n<p>Les marques de certification d\u2019UL Solutions sont des symboles de confiance reconnus et refl\u00e8tent un engagement in\u00e9branlable \u00e0 faire progresser notre mission de s\u00e9curit\u00e9, y compris la conformit\u00e9 aux normes canadiennes.<\/p>\n<p>Nous aidons nos clients \u00e0 innover, \u00e0 lancer de nouveaux produits et services, \u00e0 \u00e9voluer sur des march\u00e9s mondiaux et des cha\u00eenes d\u2019approvisionnement complexes, et \u00e0 se d\u00e9velopper de mani\u00e8re durable et responsable dans le futur.<\/p>\n<p>De l\u2019adoption de l\u2019\u00e9lectrification \u00e0 la mise en place de la 5G et de la nouvelle mobilit\u00e9, nous nous tournons collectivement vers de nouvelles fronti\u00e8res, \u0153uvrant pour un monde plus s\u00fbr. Notre science est votre avantage.<\/p>\n<p>Pour obtenir une copie de la sp\u00e9cification technique ULC TS-2723:2024, ECOLOGO\u00ae programme de certification pour le d\u00e9veloppement responsable de l\u2019industrie de l\u2019exploration min\u00e9rale, veuillez cliquer <a href=\"https:\/\/canada.ul.com\/wp-content\/uploads\/sites\/11\/2024\/06\/ULC-Specification-technique-ULC-2723_FR-2024-06-10.pdf\">ici<\/a>.<\/p>\n<p>Pour consulter la liste des entreprises qui ont obtenu la certification ECOLOGO\u00ae pour le d\u00e9veloppement responsable de l&#8217;industrie de l&#8217;exploration mini\u00e8re, veuillez consulter <a href=\"https:\/\/spot.ul.com\/main-app\/products\/catalog\/?keywords=mineral+exploration\">la base de donn\u00e9es sur les produits durables SPOT<\/a>.<\/p>\n<p>&nbsp;<\/p>\n<h3>Pour en savoir plus sur la certification ECOLOGO\u00ae pour l\u2019exploration mini\u00e8re, veuillez t\u00e9l\u00e9charger la brochure du programme.<\/h3>\n<p><a href=\"https:\/\/canada.ul.com\/wp-content\/uploads\/sites\/11\/2025\/03\/RCP24CS1864768-Branding_Ecologo_Certification_program-24-FR-CA.pdf\"><img loading=\"lazy\" decoding=\"async\" class=\"alignleft wp-image-36398\" src=\"https:\/\/canada.ul.com\/wp-content\/uploads\/sites\/11\/2024\/10\/1729255772-ulsolutions_icon_document_100x123.jpg\" alt=\"icon - document\" width=\"70\" height=\"86\" \/><\/a><\/p>\n","protected":false},"excerpt":{"rendered":"<p>Premi\u00e8re certification compl\u00e8te \u00e0 l\u2019intention des entreprises d\u2019exploration mini\u00e8re et de leurs fournisseurs de services. Cette certification fournit une v\u00e9rification par une tierce partie quant \u00e0 l\u2019application des meilleures pratiques environnementales, sociales et \u00e9conomiques. Actuellement [&hellip;]<\/p>\n","protected":false},"author":69,"featured_media":36396,"parent":877,"menu_order":4,"comment_status":"closed","ping_status":"closed","template":"page-ulcp.php","meta":{"_acf_changed":false,"inline_featured_image":false,"footnotes":""},"class_list":["post-28119","page","type-page","status-publish","has-post-thumbnail","hentry"],"acf":[],"_links":{"self":[{"href":"https:\/\/canada.ul.com\/fr\/wp-json\/wp\/v2\/pages\/28119","targetHints":{"allow":["GET"]}}],"collection":[{"href":"https:\/\/canada.ul.com\/fr\/wp-json\/wp\/v2\/pages"}],"about":[{"href":"https:\/\/canada.ul.com\/fr\/wp-json\/wp\/v2\/types\/page"}],"author":[{"embeddable":true,"href":"https:\/\/canada.ul.com\/fr\/wp-json\/wp\/v2\/users\/69"}],"replies":[{"embeddable":true,"href":"https:\/\/canada.ul.com\/fr\/wp-json\/wp\/v2\/comments?post=28119"}],"version-history":[{"count":10,"href":"https:\/\/canada.ul.com\/fr\/wp-json\/wp\/v2\/pages\/28119\/revisions"}],"predecessor-version":[{"id":36534,"href":"https:\/\/canada.ul.com\/fr\/wp-json\/wp\/v2\/pages\/28119\/revisions\/36534"}],"up":[{"embeddable":true,"href":"https:\/\/canada.ul.com\/fr\/wp-json\/wp\/v2\/pages\/877"}],"wp:featuredmedia":[{"embeddable":true,"href":"https:\/\/canada.ul.com\/fr\/wp-json\/wp\/v2\/media\/36396"}],"wp:attachment":[{"href":"https:\/\/canada.ul.com\/fr\/wp-json\/wp\/v2\/media?parent=28119"}],"curies":[{"name":"wp","href":"https:\/\/api.w.org\/{rel}","templated":true}]}}