{"id":27761,"date":"2019-02-12T15:16:00","date_gmt":"2019-02-12T15:16:00","guid":{"rendered":"https:\/\/canada.ul.com\/?page_id=27761"},"modified":"2019-05-29T15:45:18","modified_gmt":"2019-05-29T15:45:18","slug":"bulletins-sur-les-normes-2018-2","status":"publish","type":"page","link":"https:\/\/canada.ul.com\/fr\/normesulc\/standardsbulletins\/bulletins-sur-les-normes-2018-2\/","title":{"rendered":"Bulletins Sur les Normes 2019"},"content":{"rendered":"<p><a href=\"https:\/\/canada.ul.com\/wp-content\/uploads\/sites\/11\/2019\/02\/ULC-S520-Standards-Bulletin-FR-01-25-19.pdf\">Bulletin sur les normes 2019-01 CAN\/ULC-S520:2016, Norme sur les poteaux d&#8217;incendie<\/a><\/p>\n<p><a href=\"https:\/\/canada.ul.com\/wp-content\/uploads\/sites\/11\/2019\/02\/Standards_Bulletin_2019-02_S1088-2015-REV1_fr.pdf\">Bulletin sur les normes 2019-02 CAN\/ULC-S1088:2015, Norme sur les jeux de lumi\u00e8res temporaires<\/a><\/p>\n<p><a href=\"https:\/\/canada.ul.com\/wp-content\/uploads\/sites\/11\/2019\/03\/Standards-Bulletin_2019-03_S601_FR.pdf\">Bulletin sur les normes 2019-03 CAN-ULC-S601-14-REV1, Norme Sur Les R\u00e9servoirs Hors Sol en Acier Fabriqu\u00e9s en Usine Pour Liquides Inflammables et Combustibles<\/a><\/p>\n<p><a href=\"https:\/\/canada.ul.com\/wp-content\/uploads\/sites\/11\/2019\/03\/Standards-Bulletin_2019-04_S602_FR.pdf\">Bulletin sur les normes 2019-04 CAN\/ULC-S602-14-REV1, Norme sur les r\u00e9servoirs en acier non enterr\u00e9s pour le mazout et l&#8217;huile lubrifiante<\/a><\/p>\n<p><a href=\"https:\/\/canada.ul.com\/wp-content\/uploads\/sites\/11\/2019\/03\/Standards-Bulletin_2019-05_S603_FR.pdf\">Bulletin sur les normes 2019-05 CAN\/ULC-S603-14-REV1, Norme sur les r\u00e9servoirs souterrains en acier pour les liquides inflammables et combustibles<\/a><\/p>\n<p><a href=\"https:\/\/canada.ul.com\/wp-content\/uploads\/sites\/11\/2019\/03\/Standards-Bulletin_2019-06_S603.1_FR.pdf\">Bulletin sur les normes 2019-06 CAN\/ULC-S603.1-17-REV1, Norme sur les syst\u00e8mes de protection contre la corrosion ext\u00e9rieure des r\u00e9servoirs enterr\u00e9s en acier pour les liquides inflammables et combustibles<\/a><\/p>\n<p><a href=\"https:\/\/canada.ul.com\/wp-content\/uploads\/sites\/11\/2019\/03\/Standards-Bulletin_2019-07_S652_FR.pdf\">Bulletin sur les normes 2019-07 CAN\/ULC-S652-16-REV1, Norme sur les ensembles r\u00e9servoirs destin\u00e9s \u00e0 la collecte, au stockage et \u00e0 l&#8217;enl\u00e8vement de l&#8217;huile usag\u00e9e<\/a><\/p>\n<p><a href=\"https:\/\/canada.ul.com\/wp-content\/uploads\/sites\/11\/2019\/03\/Standards-Bulletin_2019-08_S653_FR.pdf\">Bulletin sur les normes 2019-08 CAN\/ULC-S653-16-REV1, Norme sur les ensembles r\u00e9servoirs de confinement en acier horizontaux hors sol pour les liquides inflammables et combustibles<\/a><\/p>\n<p><a href=\"https:\/\/canada.ul.com\/wp-content\/uploads\/sites\/11\/2019\/03\/Standards-Bulletin_2019-09_S655_FR.pdf\">Bulletin sur les normes 2019-09 CAN\/ULC-S655-15-REV1, Norme sur les ensembles r\u00e9servoirs prot\u00e9g\u00e9s hors sol pour les liquides inflammables et combustibles<\/a><\/p>\n<p><a href=\"https:\/\/canada.ul.com\/wp-content\/uploads\/sites\/11\/2019\/03\/Standards-Bulletin_2019-10_S656_FR.pdf\">Bulletin sur les normes 2019-10 CAN\/ULC-S656-14-REV1, Norme sur les s\u00e9parateurs huile-eau<\/a><\/p>\n<p><a href=\"https:\/\/canada.ul.com\/wp-content\/uploads\/sites\/11\/2019\/03\/Standards-Bulletin_2019-11_2258_FR.pdf\">Bulletin sur les normes 2019-11 ANSI\/CAN\/UL\/ULC 2258:2018,  Norme Sur Les R\u00e9servoirs Non M\u00e9talliques Hors Sol Pour Le Mazout At Autres Liquides Combustibles<\/a><\/p>\n<p><a href=\"https:\/\/canada.ul.com\/wp-content\/uploads\/sites\/11\/2019\/03\/Standards-Bulletin_2019-12_1316_FR.pdf\">Bulletin sur les normes 2019-12 ANSI\/CAN\/UL\/ULC 1316:2018,  Norme Sur Les R\u00e9servoirs Souterrains En Plastique Renfor\u00e9 Pour Les Liquides Inflammable Et Combustibles<\/a><\/p>\n<p><a href=\"https:\/\/canada.ul.com\/wp-content\/uploads\/sites\/11\/2019\/03\/Standards-Bulletin_2019-13_S677_FR.pdf\">Bulletin sur les normes 2019-13 CAN\/ULC-S677-14-REV1, Norme sur les ensembles r\u00e9servoirs hors sol r\u00e9sistant au feu pour les liquides inflammables et combustibles<\/a><\/p>\n<p><a href=\"https:\/\/canada.ul.com\/wp-content\/uploads\/sites\/11\/2019\/03\/Standards-Bulletin_2019-14_S668_FR.pdf\">Bulletin sur les normes 2019-14 CAN\/ULC-S668-12-REV1, Norme sur les membranes de confinement secondaire pour les r\u00e9servoirs de stockage de liquides inflammables et de liquides combustibles hors sol<\/a><\/p>\n<p><a href=\"https:\/\/canada.ul.com\/wp-content\/uploads\/sites\/11\/2019\/03\/Standards-Bulletin_2019-15_S675.1_FR.pdf\">Bulletin sur les normes 2019-15 CAN\/ULC-S675.1-14-REV2, Norme sur les dispositifs de d\u00e9tection des fuites volum\u00e9triques pour les r\u00e9servoirs de stockage souterrains et hors sol de liquides inflammables et combustibles<\/a><\/p>\n<p><a href=\"https:\/\/canada.ul.com\/wp-content\/uploads\/sites\/11\/2019\/03\/Standards-Bulletin_2019-16_S675.2_FR.pdf\">Bulletin sur les normes 2019-16 CAN\/ULC-S675.2-14-REV2, Norme sur les dispositifs de d\u00e9tection des fuites de pr\u00e9cision non volum\u00e9triques pour les r\u00e9servoirs de stockage et les tuyauteries, souterrains et hors sol, de liquides inflammables et combustibles<\/a><\/p>\n<p><a href=\"https:\/\/canada.ul.com\/wp-content\/uploads\/sites\/11\/2019\/03\/Standards-Bulletin_2019-17_180_FR.pdf\">Bulletin sur les normes 2019-17 ANSI\/CAN\/UL\/ULC 180:2019, Norme sur les accessoires de r\u00e9servoirs pour liquides combustibles<\/a><\/p>\n<p><a href=\"https:\/\/canada.ul.com\/wp-content\/uploads\/sites\/11\/2019\/04\/Standards_Bulletin_2019-18_S101-14-REV1_FR.pdf\">Bulletin sur les normes 2019-18 CAN\/ULC-S101-14-REV1, M\u00e9thodes d&#8217;essai normalis\u00e9es de r\u00e9sistance au feu pour les b\u00e2timents et les mat\u00e9riaux de construction<\/a><\/p>\n<p><a href=\"https:\/\/canada.ul.com\/wp-content\/uploads\/sites\/11\/2019\/04\/Standards_Bulletin_2019-19_S102-18-REV1_FR.pdf\">Bulletin sur les normes 2019-19 CAN\/ULC-S102:2018-REV1, M\u00e9thode d&#8217;essai normalis\u00e9e caract\u00e9ristiques de combustion superficielle des mat\u00e9riaux de construction et assemblages<\/a><\/p>\n<p><a href=\"https:\/\/canada.ul.com\/wp-content\/uploads\/sites\/11\/2019\/04\/Standards_Bulletin_2019-20_S102.2-18-REV1_FR.pdf\">Bulletin sur les normes 2019-20 CAN\/ULC-S102.2:2018-REV1, M\u00e9thode d&#8217;essai normalis\u00e9e caract\u00e9ristiques de combustion superficielle des rev\u00eatements de sol et des divers mat\u00e9riaux de construction et assemblages<\/a><\/p>\n<p><a href=\"https:\/\/canada.ul.com\/wp-content\/uploads\/sites\/11\/2019\/04\/Standards_Bulletin_2019-21_S107-19_FR.pdf\">Bulletin sur les normes 2019-21 CAN\/ULC-S107:2019, M\u00e9thodes normalis\u00e9es d&#8217;essai de r\u00e9sistance au feu des mat\u00e9riaux de couverture<\/a><\/p>\n<p><a href=\"https:\/\/canada.ul.com\/wp-content\/uploads\/sites\/11\/2019\/04\/Standards_Bulletin_2019-23_S4400-2019_FR.pdf\">Bulletin sur les normes 2019-23 CAN\/ULC-S4400:2019, sur la s\u00e9curit\u00e9 des locaux, des b\u00e2timents et de l&#8217;\u00e9quipement utilis\u00e9s pour la culture, la transformation et la production du cannabis.<\/a><\/p>\n<p><a href=\"https:\/\/canada.ul.com\/wp-content\/uploads\/sites\/11\/2019\/04\/Standards_Bulletin_2019-24_S716.1-19_FR.pdf\">Bulletin sur les normes 2019-24 CAN\/ULC-S716.1:2019, Norme pour les syst\u00e8mes d&#8217;isolation et de finition ext\u00e9rieurs (syst\u00e8mes SIFE) &#8211; mat\u00e9riaux et syst\u00e8mes <\/a><\/p>\n<p><a href=\"https:\/\/canada.ul.com\/wp-content\/uploads\/sites\/11\/2019\/05\/Standards_Bulletin_2019-25_S716.2-19_FR.pdf\">Bulletin sur les normes 2019-25 CAN\/ULC-S716.2:2019, Norme pour les syst\u00e8mes d&#8217;isolation et de finition ext\u00e9rieurs (syst\u00e8mes SIFE) &#8211; Installation des composants des syst\u00e8mes SIFE et de la barri\u00e8re r\u00e9sistant \u00e0 l&#8217;eau <\/a><\/p>\n<p><a href=\"https:\/\/canada.ul.com\/wp-content\/uploads\/sites\/11\/2019\/04\/Standards_Bulletin_2019-26_S716.3-19_FR.pdf\"> Bulletin sur les normes 2019-26 CAN\/ULC-S716.3:2019, Norme pour les syst\u00e8mes d&#8217;isolation et de finition ext\u00e9rieurs (syst\u00e8mes SIFE) &#8211; Application de la conception<\/a><\/p>\n<p><a href=\"https:\/\/canada.ul.com\/wp-content\/uploads\/sites\/11\/2019\/04\/Standards_Bulletin_2019-27_S632_FR.pdf\">Bulletin sur les normes 2019-27 CAN\/ULC-S632:2019, Norme sur les \u00e9crans thermiques.<\/a><\/p>\n<p><a href=\"https:\/\/canada.ul.com\/wp-content\/uploads\/sites\/11\/2019\/04\/Standards_Bulletin_2019-28_S527-2019_FR.pdf\">Bulletin sur les normes 2019-28 CAN\/ULC-S527:2019, norme sur les postes de contr\u00f4le pour les syst\u00e8mes d\u2019alarme incendie<\/a><\/p>\n<p><a href=\"https:\/\/canada.ul.com\/wp-content\/uploads\/sites\/11\/2019\/04\/Standards_Bulletin_2019-01_1254-19_EN.pd\">Bulletin sur les normes 2019-29 CAN\/ULC-S1254:2019, Norme de systemes d&#8217;extinction d&#8217;incendie a poudres chimiques precalcules<\/a><\/p>\n<p><a href=\"https:\/\/canada.ul.com\/wp-content\/uploads\/sites\/11\/2019\/05\/Standards-Bulletin-S531-19-33-FR.pdf\">Bulletin sur les normes 2019-33 CAN\/ULC-S531:2019,  Norme sur les avertisseurs de fum\u00e9e <\/a><\/p>\n","protected":false},"excerpt":{"rendered":"<p>Bulletin sur les normes 2019-01 CAN\/ULC-S520:2016, Norme sur les poteaux d&#8217;incendie Bulletin sur les normes 2019-02 CAN\/ULC-S1088:2015, Norme sur les jeux de lumi\u00e8res temporaires Bulletin sur les normes 2019-03 CAN-ULC-S601-14-REV1, Norme Sur Les R\u00e9servoirs Hors [&hellip;]<\/p>\n","protected":false},"author":275,"featured_media":0,"parent":942,"menu_order":39,"comment_status":"open","ping_status":"closed","template":"","meta":{"_acf_changed":false,"inline_featured_image":false,"footnotes":""},"class_list":["post-27761","page","type-page","status-publish","hentry"],"acf":[],"_links":{"self":[{"href":"https:\/\/canada.ul.com\/fr\/wp-json\/wp\/v2\/pages\/27761","targetHints":{"allow":["GET"]}}],"collection":[{"href":"https:\/\/canada.ul.com\/fr\/wp-json\/wp\/v2\/pages"}],"about":[{"href":"https:\/\/canada.ul.com\/fr\/wp-json\/wp\/v2\/types\/page"}],"author":[{"embeddable":true,"href":"https:\/\/canada.ul.com\/fr\/wp-json\/wp\/v2\/users\/275"}],"replies":[{"embeddable":true,"href":"https:\/\/canada.ul.com\/fr\/wp-json\/wp\/v2\/comments?post=27761"}],"version-history":[{"count":0,"href":"https:\/\/canada.ul.com\/fr\/wp-json\/wp\/v2\/pages\/27761\/revisions"}],"up":[{"embeddable":true,"href":"https:\/\/canada.ul.com\/fr\/wp-json\/wp\/v2\/pages\/942"}],"wp:attachment":[{"href":"https:\/\/canada.ul.com\/fr\/wp-json\/wp\/v2\/media?parent=27761"}],"curies":[{"name":"wp","href":"https:\/\/api.w.org\/{rel}","templated":true}]}}