{"id":27685,"date":"2019-01-30T20:47:03","date_gmt":"2019-01-30T20:47:03","guid":{"rendered":"https:\/\/canada.ul.com\/?page_id=27685"},"modified":"2024-05-16T17:18:37","modified_gmt":"2024-05-16T17:18:37","slug":"performance-de-lenveloppe-du-batiment","status":"publish","type":"page","link":"https:\/\/canada.ul.com\/fr\/programmesulc\/performance-de-lenveloppe-du-batiment\/","title":{"rendered":"B\u00e2timent &#8211; performance de l&#8217;enveloppe"},"content":{"rendered":"<h6><span style=\"color: #800000;\">UL offre \u00e0 pr\u00e9sent au march\u00e9 de la construction de l\u2019Ontario, des essais de rendement sur prototypes\u00a0et des essais de fenestration dans une installation \u00e0 la fine pointe de la technologie situ\u00e9e\u00a0\u00e0<\/span><span style=\"color: #800000;\"> Toronto.<\/span><\/h6>\n<p>Garantissez \u00e0 vos clients que vos syst\u00e8mes d\u2019enveloppe et vos produits de fenestration r\u00e9pondent aux exigences d\u00e9finies!<\/p>\n<p><a class=\"btn btn-primary\" style=\"color: #fff;\" role=\"button\" href=\"https:\/\/www.ul.com\/fr-ca\/contact-us\" target=\"_blank\" rel=\"noopener noreferrer\">Nous joindre<\/a><\/p>\n<p><a href=\"https:\/\/canada.ul.com\/wp-content\/uploads\/sites\/11\/2024\/05\/Building-Envelope-Canada-website-b.jpg\"><img loading=\"lazy\" decoding=\"async\" class=\"alignnone wp-image-36099 size-large\" src=\"https:\/\/canada.ul.com\/wp-content\/uploads\/sites\/11\/2024\/05\/Building-Envelope-Canada-website-b-1024x683.jpg\" alt=\"Canada testing lab\" width=\"1024\" height=\"683\" srcset=\"https:\/\/canada.ul.com\/wp-content\/uploads\/sites\/11\/2024\/05\/Building-Envelope-Canada-website-b-1024x683.jpg 1024w, https:\/\/canada.ul.com\/wp-content\/uploads\/sites\/11\/2024\/05\/Building-Envelope-Canada-website-b-300x200.jpg 300w, https:\/\/canada.ul.com\/wp-content\/uploads\/sites\/11\/2024\/05\/Building-Envelope-Canada-website-b-768x512.jpg 768w, https:\/\/canada.ul.com\/wp-content\/uploads\/sites\/11\/2024\/05\/Building-Envelope-Canada-website-b-1536x1024.jpg 1536w, https:\/\/canada.ul.com\/wp-content\/uploads\/sites\/11\/2024\/05\/Building-Envelope-Canada-website-b-2048x1365.jpg 2048w, https:\/\/canada.ul.com\/wp-content\/uploads\/sites\/11\/2024\/05\/Building-Envelope-Canada-website-b-390x260.jpg 390w\" sizes=\"auto, (max-width: 1024px) 100vw, 1024px\" \/><\/a><\/p>\n<p><strong><span style=\"color: #800000;\">Essais de performance sur\u00a0prototypes des\u00a0syst\u00e8mes d\u2019enveloppe<\/span><\/strong><\/p>\n<p>Le laboratoire de prototypes convient \u00e0 n\u2019importe quel assemblage mural \u00e0 pleine \u00e9chelle, y compris des fen\u00eatres et des murs-rideaux. Situ\u00e9 \u00e0 l\u2019int\u00e9rieur d\u2019une installation de 7200\u00a0pieds carr\u00e9s, le laboratoire est \u00e9quip\u00e9 d\u2019un pont roulant de 50\u00a0tonnes et peut mettre \u00e0 l\u2019essai des \u00e9chantillons dont la hauteur peut atteindre 40\u00a0pieds. Il compte ainsi parmi les plus grandes installations int\u00e9rieures au Canada.<\/p>\n<p>Notre \u00e9quipe peut effectuer divers essais dans des conditions m\u00e9t\u00e9orologiques extr\u00eames, dont\u00a0: l&#8217;infiltration d\u2019air, la p\u00e9n\u00e9tration d\u2019eau (statique et dynamique), les\u00a0charges dues au vent, le cyclage thermique, la condensation, le d\u00e9placement d\u00fb aux forces sismiques, l&#8217;impact de missiles, l&#8217;entr\u00e9e par effraction et le rendement des ancrages, des rondelles et des boulons.<\/p>\n<p><strong>Nous pouvons r\u00e9aliser des\u00a0essais de conformit\u00e9 aux normes\u00a0suivantes\u00a0:<\/strong><\/p>\n<ul>\n<li>AAMA, ASTM, FBC TAS, EN<\/li>\n<li>Sp\u00e9cifications relatives aux projets<\/li>\n<\/ul>\n<p><strong><span style=\"color: #800000;\">Rendement des produits de fenestration et essais de s\u00e9curit\u00e9<\/span><\/strong><\/p>\n<p>Le laboratoire de fenestration dispose de l\u2019\u00e9quipement pour mettre \u00e0 l\u2019essai n\u2019importe quel \u00e9chantillon de fen\u00eatre, de porte et de puits de lumi\u00e8re dans des conditions de pluie, de temp\u00e9ratures extr\u00eames, d\u2019ensoleillement et de forts vents, y compris les ouragans et les tornades.<\/p>\n<p><strong>Nous pouvons r\u00e9aliser des\u00a0essais de conformit\u00e9 aux\u00a0normes suivantes\u00a0:<\/strong><\/p>\n<ul>\n<li>CSA, AAMA, ASTM, ULC, NAFS, NFRC<\/li>\n<\/ul>\n<p><strong><span style=\"color: #800000;\">Des experts exploitant la gamme compl\u00e8te de capacit\u00e9s d\u2019essai<\/span><\/strong><\/p>\n<p>Depuis plus de 30\u00a0ans, notre \u00e9quipe dynamique et hautement\u00a0sp\u00e9cialis\u00e9e est au service d\u2019architectes, de propri\u00e9taires de b\u00e2timents, de fabricants et d\u2019installateurs de l&#8217;industrie de la construction de b\u00e2timents.<\/p>\n<p>Vous pouvez compter sur nos experts techniques pour mettre \u00e0 l\u2019essai vos produits de fenestration vos murs-rideaux et vos prototypes de fa\u00e7ade selon une vaste gamme de normes.<\/p>\n<p><strong><span style=\"color: #800000;\">Pourquoi choisir UL?<\/span><\/strong><\/p>\n<p>Nous sommes un guichet unique offrant des services d\u2019essais et de formation en enveloppe du b\u00e2timent. Notre r\u00e9seau d\u2019experts techniques, nos installations d\u2019essais \u00e0 la fine pointe de la technologie et nos relations de longue dur\u00e9e avec la communaut\u00e9 de conception et de construction, les autorit\u00e9s r\u00e9glementaires, les chefs de file techniques de l\u2019industrie, les associations professionnelles et les universit\u00e9s aident les fabricants \u00e0 obtenir les accr\u00e9ditations en mati\u00e8re de conformit\u00e9 dont ils ont besoin pour \u00eatre \u00e0 la hauteur de la concurrence au sein d\u2019une cha\u00eene d\u2019approvisionnement mondiale complexe et de la communaut\u00e9 de conception et de construction.<\/p>\n<p><strong>Des connaissances dignes de confiance<\/strong> \u2013 Dans le cas de la communaut\u00e9 de conception, de construction, de consultants et de propri\u00e9taires, vous pouvez compter sur nos vastes connaissances et notre solide exp\u00e9rience en enveloppe du b\u00e2timent afin d\u2019\u00e9valuer et de valider la conception, les mat\u00e9riaux et le rendement de vos composants de fa\u00e7ades de b\u00e2timent, de vos syst\u00e8mes et de vos structures.<\/p>\n<p><strong>Rayonnement et acc\u00e8s \u00e0 l\u2019international<\/strong> \u2013 Dans le cas des fabricants de produits, le personnel exp\u00e9riment\u00e9 de UL leur fournira des conseils d\u00e8s la premi\u00e8re phase de conception du d\u00e9veloppement de produits, jusqu\u2019aux phases d\u2019essais et de production. Nos experts peuvent vous aider \u00e0 comprendre les exigences en mati\u00e8re de certification pour vos march\u00e9s sp\u00e9cifiques, et ils vous fourniront les services d\u2019essais et de certification dont vous avez besoin pour satisfaire \u00e0 ces exigences.<\/p>\n<p><strong>Rapidit\u00e9 et efficacit\u00e9<\/strong> \u2013 Nos syst\u00e8mes \u00e9conomiques et nos installations \u00e0 la fine pointe de la technologie vous permettent de r\u00e9duire la paperasse et de minimiser vos d\u00e9lais de mise en march\u00e9.<\/p>\n<p><strong>Homologation compl\u00e8te<\/strong> \u2013 Comme UL est enti\u00e8rement homologu\u00e9e, les rapports d\u2019essai sont accept\u00e9s par tous les principaux organismes de certification en Am\u00e9rique du Nord, assurant ainsi la rapidit\u00e9 et l\u2019efficacit\u00e9 de la mise en march\u00e9 de vos produits.<\/p>\n<p><strong>Notre gamme de services compl\u00e8te comprend\u00a0:<\/strong><\/p>\n<ul>\n<li>Essais sur le terrain<\/li>\n<li>Essais sur les mat\u00e9riaux et les assemblages<\/li>\n<li>Essais de simulation et de rendement thermique<\/li>\n<\/ul>\n<p><strong>Pour obtenir des renseignements suppl\u00e9mentaires, veuillez consulter le site <a href=\"http:\/\/www.ul.com\/enveloppedubatiment\" target=\"_blank\" rel=\"noopener\">ul.com\/enveloppedubatiment<\/a> ou communiquer avec nous par courriel \u00e0 l\u2019adresse <a href=\"mailto:enveloppedubatiment@ul.com\" target=\"_blank\" rel=\"noopener\">enveloppedubatiment@ul.com<\/a> ou par t\u00e9l\u00e9phone en composant le <span class=\"baec5a81-e4d6-4674-97f3-e9220f0136c1\">855-353-2532<a style=\"margin: 0px; border: currentColor; width: 16px; height: 16px; overflow: hidden; vertical-align: middle; float: none;\" title=\"Call: 855-353-2532\" href=\"#\"><img decoding=\"async\" style=\"margin: 0px; border: currentColor; width: 16px; height: 16px; overflow: hidden; vertical-align: middle; float: none;\" title=\"Call: 855-353-2532\" src=\"image\/png;base64,iVBORw0KGgoAAAANSUhEUgAAABAAAAAQCAYAAAAf8\/9hAAABcklEQVR4XpXTPUvDUBTH4aR2c2hBQXGpTiIORhBcBOvgYKf0Awi+4Ggr1MVPIIrYdnEpShddHIyLi6AVXVxsRRDRwbi4KNgu4lCIv8i\/i6QRDzycy+09555LqOl5nhEUptPoJe1iDHU8oYlrlDw79m4QEbSLPexzsIc8hDRm8YBjLpj4q8EgxQdab+MNd4ghhQ2adIc1+ORAFEnWWfTDRp7GDfImlsIavKALLuqoqMGUCs4wHtagiQ5uc8kDyCOBKlP1k78QNTOZnMXCQRxWsbjl6iuskV41SQG2Gj9rikvcR1WcgKFDBa1LOEUK56hqv8BUFV3SGWkVS9JQ6Dsv4wQ1DKMPORUvkm78BhdQMI1CTa5I0yrcwSFqFD+SZ7DQesIkCG5S\/JpkHYERQRmuNsrZ7Grc+Ef8\/Bcoslkfae8Wc7CUHZ++TuAEBj86pHntjaDKXllPy6PW\/gkKFaThwp\/K87N8hDcQTTKKFTioSxqB8Q2BNX5JtAljwgAAAABJRU5ErkJggg==\" \/><\/a><\/span>.<\/strong><\/p>\n<p>&nbsp;<\/p>\n","protected":false},"excerpt":{"rendered":"<p>UL offre \u00e0 pr\u00e9sent au march\u00e9 de la construction de l\u2019Ontario, des essais de rendement sur prototypes\u00a0et des essais de fenestration dans une installation \u00e0 la fine pointe de la technologie situ\u00e9e\u00a0\u00e0 Toronto. Garantissez \u00e0 [&hellip;]<\/p>\n","protected":false},"author":69,"featured_media":36099,"parent":877,"menu_order":2,"comment_status":"closed","ping_status":"closed","template":"page-ulcp.php","meta":{"_acf_changed":false,"inline_featured_image":false,"footnotes":""},"class_list":["post-27685","page","type-page","status-publish","has-post-thumbnail","hentry"],"acf":[],"_links":{"self":[{"href":"https:\/\/canada.ul.com\/fr\/wp-json\/wp\/v2\/pages\/27685","targetHints":{"allow":["GET"]}}],"collection":[{"href":"https:\/\/canada.ul.com\/fr\/wp-json\/wp\/v2\/pages"}],"about":[{"href":"https:\/\/canada.ul.com\/fr\/wp-json\/wp\/v2\/types\/page"}],"author":[{"embeddable":true,"href":"https:\/\/canada.ul.com\/fr\/wp-json\/wp\/v2\/users\/69"}],"replies":[{"embeddable":true,"href":"https:\/\/canada.ul.com\/fr\/wp-json\/wp\/v2\/comments?post=27685"}],"version-history":[{"count":4,"href":"https:\/\/canada.ul.com\/fr\/wp-json\/wp\/v2\/pages\/27685\/revisions"}],"predecessor-version":[{"id":36101,"href":"https:\/\/canada.ul.com\/fr\/wp-json\/wp\/v2\/pages\/27685\/revisions\/36101"}],"up":[{"embeddable":true,"href":"https:\/\/canada.ul.com\/fr\/wp-json\/wp\/v2\/pages\/877"}],"wp:featuredmedia":[{"embeddable":true,"href":"https:\/\/canada.ul.com\/fr\/wp-json\/wp\/v2\/media\/36099"}],"wp:attachment":[{"href":"https:\/\/canada.ul.com\/fr\/wp-json\/wp\/v2\/media?parent=27685"}],"curies":[{"name":"wp","href":"https:\/\/api.w.org\/{rel}","templated":true}]}}