{"id":27644,"date":"2019-01-22T20:23:11","date_gmt":"2019-01-22T20:23:11","guid":{"rendered":"https:\/\/canada.ul.com\/?page_id=27644"},"modified":"2019-12-17T15:39:58","modified_gmt":"2019-12-17T15:39:58","slug":"rapports-devaluation","status":"publish","type":"page","link":"https:\/\/canada.ul.com\/fr\/programmesulc\/rapports-devaluation\/","title":{"rendered":"Rapports d\u2019\u00e9valuation"},"content":{"rendered":"<p>Les certifications ULC et les rapports d\u2019\u00e9valuation ULC \u00e9tablissent les bases techniques sur lesquelles s\u2019appuient les architectes, les concepteurs, les entrepreneurs et les organismes responsables des codes pour garantir des installations s\u00e9curitaires qui respectent les codes.<\/p>\n<p><a href=\"https:\/\/canada.ul.com\/wp-content\/uploads\/sites\/11\/2019\/01\/ul_glazing_hero1.jpg\"><img loading=\"lazy\" decoding=\"async\" class=\"alignnone size-full wp-image-27625\" src=\"https:\/\/canada.ul.com\/wp-content\/uploads\/sites\/11\/2019\/01\/ul_glazing_hero1.jpg\" alt=\"\" width=\"488\" height=\"205\" srcset=\"https:\/\/canada.ul.com\/wp-content\/uploads\/sites\/11\/2019\/01\/ul_glazing_hero1.jpg 488w, https:\/\/canada.ul.com\/wp-content\/uploads\/sites\/11\/2019\/01\/ul_glazing_hero1-300x126.jpg 300w, https:\/\/canada.ul.com\/wp-content\/uploads\/sites\/11\/2019\/01\/ul_glazing_hero1-400x168.jpg 400w\" sizes=\"auto, (max-width: 488px) 100vw, 488px\" \/><\/a><\/p>\n<p><span style=\"color: #b10800\"><strong>Reconnaissance par les autorit\u00e9s canadiennes responsables des codes du b\u00e2timent<\/strong><\/span><\/p>\n<p>Les autorit\u00e9s comp\u00e9tentes sont devenues tributaires des rapports d\u2019\u00e9valuation des produits \u00e9tablis par des tiers pour d\u00e9montrer, en fonction des donn\u00e9es techniques, qu\u2019une conception, une m\u00e9thode de construction, un produit ou un mat\u00e9riel diff\u00e9rent est conforme \u00e0 l\u2019esprit des codes du b\u00e2timent. Les experts techniques d\u2019ULC participent pleinement au processus d\u2019\u00e9laboration des codes et ont une connaissance globale des normes relatives aux produits et aux essais mentionn\u00e9es dans les codes.<\/p>\n<p><span style=\"color: #b10800\"><strong>Un outil pr\u00e9cieux pour vos produits innovants<\/strong><\/span><\/p>\n<p>Les rapports d\u2019\u00e9valuation ULC fournissent des directives et des \u00e9valuations techniques aux autorit\u00e9s comp\u00e9tentes, aux architectes, aux concepteurs, aux entrepreneurs, aux installateurs et aux autres acteurs influents du milieu de la construction. Les rapports d\u2019\u00e9valuation ULC s\u2019appuient sur les exigences figurant dans les mod\u00e8les de codes d\u2019installation et d\u2019autres exigences normalis\u00e9es.<\/p>\n<p>Ils servent de passerelle entre les essais des produits et la conformit\u00e9 aux codes dans les cas suivants\u00a0:<\/p>\n<ul>\n<li>un produit nouveau ou innovant n\u2019est pas inclus dans le mod\u00e8le de code du b\u00e2timent;<\/li>\n<li>le mod\u00e8le de code du b\u00e2timent ne fournit pas d\u2019exigences claires et pr\u00e9cises pour le produit;<\/li>\n<li>le mod\u00e8le de code du b\u00e2timent compte plusieurs exigences pour le produit non encore standardis\u00e9es;<\/li>\n<li>le fabricant du produit exige la validation des donn\u00e9es du produit par un tiers.<\/li>\n<\/ul>\n<p><span style=\"color: #b10800\"><strong>Choisissez ULC pour un service r\u00e9actif et rapide<\/strong><\/span><\/p>\n<p>Nous comprenons l\u2019importance des d\u00e9lais de mise en march\u00e9 des mat\u00e9riaux et syst\u00e8mes de construction et sommes l\u00e0 pour vous aider \u00e0 obtenir les rapports d\u2019\u00e9valuation dignes de confiance demand\u00e9s par les autorit\u00e9s canadiennes responsables des codes.<\/p>\n<ul>\n<li>Service rapide au moyen d\u2019un point de contact unique<\/li>\n<li>Aucun renouvellement de rapport annuel<\/li>\n<li>Nombre r\u00e9duit d\u2019inspections en usine<\/li>\n<li>Efficacit\u00e9 accrue lorsque vous combinez les rapports d\u2019\u00e9valuation ULC avec la certification de s\u00e9curit\u00e9 ULC<\/li>\n<li>Vos produits sont r\u00e9pertori\u00e9s dans la base de donn\u00e9es de corr\u00e9lation de codes et les r\u00e9pertoires en ligne canadiens d\u2019UL<\/li>\n<\/ul>\n<p><span style=\"color: #b10800\"><strong>Au service du march\u00e9 canadien depuis 100 ans<\/strong><\/span><\/p>\n<p>On trouve de nombreuses certifications de s\u00e9curit\u00e9 des produits ULC dans le milieu de la construction. En travaillant avec ULC, vous pouvez donc compter sur\u00a0:<\/p>\n<ul>\n<li>une vaste exp\u00e9rience en mati\u00e8re d\u2019essais, une solide r\u00e9putation d\u2019excellence technique, des essais rigoureux;<\/li>\n<li>une connaissance intime des normes relatives aux produits et aux essais mentionn\u00e9es dans les codes.<\/li>\n<\/ul>\n<p><strong>Pour obtenir des renseignements suppl\u00e9mentaires, veuillez communiquer avec nous par courriel \u00e0 l\u2019adresse <\/strong><a href=\"mailto:Info.Canada@ul.com\"><strong>Info.Canada@ul.com<\/strong><\/a><strong> ou par t\u00e9l\u00e9phone en composant le 800\u00a0463-6852.<\/strong><\/p>\n","protected":false},"excerpt":{"rendered":"<p>Les certifications ULC et les rapports d\u2019\u00e9valuation ULC \u00e9tablissent les bases techniques sur lesquelles s\u2019appuient les architectes, les concepteurs, les entrepreneurs et les organismes responsables des codes pour garantir des installations s\u00e9curitaires qui respectent les [&hellip;]<\/p>\n","protected":false},"author":69,"featured_media":27626,"parent":877,"menu_order":6,"comment_status":"closed","ping_status":"closed","template":"page-ulcp.php","meta":{"_acf_changed":false,"inline_featured_image":false,"footnotes":""},"class_list":["post-27644","page","type-page","status-publish","has-post-thumbnail","hentry"],"acf":[],"_links":{"self":[{"href":"https:\/\/canada.ul.com\/fr\/wp-json\/wp\/v2\/pages\/27644","targetHints":{"allow":["GET"]}}],"collection":[{"href":"https:\/\/canada.ul.com\/fr\/wp-json\/wp\/v2\/pages"}],"about":[{"href":"https:\/\/canada.ul.com\/fr\/wp-json\/wp\/v2\/types\/page"}],"author":[{"embeddable":true,"href":"https:\/\/canada.ul.com\/fr\/wp-json\/wp\/v2\/users\/69"}],"replies":[{"embeddable":true,"href":"https:\/\/canada.ul.com\/fr\/wp-json\/wp\/v2\/comments?post=27644"}],"version-history":[{"count":0,"href":"https:\/\/canada.ul.com\/fr\/wp-json\/wp\/v2\/pages\/27644\/revisions"}],"up":[{"embeddable":true,"href":"https:\/\/canada.ul.com\/fr\/wp-json\/wp\/v2\/pages\/877"}],"wp:featuredmedia":[{"embeddable":true,"href":"https:\/\/canada.ul.com\/fr\/wp-json\/wp\/v2\/media\/27626"}],"wp:attachment":[{"href":"https:\/\/canada.ul.com\/fr\/wp-json\/wp\/v2\/media?parent=27644"}],"curies":[{"name":"wp","href":"https:\/\/api.w.org\/{rel}","templated":true}]}}