{"id":27574,"date":"2018-02-02T05:58:13","date_gmt":"2018-02-02T05:58:13","guid":{"rendered":"https:\/\/canada.ul.com\/organismesresponsabledescodes\/certificationbulletins\/2018-certification-bulletins\/"},"modified":"2025-06-09T17:53:23","modified_gmt":"2025-06-09T17:53:23","slug":"bulletins-de-certification-2018-2","status":"publish","type":"page","link":"https:\/\/canada.ul.com\/fr\/organismesresponsabledescodes\/certificationbulletins\/bulletins-de-certification-2018-2\/","title":{"rendered":"Bulletins de Certification 2018"},"content":{"rendered":"<p><a href=\"https:\/\/canada.ul.com\/wp-content\/uploads\/sites\/11\/2018\/12\/Bulletin-de-Certification-2018-15FRN-ULC-ORD-C263.1.pdf\" target=\"\">Bulletin De Certification 2018 15(FRN) ULC ORD C263.1 \u00a0<\/a>R\u00e9tablissement de l\u2019ORD ULC\/ORD-C263.1-99(R2018), Sprinkler-Protected Window Systems<\/p>\n<p><a href=\"https:\/\/canada.ul.com\/wp-content\/uploads\/sites\/11\/2018\/11\/Bulletin-de-Certification_2018-14FRN-ULC-ORD-C565Retir%C3%A9.pdf\" target=\"\">Bulletin De Certification 2018 14(FRN) ULC ORD C565(Retir\u00e9)<\/a>\u00a0Retrait de l\u2019autre document reconnu et programme de certification pour ULC\/ORD-C565, Guide for the Investigation of Liquid-Level Gauges and Indicators for Anhydrous Ammonia and LP-Gas<\/p>\n<p><a href=\"https:\/\/canada.ul.com\/wp-content\/uploads\/sites\/11\/2018\/11\/Bulletin-de-Certification_2018-13FRN-ULC-ORD-C123Retir%C3%A9.pdf\" target=\"\">Bulletin De Certification 2018 13(FRN) ULC ORD C123(Retir\u00e9)<\/a>\u00a0Retrait de l\u2019autre document reconnu et programme de certification pour ULC\/ORD-C123, Guide for the Investigation of Torches, Oxy-Fuel Gas<\/p>\n<p><a href=\"https:\/\/canada.ul.com\/wp-content\/uploads\/sites\/11\/2018\/08\/Certification_Bulletin_2018-12FRN_ULC-S676_20180813.pdf\">Bulletin De Certification 2018-12(FRN) ULC S676<\/a> Suppression des marques de certification ULC et cUL d\u2019origine sur les r\u00e9servoirs remis \u00e0 neuf conform\u00e9ment \u00e0 la norme AN\/ULC-S676-15, Norme sur la remise \u00e0 neuf des r\u00e9servoirs pour les liquides inflammables et combustibles<\/p>\n<p><a href=\"https:\/\/canada.ul.com\/wp-content\/uploads\/sites\/11\/2018\/03\/Bulletin-de-Certification_2018-11FRN-ULC-C1349Retir%C3%A9.pdf\" target=\"\">Bulletin De Certification 2018 11(FRN) ULC C1349(Retir\u00e9)<\/a>\u00a0Retrait de l\u2019autre document reconnu et programme de certification pour ULC\/ORD-C1349-13, Guide for the Investigation of LP-Gas Vaporizers<\/p>\n<p><a href=\"https:\/\/canada.ul.com\/wp-content\/uploads\/sites\/11\/2018\/02\/Bulletin-de-Certification_2018-10FRN-ULC-C1482Retir%C3%A9.pdf\" target=\"\">Bulletin De Certification 2018 10(FRN) ULC C1482(Retir\u00e9)<\/a>\u00a0Retrait de l\u2019autre document reconnu et programme de certification pour ULC\/ORD-C1482 Space Heaters for use with Particulate Solid Fuels<\/p>\n<p><a href=\"https:\/\/canada.ul.com\/wp-content\/uploads\/sites\/11\/2018\/02\/Bulletin-de-Certification_2018-09FRN-ULC-ORD-C887-00Retir%C3%A9.pdf\" target=\"\">Bulletin De Certification 2018 09(FRN) ULC ORD C887 00(Retir\u00e9)<\/a>\u00a0Retrait de l\u2019autre document reconnu et programme de certification pour ULC\/ORD-C887-00, Timelocks<\/p>\n<p><a href=\"https:\/\/canada.ul.com\/wp-content\/uploads\/sites\/11\/2018\/02\/Bulletin-de-Certification_2018-08FRN-ULC-ORD-C410ARetir%C3%A9.pdf\" target=\"\">Bulletin De Certification 2018 08(FRN) ULC ORD C410A(Retir\u00e9)<\/a>\u00a0Retrait de l\u2019autre document reconnu et programme de certification pour ULC\/ORD-C410A-94, Absorbents for Flammable and Combustible Liquids<\/p>\n<p><a href=\"https:\/\/canada.ul.com\/wp-content\/uploads\/sites\/11\/2018\/02\/Bulletin-de-Certification_2018-07FRN-ULC-ORD-C410-62Retir%C3%A9.pdf\" target=\"\">Bulletin De Certification 2018 07(FRN) ULC ORD C410 62(Retir\u00e9)<\/a>\u00a0Retrait de l\u2019autre document reconnu et programme de certification pour ULC\/ORD-C410-62, Guide for the Testing of Floor Coating and Finishing Materials<\/p>\n<p><a href=\"https:\/\/canada.ul.com\/wp-content\/uploads\/sites\/11\/2018\/02\/Bulletin-de-Certification_2018-06FRN-ULC-ORD-C275.1Retir%C3%A9.pdf\" target=\"\">Bulletin De Certification 2018 06(FRN) ULC ORD C275.1(Retir\u00e9)<\/a>\u00a0\u00a0Retrait de l\u2019autre document reconnu et programme de certification pour ULC\/ORD-C275.1-00, Installation of Aftermarket Automobile Theft Deterrent Devices<\/p>\n<p><a href=\"https:\/\/canada.ul.com\/wp-content\/uploads\/sites\/11\/2018\/02\/Bulletin-de-Certification_2018-05FRN-ULC-ORD-C263.1-99Retir%C3%A9.pdf\" target=\"\">Bulletin De Certification 2018 05(FRN) ULC ORD C263.1 99(Retir\u00e9)<\/a>\u00a0Retrait de l\u2019autre document reconnu et programme de certification pour ULC\/ORD-C263.1-99, Sprinkler-Protected Window Systems<\/p>\n<p><a href=\"https:\/\/canada.ul.com\/wp-content\/uploads\/sites\/11\/2018\/02\/Bulletin-de-Certification_2018-04FRN-ULC-ORD-C210C-86Retir%C3%A9.pdf\" target=\"\">Bulletin De Certification 2018 04(FRN) ULC ORD C210C 86(Retir\u00e9)<\/a>Retrait de l\u2019autre document reconnu et programme de certification pour ULC\/ORD-C210C-86, Guide for Listing and Labelling of Factory Built Chimney Connectors<\/p>\n<p><a href=\"https:\/\/canada.ul.com\/wp-content\/uploads\/sites\/11\/2018\/02\/Bulletin-de-Certification_2018-03FRN-ULC-ORD-C142.17-92Retir%C3%A9.pdf\" target=\"\">Bulletin De Certification 2018 03(FRN) ULC ORD C142.17 92(Retir\u00e9)<\/a>\u00a0Retrait de l\u2019autre document reconnu et programme de certification pour ULC\/ORD-C142.17-98, Special Purpose Relocatable Aboveground Vertical Tanks for Flammable and Combustible Liquids<\/p>\n<p><a href=\"https:\/\/canada.ul.com\/wp-content\/uploads\/sites\/11\/2018\/02\/Bulletin-de-Certification_2018-02FRN-ULC-ORD-C1058.5-2004Retir%C3%A9.pdf\" target=\"\">Bulletin De Certification 2018 02(FRN) ULC ORD C1058.5 2004(Retir\u00e9)<\/a>\u00a0Retrait de l\u2019autre document reconnu et programme de certification pour ULC\/ORD-C1058.5-2004, Halon and Halocarbon Clean Agent Recovery and Reconditioning Equipment<\/p>\n<p><a href=\"https:\/\/canada.ul.com\/wp-content\/uploads\/sites\/11\/2018\/02\/Bulletin-de-Certification_2018-01AFRN-ULC-C107.21Remplac%C3%A9.pdf\" target=\"\">Bulletin De Certification 2018 01A(FRN) ULC C107.12(Remplac\u00e9)<\/a>\u00a0ORD ULC\/ORD-C107.12-92 Line Leak Detection Devices for Flammable Liquid Piping a \u00e9t\u00e9 remplac\u00e9<\/p>\n<p><a href=\"https:\/\/canada.ul.com\/wp-content\/uploads\/sites\/11\/2018\/02\/Bulletin-de-Certification_2018-01FRN-ULC-C107.21Remplac%C3%A9watermark.pdf\" target=\"\">Bulletin De Certification 2018 01(FRN) ULC C107.12(Remplac\u00e9)watermark<\/a>\u00a0ORD ULC\/ORD-C107.12-92 Line Leak Detection Devices for Flammable Liquid Piping a \u00e9t\u00e9 remplac\u00e9-remplac\u00e9<\/p>\n","protected":false},"excerpt":{"rendered":"<p>Bulletin De Certification 2018 15(FRN) ULC ORD C263.1 \u00a0R\u00e9tablissement de l\u2019ORD ULC\/ORD-C263.1-99(R2018), Sprinkler-Protected Window Systems Bulletin De Certification 2018 14(FRN) ULC ORD C565(Retir\u00e9)\u00a0Retrait de l\u2019autre document reconnu et programme de certification pour ULC\/ORD-C565, Guide for [&hellip;]<\/p>\n","protected":false},"author":105,"featured_media":0,"parent":871,"menu_order":0,"comment_status":"closed","ping_status":"closed","template":"","meta":{"_acf_changed":false,"inline_featured_image":false,"footnotes":""},"class_list":["post-27574","page","type-page","status-publish","hentry"],"acf":[],"_links":{"self":[{"href":"https:\/\/canada.ul.com\/fr\/wp-json\/wp\/v2\/pages\/27574","targetHints":{"allow":["GET"]}}],"collection":[{"href":"https:\/\/canada.ul.com\/fr\/wp-json\/wp\/v2\/pages"}],"about":[{"href":"https:\/\/canada.ul.com\/fr\/wp-json\/wp\/v2\/types\/page"}],"author":[{"embeddable":true,"href":"https:\/\/canada.ul.com\/fr\/wp-json\/wp\/v2\/users\/105"}],"replies":[{"embeddable":true,"href":"https:\/\/canada.ul.com\/fr\/wp-json\/wp\/v2\/comments?post=27574"}],"version-history":[{"count":2,"href":"https:\/\/canada.ul.com\/fr\/wp-json\/wp\/v2\/pages\/27574\/revisions"}],"predecessor-version":[{"id":36646,"href":"https:\/\/canada.ul.com\/fr\/wp-json\/wp\/v2\/pages\/27574\/revisions\/36646"}],"up":[{"embeddable":true,"href":"https:\/\/canada.ul.com\/fr\/wp-json\/wp\/v2\/pages\/871"}],"wp:attachment":[{"href":"https:\/\/canada.ul.com\/fr\/wp-json\/wp\/v2\/media?parent=27574"}],"curies":[{"name":"wp","href":"https:\/\/api.w.org\/{rel}","templated":true}]}}