{"id":27564,"date":"2019-01-09T17:31:48","date_gmt":"2019-01-09T17:31:48","guid":{"rendered":"https:\/\/canada.ul.com\/?page_id=27564"},"modified":"2020-07-17T14:06:26","modified_gmt":"2020-07-17T14:06:26","slug":"bulletins-de-certification-2019-2","status":"publish","type":"page","link":"https:\/\/canada.ul.com\/fr\/organismesresponsabledescodes\/certificationbulletins\/bulletins-de-certification-2019-2\/","title":{"rendered":"Bulletins de Certification 2019"},"content":{"rendered":"<p><a href=\"https:\/\/canada.ul.com\/wp-content\/uploads\/sites\/11\/2020\/01\/Bulletin-de-Certification-2019-12FRN-ULC-ORD-C529A.pdf\" target=\"\">Bulletin De Certification 2019 12(FRN) ULC ORD C529A<\/a>\u00a0ULC\/ORD-C529A (2019) 1re Edition \u2013 Video Image Smoke<br \/>\nDetection System Devices<\/p>\n<p><a href=\"https:\/\/canada.ul.com\/wp-content\/uploads\/sites\/11\/2019\/11\/Bulletin-de-Certification-2019-11FRN-ULC-ORD-C27282019.pdf\" target=\"\">Bulletin De Certification 2019 11(FRN) ULC ORD C2728(2019)<\/a>\u00a0ULC\/ORD-C2728 (2019) 1re Edition \u2013 Pellet Fuel Burning Cooking Appliances<\/p>\n<p><a href=\"https:\/\/canada.ul.com\/wp-content\/uploads\/sites\/11\/2019\/11\/Bulletin-de-Certification-2019-10FRN-ULC-ORD-C2162-132019.pdf\" target=\"\">Bulletin De Certification 2019 10(FRN) ULC ORD C2162 13(2019)<\/a>\u00a0ULC\/ORD-C2162-13 (2019) 1re Edition \u2013 Commercial Wood-Fired Baking<br \/>\nOvens-Refractory Type<\/p>\n<p><a href=\"https:\/\/canada.ul.com\/wp-content\/uploads\/sites\/11\/2019\/09\/Bulletin-de-Certification_2019-09FRN-ULC-ORD-C199P-Remplac%C3%A9.pdf\" target=\"\">Bulletin De Certification 2019 09(FRN) ULC ORD C199P (Remplac\u00e9)<\/a>\u00a0ULC\/ORD-C199P Combustible Piping for Sprinkler Systems a \u00e9t\u00e9 remplac\u00e9<\/p>\n<p><a href=\"https:\/\/canada.ul.com\/wp-content\/uploads\/sites\/11\/2019\/09\/Bulletin-de-Certification_2019-08FRN-ULC-ORD-C2775-Remplac%C3%A9.pdf\" target=\"\">Bulletin De Certification 2019 08(FRN) ULC ORD C2775 (Remplac\u00e9)<\/a>\u00a0ULC\/ORD-C2775 Fixed Condensed Aerosol Extinguishing Systems Units a \u00e9t\u00e9 remplac\u00e9<\/p>\n<p><a href=\"https:\/\/canada.ul.com\/wp-content\/uploads\/sites\/11\/2019\/09\/Bulletin-de-Certification_2019-07FRN-ULC-ORD-C180-Remplac%C3%A9.pdf\" target=\"\">Bulletin De Certification 2019 07(FRN) ULC ORD C180 (Remplac\u00e9)<\/a>\u00a0ULC\/ORD-C180 Liquid Level Gauges and Indicators for Fuel Oil and<br \/>\nLubricating Oil Tanks a \u00e9t\u00e9 remplac\u00e9<\/p>\n<p><a href=\"https:\/\/canada.ul.com\/wp-content\/uploads\/sites\/11\/2019\/09\/Bulletin-de-Certification_2019-06FRN-ULC-ORD-C1254.6-Remplac%C3%A9.pdf\" target=\"\">Bulletin De Certification 2019 06(FRN) ULC ORD C1254.6 (Remplac\u00e9)<\/a>\u00a0ULC\/ORD-C1254.6-1995 Fire Testing of Restaurant Cooking Area Fire Extinguishing System Units a \u00e9t\u00e9 remplac\u00e9<\/p>\n<p><a href=\"https:\/\/canada.ul.com\/wp-content\/uploads\/sites\/11\/2019\/09\/Bulletin-de-Certification_2019-05FRN-ULC-ORD-C100-12Remplac%C3%A9.pdf\" target=\"\">Bulletin De Certification 2019 05(FRN) ULC ORD C100 12(Remplac\u00e9)<\/a>\u00a0ULC\/ORD-C100-12 Smoke Control System Equipment a \u00e9t\u00e9 remplac\u00e9<\/p>\n<p><a href=\"https:\/\/canada.ul.com\/wp-content\/uploads\/sites\/11\/2019\/07\/Bulletin-de-Certification-2019-04FRN-ULC-ORD-C252.pdf\" target=\"\">Bulletin De Certification 2019 04(FRN) ULC ORD C252<\/a>\u00a0R\u00e9tablissement de l\u2019autre document reconnu ULC\/ORD-C252, Guide for the Investigation of Gas Pressure Regulators<\/p>\n<p><a href=\"https:\/\/canada.ul.com\/wp-content\/uploads\/sites\/11\/2019\/07\/Bulletin-de-Certification-2019-03FRN-ULC-ORD-C1349.pdf\" target=\"\">Bulletin De Certification 2019 03(FRN) ULC ORD C1349<\/a>\u00a0\u00a0R\u00e9tablissement de l\u2019autre document reconnu ULC\/ORD-C1349, Guide for the Investigation of LP-Gas Vaporizers<\/p>\n<p><a href=\"https:\/\/canada.ul.com\/wp-content\/uploads\/sites\/11\/2019\/07\/Bulletin-de-Certification_2019-02FRN-ULC-ORD-C142.15Retir%C3%A9.pdf\" target=\"\">Bulletin De Certification 2019 02(FRN) ULC ORD C142.15(Retir\u00e9)<\/a>\u00a0\u00a0Retrait de l\u2019autre document reconnu et programme de certification pour ULC\/ORD-C142.15, Precast Concrete Tanks<\/p>\n<p><a href=\"https:\/\/canada.ul.com\/wp-content\/uploads\/sites\/11\/2019\/04\/Bulletin-de-Certification-2019-01FRN-ULC-ORD-C1389-18.pdf\" target=\"\">Bulletin De Certification 2019 01(FRN) ULC ORD C1389 18<\/a>\u00a0ULC\/ORD-C1389: 2018, 1re \u00e9dition \u2013 Guide for the Investigation of Plant Oil Extraction Equipment<\/p>\n","protected":false},"excerpt":{"rendered":"<p>Bulletin De Certification 2019 12(FRN) ULC ORD C529A\u00a0ULC\/ORD-C529A (2019) 1re Edition \u2013 Video Image Smoke Detection System Devices Bulletin De Certification 2019 11(FRN) ULC ORD C2728(2019)\u00a0ULC\/ORD-C2728 (2019) 1re Edition \u2013 Pellet Fuel Burning Cooking Appliances [&hellip;]<\/p>\n","protected":false},"author":105,"featured_media":0,"parent":871,"menu_order":0,"comment_status":"open","ping_status":"open","template":"","meta":{"_acf_changed":false,"inline_featured_image":false,"footnotes":""},"class_list":["post-27564","page","type-page","status-publish","hentry"],"acf":[],"_links":{"self":[{"href":"https:\/\/canada.ul.com\/fr\/wp-json\/wp\/v2\/pages\/27564","targetHints":{"allow":["GET"]}}],"collection":[{"href":"https:\/\/canada.ul.com\/fr\/wp-json\/wp\/v2\/pages"}],"about":[{"href":"https:\/\/canada.ul.com\/fr\/wp-json\/wp\/v2\/types\/page"}],"author":[{"embeddable":true,"href":"https:\/\/canada.ul.com\/fr\/wp-json\/wp\/v2\/users\/105"}],"replies":[{"embeddable":true,"href":"https:\/\/canada.ul.com\/fr\/wp-json\/wp\/v2\/comments?post=27564"}],"version-history":[{"count":0,"href":"https:\/\/canada.ul.com\/fr\/wp-json\/wp\/v2\/pages\/27564\/revisions"}],"up":[{"embeddable":true,"href":"https:\/\/canada.ul.com\/fr\/wp-json\/wp\/v2\/pages\/871"}],"wp:attachment":[{"href":"https:\/\/canada.ul.com\/fr\/wp-json\/wp\/v2\/media?parent=27564"}],"curies":[{"name":"wp","href":"https:\/\/api.w.org\/{rel}","templated":true}]}}