{"id":26061,"date":"2018-02-26T15:00:40","date_gmt":"2018-02-26T15:00:40","guid":{"rendered":"https:\/\/canada.ul.com\/?page_id=26061"},"modified":"2019-03-20T15:44:19","modified_gmt":"2019-03-20T15:44:19","slug":"bulletins-sur-les-normes-2018","status":"publish","type":"page","link":"https:\/\/canada.ul.com\/fr\/normesulc\/standardsbulletins\/bulletins-sur-les-normes-2018\/","title":{"rendered":"Bulletins Sur les Normes 2018"},"content":{"rendered":"<p><!-- a href=\"https:\/\/canada.ul.com\/wp-content\/uploads\/sites\/11\/2016\/01\/Standards_Bulletin_2016-01_S525-16_FR.pdf\" target=\"_blank\"&gt;Test&lt;\/a \/\/--><\/p>\n<p><a href=\"https:\/\/canada.ul.com\/wp-content\/uploads\/sites\/11\/2018\/01\/Standards_Bulletin_2018-01_S651-2016-REV1_fr.pdf\">Bulletin sur les normes 2018-01 CAN\/ULC-S651:2016-REV1, Norme sur les robinets d\u2019urgence pour liquides inflammables et combustibles<\/a><\/p>\n<p><a href=\"https:\/\/canada.ul.com\/wp-content\/uploads\/sites\/11\/2018\/04\/Standards_Bulletin_2018-02_S639_FR.pdf\">Bulletin sur les normes 2018-02 CAN\/ULC-S639:2018, Norme sur les chemisages en acier pour foyers a feu ouvert en ma\u00e7onnerie a combustibles solides<\/a><\/p>\n<p><a href=\"https:\/\/canada.ul.com\/wp-content\/uploads\/sites\/11\/2018\/05\/Standards_Bulletin_2018-03_S718-18_FR.pdf\">Bulletin sur les normes 2018-03 CAN\/ULC-S718:2018, Norme sur le programme d&#8217;assurance de la qualit\u00e9 du chantier relatif \u00e0 la mousse de polyur\u00e9thane pulv\u00e9ris\u00e9e<\/a><\/p>\n<p><a href=\"https:\/\/canada.ul.com\/wp-content\/uploads\/sites\/11\/2018\/05\/Standards-Bulletin_2018-05_2258_FR.pdf\">Bulletin sur les normes 2018-05 ANSI\/CAN\/UL\/ULC 2258:2018, Norme sur les r\u00e9servoirs non m\u00e9talliques hors sol pour le mazout et autres liquides combustibles<\/a><\/p>\n<p><a href=\"https:\/\/canada.ul.com\/wp-content\/uploads\/sites\/11\/2018\/06\/Standards_Bulletin_2018-06_S102.3-18_FR.pdf\">Bulletin sur les normes 2018-06 CAN\/ULC-S102.3:2018, M\u00e9thode d&#8217;essai normalis\u00e9e de r\u00e9sistance au feu pour les diffuseurs et verres d&#8217;appareils d&#8217;\u00e9clairage<\/a><\/p>\n<p><a href=\"https:\/\/canada.ul.com\/wp-content\/uploads\/sites\/11\/2018\/06\/Standards_Bulletin_2018-07_S114-18_FR.pdf\">Bulletin sur les normes 2018-07 CAN\/ULC-S114:2018, M\u00e9thode d&#8217;essai normalis\u00e9e pour la d\u00e9termination de l&#8217;incombustibilit\u00e9 des mat\u00e9riaux de construction<\/a><\/p>\n<p><a href=\"https:\/\/canada.ul.com\/wp-content\/uploads\/sites\/11\/2018\/06\/Standards_Bulletin_2018-08_S124-18_FR-1.pdf\">Bulletin sur les normes 2018-08 CAN\/ULC-S124:2018, M\u00e9thode d&#8217;essai normalis\u00e9e pour l&#8217;\u00e9valuation des barri\u00e8res thermiques des mousses plastiques<\/a><\/p>\n<p><a href=\"https:\/\/canada.ul.com\/wp-content\/uploads\/sites\/11\/2018\/06\/Standards_Bulletin_2018-09_S145-18_FR.pdf\">Bulletin sur les normes 2018-09 CAN\/ULC-S145:2018, M\u00e9thode d&#8217;essai normalis\u00e9e pour l&#8217;\u00e9valuation des rev\u00eatements protecteurs des isolations \u00e0 la mousse plastique &#8211; Essai dans une pi\u00e8ce en vraie grandeur<\/a><\/p>\n<p><a href=\"https:\/\/canada.ul.com\/wp-content\/uploads\/sites\/11\/2018\/06\/Standards_Bulletin_2018-10_S130-18_FR.pdf\">Bulletin sur les normes 2018-10 CAN\/ULC-S130:2018, M\u00e9thode normalis\u00e9e d&#8217;essai de r\u00e9sistance \u00e0 l&#8217;allumage de l&#8217;isolant thermique cellulosique \u00e0 bourrage l\u00e2che (m\u00e9thode de la cigarette)<\/a><\/p>\n<p><a href=\"https:\/\/canada.ul.com\/wp-content\/uploads\/sites\/11\/2018\/07\/Standards_Bulletin_2018-11_S115-18_FR.pdf\">Bulletin sur les normes 2018-11 CAN\/ULC-S115:2018, M\u00e9thode normalis\u00e9e d&#8217;essais de r\u00e9sistance au feu des dispositifs coupe-feu<\/a><\/p>\n<p><a href=\"https:\/\/canada.ul.com\/wp-content\/uploads\/sites\/11\/2018\/07\/Standards_Bulletin_2018-12_S610_FR.pdf\">Bulletin sur les normes 2018-12 CAN\/ULC-S610:2018, Norme sur les syst\u00e8mes foyers \u00e0 feu ouvert pr\u00e9fabriqu\u00e9<\/a><\/p>\n<p><a href=\"https:\/\/canada.ul.com\/wp-content\/uploads\/sites\/11\/2018\/07\/Standards_Bulletin_2018-13_S102-18_FR.pdf\">Bulletin sur les normes 2018-13 CAN\/ULC-S102:2018, M\u00e9thode d&#8217;essai normalis\u00e9e caract\u00e9ristiques de combustion superficielle des mat\u00e9riaux de construction et assemblages<\/a><\/p>\n<p><a href=\"https:\/\/canada.ul.com\/wp-content\/uploads\/sites\/11\/2018\/07\/Standards_Bulletin_2018-14_S102.2-18_FR.pdf\">Bulletin sur les normes 2018-14 CAN\/ULC-S102.2:2018, M\u00e9thode d&#8217;essai normalis\u00e9e caract\u00e9ristiques de combustion superficielle des rev\u00eatements de sol et des divers mat\u00e9riaux de construction et assemblages<\/a><\/p>\n<p><a href=\"https:\/\/canada.ul.com\/wp-content\/uploads\/sites\/11\/2019\/03\/Standards_Bulletin_2018-15-S573-18_FR.pdf\">Bulletin sur les normes 2018-15 CAN\/ULC-S573:2018, Norme sur l&#8217;Installation des dispositifs auxiliaires branch\u00e9s aux syst\u00e8mes d&#8217;alarme incendie<\/a><\/p>\n<p><a href=\"https:\/\/canada.ul.com\/wp-content\/uploads\/sites\/11\/2018\/09\/Standards_Bulletin_2018-18_2271_FR.pdf\">Bulletin sur les normes 2018-18 ANSI\/CAN\/UL\/ULC-2271:2018, Norme sur les batteries \u00e9lectriques pour v\u00e9hicules \u00e9lectriques l\u00e9gers<\/a><\/p>\n<p><a href=\"https:\/\/canada.ul.com\/wp-content\/uploads\/sites\/11\/2018\/10\/Standards-Bulletin_2018-08_1369_FR.pdf\">Bulletin sur les normes 2018-08 ANSI\/CAN\/UL\/ULC 1369:2018, Norme sur la tuyauterie hors sol pour les liquides inflammables et combustibles<\/a><\/p>\n<p><a href=\"https:\/\/canada.ul.com\/wp-content\/uploads\/sites\/11\/2018\/10\/Standards_Bulletin_2018-20_S304-2018_FR.pdf\">Bulletin sur les normes 2018-20 CAN\/ULC-S304:2016-REV1, Norme sur les postes de contr\u00f4le, les accessoires et l&#8217;\u00e9quipement de r\u00e9ception pour les syst\u00e8mes d&#8217;alarme anti-intrusion<\/a><\/p>\n<p><a href=\"https:\/\/canada.ul.com\/wp-content\/uploads\/sites\/11\/2018\/11\/Standards-Bulletin_2018-23_1316_FR.pdf\">Bulletin sur les normes 2018-23 ANSI\/CAN\/UL\/ULC 1316:2018,\u00a0Norme sur les r\u00e9servoirs souterrains en plastique renforc\u00e9 pour les liquides inflammables et combustibles\u00a0<\/a><\/p>\n<p><a href=\"https:\/\/canada.ul.com\/wp-content\/uploads\/sites\/11\/2018\/12\/Standards_Bulletin_2018-24_S139-18-REV1_FR.pdf\">Bulletin sur les normes 2018-24 CAN\/ULC-S139:2018-REV1, Norme sur d&#8217;essais de r\u00e9sistance au feu pour l&#8217;\u00e9valuation de l&#8217;int\u00e9grit\u00e9 des circuits des c\u00e2bles d&#8217;alimentation, de l&#8217;instrumentation, des contr\u00f4les et de donn\u00e9es<\/a><\/p>\n<p><a href=\"https:\/\/canada.ul.com\/wp-content\/uploads\/sites\/11\/2019\/01\/Standards_Bulletin_2018-25_S705.1-18_FR.pdf\">Bulletin sur les normes 2018-25 CAN\/ULC-S705.1:2018, Norme Sur L&#8217;isolant Thermique en Mousse de Polyur\u00e9thane Rigide Pulv\u00e9ris\u00e9e de Densit\u00e9 Moyenne \u2013 Sp\u00e9cifications Relatives Aux Mat\u00e9riaux<\/a><\/p>\n","protected":false},"excerpt":{"rendered":"<p>Bulletin sur les normes 2018-01 CAN\/ULC-S651:2016-REV1, Norme sur les robinets d\u2019urgence pour liquides inflammables et combustibles Bulletin sur les normes 2018-02 CAN\/ULC-S639:2018, Norme sur les chemisages en acier pour foyers a feu ouvert en ma\u00e7onnerie [&hellip;]<\/p>\n","protected":false},"author":80,"featured_media":0,"parent":942,"menu_order":39,"comment_status":"open","ping_status":"closed","template":"","meta":{"_acf_changed":false,"inline_featured_image":false,"footnotes":""},"class_list":["post-26061","page","type-page","status-publish","hentry"],"acf":[],"_links":{"self":[{"href":"https:\/\/canada.ul.com\/fr\/wp-json\/wp\/v2\/pages\/26061","targetHints":{"allow":["GET"]}}],"collection":[{"href":"https:\/\/canada.ul.com\/fr\/wp-json\/wp\/v2\/pages"}],"about":[{"href":"https:\/\/canada.ul.com\/fr\/wp-json\/wp\/v2\/types\/page"}],"author":[{"embeddable":true,"href":"https:\/\/canada.ul.com\/fr\/wp-json\/wp\/v2\/users\/80"}],"replies":[{"embeddable":true,"href":"https:\/\/canada.ul.com\/fr\/wp-json\/wp\/v2\/comments?post=26061"}],"version-history":[{"count":0,"href":"https:\/\/canada.ul.com\/fr\/wp-json\/wp\/v2\/pages\/26061\/revisions"}],"up":[{"embeddable":true,"href":"https:\/\/canada.ul.com\/fr\/wp-json\/wp\/v2\/pages\/942"}],"wp:attachment":[{"href":"https:\/\/canada.ul.com\/fr\/wp-json\/wp\/v2\/media?parent=26061"}],"curies":[{"name":"wp","href":"https:\/\/api.w.org\/{rel}","templated":true}]}}