{"id":21279,"date":"2016-11-16T18:30:27","date_gmt":"2016-11-16T18:30:27","guid":{"rendered":"https:\/\/canada.ul.com\/?page_id=21279"},"modified":"2020-07-17T14:13:05","modified_gmt":"2020-07-17T14:13:05","slug":"rtlt-feuille-de-calcul-produits-minces","status":"publish","type":"page","link":"https:\/\/canada.ul.com\/fr\/rtlt-feuille-de-calcul-produits-minces\/","title":{"rendered":"CAN\/ULC-S704.1 RTLT feuille de calcul pour les produits minces"},"content":{"rendered":"<p>D\u00e9ni de responsabilit\u00e9: ULC Standards distribue cette feuille de calcul \u201ctel quel\u201d sans repr\u00e9sentation ou garantie de quelque nature que ce soit  et d\u00e9nie toute responsabilit\u00e9 pour toute blessure personnelle, ou tout autre dommage mat\u00e9riel ou autre de quelque nature que ce soit, que ce soit de fa\u00e7on sp\u00e9ciale, indirecte, cons\u00e9cutive ou compensatoire, r\u00e9sultant directement ou indirectement de l&#8217;utilisation de cette feuille de calcul et du document sur lequel est bas\u00e9 la m\u00e9thode d\u00e9crite, son utilisation ou la confiance port\u00e9e.  <\/p>\n<p>Cette feuille de calcul doit \u00eatre utilis\u00e9e conjointement avec les exigences pour d\u00e9terminer la r\u00e9sistance thermique \u00e0 long terme (RTLT) pour les produits de types 4, 5 et 6 dans la norme CAN\/ULC-704.1, Norme sur l&#8217;isolant thermique en polyur\u00e9thane et en polyisocyanurate : panneaux rev\u00eatus.<\/p>\n<p><a href=\"https:\/\/canada.ul.com\/wp-content\/uploads\/sites\/11\/2017\/07\/EXCEL-pour-RTLT-Produits-Minces-S704.1-Prot\u00e9g\u00e9-D\u00e9c-16.xlsx\">EXCEL pour RTLT Produits Minces S704.1 Prot\u00e9g\u00e9 D\u00e9c &#8217;16<\/a><\/p>\n<p>Les instructions d&#8217;utilisation de la feuille de calcul Excel sont disponibles ici ou dans l&#8217;annexe B de la norme.<br \/>\n<a href=\"https:\/\/canada.ul.com\/wp-content\/uploads\/sites\/11\/2017\/07\/Proc\u00e9dure-pour-RTLT-de-produits-minces-en-S704.1-v4-D\u00e9c-16.pdf\">Proc\u00e9dure pour RTLT de produits minces en S704.1 v4 D\u00e9c &#8217;16<\/a><\/p>\n","protected":false},"excerpt":{"rendered":"<p>D\u00e9ni de responsabilit\u00e9: ULC Standards distribue cette feuille de calcul \u201ctel quel\u201d sans repr\u00e9sentation ou garantie de quelque nature que ce soit et d\u00e9nie toute responsabilit\u00e9 pour toute blessure personnelle, ou tout autre dommage mat\u00e9riel [&hellip;]<\/p>\n","protected":false},"author":197,"featured_media":0,"parent":0,"menu_order":51,"comment_status":"closed","ping_status":"closed","template":"","meta":{"_acf_changed":false,"inline_featured_image":false,"footnotes":""},"class_list":["post-21279","page","type-page","status-publish","hentry"],"acf":[],"_links":{"self":[{"href":"https:\/\/canada.ul.com\/fr\/wp-json\/wp\/v2\/pages\/21279","targetHints":{"allow":["GET"]}}],"collection":[{"href":"https:\/\/canada.ul.com\/fr\/wp-json\/wp\/v2\/pages"}],"about":[{"href":"https:\/\/canada.ul.com\/fr\/wp-json\/wp\/v2\/types\/page"}],"author":[{"embeddable":true,"href":"https:\/\/canada.ul.com\/fr\/wp-json\/wp\/v2\/users\/197"}],"replies":[{"embeddable":true,"href":"https:\/\/canada.ul.com\/fr\/wp-json\/wp\/v2\/comments?post=21279"}],"version-history":[{"count":0,"href":"https:\/\/canada.ul.com\/fr\/wp-json\/wp\/v2\/pages\/21279\/revisions"}],"wp:attachment":[{"href":"https:\/\/canada.ul.com\/fr\/wp-json\/wp\/v2\/media?parent=21279"}],"curies":[{"name":"wp","href":"https:\/\/api.w.org\/{rel}","templated":true}]}}