{"id":20358,"date":"2017-01-18T20:53:34","date_gmt":"2017-01-18T20:53:34","guid":{"rendered":"https:\/\/canada.ul.com\/?page_id=20358"},"modified":"2025-06-09T17:52:46","modified_gmt":"2025-06-09T17:52:46","slug":"bulletins-de-certification-2017","status":"publish","type":"page","link":"https:\/\/canada.ul.com\/fr\/organismesresponsabledescodes\/certificationbulletins\/bulletins-de-certification-2017\/","title":{"rendered":"Bulletins de Certification 2017"},"content":{"rendered":"<p><a href=\"https:\/\/canada.ul.com\/wp-content\/uploads\/sites\/11\/2017\/01\/Bulletin-de-Certification_2017-05FRN-ULC-S60839.pdf\">Bulletin de Certification_2017-05(FRN)-ULC-S60839<\/a>\u00a0\u00a0Modifications des exigences de certification\u00a0Lettre sur l\u2019\u00e9tat \u2013 Aucune mesure n\u00e9cessaire pour CAN\/ULC-60839-11-1<\/p>\n<p><a href=\"https:\/\/canada.ul.com\/wp-content\/uploads\/sites\/11\/2017\/01\/Bulletin-de-Certification-2017-04FRN-ULC-S588.pdf\">Bulletin de Certification 2017-04(FRN)-ULC-S588<\/a>\u00a0Avis de revue des dossiers industriels &#8211; CSA 6.19-17 Avis de certification \u00a0&#8211; CAN\/ULC-S588<\/p>\n<p><a href=\"https:\/\/canada.ul.com\/wp-content\/uploads\/sites\/11\/2017\/01\/Bulletin-de-Certification-_2017-03FRN_ULC-S304.pdf\">Bulletin de Certification _2017-03(FRN)_ULC-S304<\/a>\u00a0Norme CAN\/ULC-S304-16 3 edition -Postes de contr\u00f4le d&#8217;alarme antivol de la central de r\u00e9ception d&#8217;alarme et du local Mise en oeuvre de la certification continue<\/p>\n<p><a href=\"https:\/\/canada.ul.com\/wp-content\/uploads\/sites\/11\/2017\/01\/Bulletin-de-Certification_2017-02AFRN-ULC-S559-1.pdf\">Bulletin de Certification_2017-02A(FRN)-ULC-S559 \u00a0<\/a>Services de r\u00e9seau t\u00e9l\u00e9phonique g\u00e9r\u00e9 dot\u00e9 d&#8217;installations (MFVN)<\/p>\n<p><a href=\"https:\/\/canada.ul.com\/wp-content\/uploads\/sites\/11\/2017\/01\/Bulletin-de-Certification_2017-02FRN-ULC-S559-Remplac\u00e9-.pdf\">Bulletin de Certification_2017-02(FRN)-ULC-S559-Remplac\u00e9<\/a>\u00a0Services de r\u00e9seau t\u00e9l\u00e9phonique g\u00e9r\u00e9 dot\u00e9 d&#8217;installations (MFVN)-Remplac\u00e9<\/p>\n<p><a href=\"https:\/\/canada.ul.com\/wp-content\/uploads\/sites\/11\/2017\/01\/Bulletin-de-Certification_2017-01FRN-ULC-S669-1.pdf\">Bulletin de Certification_2017-01(FRN)-ULC-S669<\/a>\u00a0<span style=\"color: #333333;font-family: 'Arial','sans-serif';font-size: 10pt\">Premi\u00e8re \u00e9dition de la norme CAN\/ULC-S669-14 \u2013 Norme sur les syst\u00e8mes de r\u00e9novation internes des r\u00e9servoirs souterrains pour les liquides inflammables et combustibles; <\/span><span style=\"color: #000000;font-family: Calibri\">recertification des syst\u00e8mes de r\u00e9novation interne des r\u00e9servoirs de stockage souterrains et des mat\u00e9riaux aux fins de la conformit\u00e9<\/span><\/p>\n","protected":false},"excerpt":{"rendered":"<p>Bulletin de Certification_2017-05(FRN)-ULC-S60839\u00a0\u00a0Modifications des exigences de certification\u00a0Lettre sur l\u2019\u00e9tat \u2013 Aucune mesure n\u00e9cessaire pour CAN\/ULC-60839-11-1 Bulletin de Certification 2017-04(FRN)-ULC-S588\u00a0Avis de revue des dossiers industriels &#8211; CSA 6.19-17 Avis de certification \u00a0&#8211; CAN\/ULC-S588 Bulletin de Certification [&hellip;]<\/p>\n","protected":false},"author":144,"featured_media":0,"parent":871,"menu_order":0,"comment_status":"closed","ping_status":"closed","template":"","meta":{"_acf_changed":false,"inline_featured_image":false,"footnotes":""},"class_list":["post-20358","page","type-page","status-publish","hentry"],"acf":[],"_links":{"self":[{"href":"https:\/\/canada.ul.com\/fr\/wp-json\/wp\/v2\/pages\/20358","targetHints":{"allow":["GET"]}}],"collection":[{"href":"https:\/\/canada.ul.com\/fr\/wp-json\/wp\/v2\/pages"}],"about":[{"href":"https:\/\/canada.ul.com\/fr\/wp-json\/wp\/v2\/types\/page"}],"author":[{"embeddable":true,"href":"https:\/\/canada.ul.com\/fr\/wp-json\/wp\/v2\/users\/144"}],"replies":[{"embeddable":true,"href":"https:\/\/canada.ul.com\/fr\/wp-json\/wp\/v2\/comments?post=20358"}],"version-history":[{"count":2,"href":"https:\/\/canada.ul.com\/fr\/wp-json\/wp\/v2\/pages\/20358\/revisions"}],"predecessor-version":[{"id":36645,"href":"https:\/\/canada.ul.com\/fr\/wp-json\/wp\/v2\/pages\/20358\/revisions\/36645"}],"up":[{"embeddable":true,"href":"https:\/\/canada.ul.com\/fr\/wp-json\/wp\/v2\/pages\/871"}],"wp:attachment":[{"href":"https:\/\/canada.ul.com\/fr\/wp-json\/wp\/v2\/media?parent=20358"}],"curies":[{"name":"wp","href":"https:\/\/api.w.org\/{rel}","templated":true}]}}