{"id":20354,"date":"2017-01-25T05:14:55","date_gmt":"2017-01-25T05:14:55","guid":{"rendered":"https:\/\/canada.ul.com\/?page_id=20354"},"modified":"2018-02-02T17:03:10","modified_gmt":"2018-02-02T17:03:10","slug":"bulletins-sur-les-normes-2017","status":"publish","type":"page","link":"https:\/\/canada.ul.com\/fr\/normesulc\/standardsbulletins\/bulletins-sur-les-normes-2017\/","title":{"rendered":"Bulletins Sur les Normes 2017"},"content":{"rendered":"<p><!-- a href=\"https:\/\/canada.ul.com\/wp-content\/uploads\/sites\/11\/2016\/01\/Standards_Bulletin_2016-01_S525-16_FR.pdf\" target=\"_blank\"&gt;Test&lt;\/a \/\/--><\/p>\n<p><a href=\"https:\/\/canada.ul.com\/wp-content\/uploads\/sites\/11\/2017\/01\/Standards_Bulletin_2017-02_S566-17_FR.pdf\" target=\"_blank\">Bulletin sur les normes 2017-02 CAN\/ULC-S566:2017, Norme sur les extincteurs aux agents propres \u00e0 l&#8217;halocarbure<\/a><\/p>\n<p><a href=\"https:\/\/canada.ul.com\/wp-content\/uploads\/sites\/11\/2017\/01\/Standards_Bulletin_2017-03_S641_FR.pdf\" target=\"_blank\">Bulletin sur les normes 2017-03 CAN\/ULC-S641:2017, Norme sur les raccords de chemin\u00e9e prefabriqu\u00e9es et les travers\u00e9es murales<\/a><\/p>\n<p><a href=\"https:\/\/canada.ul.com\/wp-content\/uploads\/sites\/11\/2017\/02\/Standards_Bulletin_2017-04_S712.1-17_FR.pdf\" target=\"_blank\">Bulletin sur les normes 2017-04 CAN\/ULC-S712.1:2017, Norme sur l&#8217;isolant thermique en mousse de polyur\u00e9thane semi-rigide pulv\u00e9ris\u00e9e, de faible densit\u00e9 et \u00e0 alv\u00e9oles ouverts &#8211; sp\u00e9cifications relatives au mat\u00e9riau<\/a><\/p>\n<p><a href=\"https:\/\/canada.ul.com\/wp-content\/uploads\/sites\/11\/2017\/02\/Standards_Bulletin_2017-05_S712.2-17_FR.pdf\" target=\"_blank\">Bulletin sur les normes 2017-05 CAN\/ULC-S712.2:2017, Norme sur l&#8217;isolant thermique en mousse de polyur\u00e9thane semi-rigide pulv\u00e9ris\u00e9e, de faible densit\u00e9 et \u00e0 alv\u00e9oles ouverts &#8211; installation<\/a><\/p>\n<p><a href=\"https:\/\/canada.ul.com\/wp-content\/uploads\/sites\/11\/2017\/03\/Standards_Bulletin_2017-06_S572-17_FR.pdf\" target=\"_blank\">Bulletin sur les normes 2017-06 CAN\/ULC-S572:2017, Norme sur les panneaux de signalisation d&#8217;issue et les syst\u00e8mes de marquage de parcours photoluminescents et autolumineux<\/a><\/p>\n<p><a href=\"https:\/\/canada.ul.com\/wp-content\/uploads\/sites\/11\/2017\/02\/Standards_Bulletin_2017-07_2577-13-AM2_FR.pdf\" target=\"_blank\">Bulletin sur les normes 2017-07 CAN\/ULC-S2577:2013-AM2, Norme relative \u00e0 l\u2019\u00e9quipement et syst\u00e8mes de distribution de l\u2019alimentation des treillis de plafond suspendu<\/a><\/p>\n<p><a href=\"https:\/\/canada.ul.com\/wp-content\/uploads\/sites\/11\/2017\/03\/Standards_Bulletin_2017-08_S603.1_FR.pdf\" target=\"_blank\">Bulletin sur les normes 2017-08 CAN\/ULC-S603.1:2017, Norme sur les syst\u00e8mes de protection contre la corrosion ext\u00e9rieure des r\u00e9servoirs enterr\u00e9s en acier pour les liquides inflammables et combustibles<\/a><\/p>\n<p><a href=\"https:\/\/canada.ul.com\/wp-content\/uploads\/sites\/11\/2017\/03\/Standards_Bulletin_2017-09_S701.1-17_FR.pdf\" target=\"_blank\">Bulletin sur les normes 2017-09 CAN\/ULC-S701.1:2017, Norme sur l\u2019isolant thermique en polystyr\u00e8ne<\/a><\/p>\n<p><a href=\"https:\/\/canada.ul.com\/wp-content\/uploads\/sites\/11\/2017\/05\/Standards_Bulletin_2017-10_S588-17_FR.doc.pdf\">Bulletin sur les normes 2017-10 CAN\/ULC-S588-17, Normes sur les Detecteurs et Capteurs de Gaz et de Vapeur, y Compris Les Accessoires<\/a><\/p>\n<p><a href=\"https:\/\/canada.ul.com\/wp-content\/uploads\/sites\/11\/2017\/06\/Standards-Bulletin_2017-11_S633_FR.pdf\">Bulletin sur les normes 2017-11 CAN\/ULC-S633:2017, Norme pour les tuyaux de raccordement flexibles pour carburants<\/a><\/p>\n<p><a href=\"https:\/\/canada.ul.com\/wp-content\/uploads\/sites\/11\/2018\/02\/Standards-Bulletin_2017-12_S664_FR_v2.pdf\">Bulletin sur les normes 2017-12 CAN\/ULC-S664:2017, Norme sur les puisards de confinement, raccords de puisard et accessories pour liquids inflammables et combustibles<\/a><\/p>\n<p><a href=\"http:\/\/canada.ul.com\/wp-content\/uploads\/sites\/11\/2017\/09\/Standards_Bulletin_2017-13_S525-16-REV1_FR.pdf\">Bulletin sur les normes 2017-13 CAN\/ULC-S525:2016-REV1, Norme Sur Dispoitifs de signalisation sonore des systemes d\u2019Alarme incendie, y compris les accessoires<\/a><\/p>\n<p><a href=\"http:\/\/canada.ul.com\/wp-content\/uploads\/sites\/11\/2017\/09\/Standards_Bulletin_2017-14_S526-16-REV1_FR.pdf\">Bulletin sur les normes 2017-14 CAN\/ULC-S526:2016-REV1, Norme Sur Appareils a signal visuel pour systemes d\u2019alarme incendie, y compris les accessoires<\/a><\/p>\n<p><a href=\"http:\/\/canada.ul.com\/wp-content\/uploads\/sites\/11\/2017\/09\/Standards_Bulletin_2017-15_S541-16-REV1_FR.pdf\">Bulletin sur les normes 2017-15 CAN\/ULC-S541:2016-REV1, Norme Sur Haut-parleurs pour r\u00e9seaux avertisserurs d\u2019incendie et syst\u00e8mes de signalisation, y compris les accessoires<\/a><\/p>\n<p><a href=\"https:\/\/canada.ul.com\/wp-content\/uploads\/sites\/11\/2017\/08\/Standards_Bulletin_2017-16_S137-17_FR.pdf\">Bulletin sur les normes 2017-16 CAN\/ULC-S137:2017, M\u00e9thode d&#8217;essai normalis\u00e9e pour la propagation du feu sur les matelas (essai \u00e0 la flamme nue)<\/a><\/p>\n<p><a href=\"https:\/\/canada.ul.com\/wp-content\/uploads\/sites\/11\/2017\/08\/Standards_Bulletin_2017-17_S139-17_FR.pdf\">Bulletin sur les normes 2017-17 CAN\/ULC-S139:2017, Normes sur d&#8217;essai de r\u00e9sistance au feu pour l&#8217;\u00e9valuation de l&#8217;int\u00e9grit\u00e9 des circuits des c\u00e2bles d&#8217;alimentation, de l&#8217;instrumentation, des contr\u00f4les et de donn\u00e9es<\/a><\/p>\n<p><a href=\"https:\/\/canada.ul.com\/wp-content\/uploads\/sites\/11\/2017\/11\/Standards_Bulletin_2017-18_S102.4-17_FR.pdf\" target=\"_blank\">Bulletin sur les normes 2017-18 CAN\/ULC-S102.4:2017, M\u00e9thode d&#8217;essai normalis\u00e9e caract\u00e9ristiques de r\u00e9sistance au feu et \u00e0 la fum\u00e9e des fils et c\u00e2bles \u00e9lectriques et des canalisations non m\u00e9talliques<\/a><\/p>\n<p><a href=\"https:\/\/canada.ul.com\/wp-content\/uploads\/sites\/11\/2017\/11\/Standards-Bulletin_2017-19_S679_FR.pdf\">Bulletin sur les normes 2017-19 CAN\/ULC-S679:2017, Norme sur les canalisations souterraines m\u00e9talliques et non m\u00e9talliques pour liquides inflammables et combustibles<\/a><\/p>\n<p><a href=\"https:\/\/canada.ul.com\/wp-content\/uploads\/sites\/11\/2017\/11\/Standards_Bulletin_2017-20_S675.1-14-REV1_fr.pdf\">Bulletin sur les normes 2017-20 CAN\/ULC-S675.1-14-REV1, Norme sur les dispositifs de d\u00e9tection des fuites volum\u00e9triques pour les r\u00e9servoirs de stockage souterrains et hors sol de liquides inflammables et combustibles<\/a><\/p>\n<p><a href=\"https:\/\/canada.ul.com\/wp-content\/uploads\/sites\/11\/2017\/11\/Standards_Bulletin_2017-21_S675.2-14-REV1_fr.pdf\">Bulletin sur les normes 2017-21 CAN\/ULC-S675.2-14-REV1, Norme sur les dispositifs de d\u00e9tection des fuites de pr\u00e9cision non volum\u00e9triques pour les r\u00e9servoirs de stockage et les tuyauteries, souterrains et hors sol, de liquides inflammables et combustibles<\/a><\/p>\n<p><a href=\"https:\/\/canada.ul.com\/wp-content\/uploads\/sites\/11\/2017\/11\/Standards_Bulletin_2017-22_S704.1-17_FR.pdf\">Bulletin sur les normes 2017-22 CAN\/ULC-S704.1:2017 (auparavant CAN\/ULC-S704), Norme sur l&#8217;isolant thermique en polyur\u00e9thane et en polyisocyanurate : panneaux rev\u00eatus<\/a><\/p>\n<p><a href=\"https:\/\/canada.ul.com\/wp-content\/uploads\/sites\/11\/2017\/11\/Standards_Bulletin_2017-23_S717.1-17_FR.pdf\">Bulletin sur les normes 2017-23 CAN\/ULC-S717.1:2017, Norme sur les unit\u00e9s de coffrage \u00e0 b\u00e9ton isolants pour murs plats &#8211; propri\u00e9t\u00e9s des mat\u00e9riaux<\/a><\/p>\n<p><a href=\"https:\/\/canada.ul.com\/wp-content\/uploads\/sites\/11\/2018\/01\/Standards_Bulletin_2017-24_2115_FR.pdf\">Bulletin sur les normes 2017-24 ANSI\/CAN\/UL\/ULC 2115:2017, Norme sur les b\u00fbches et les allume-feu pr\u00e9fabriqu\u00e9s en combustible solide<\/a><\/p>\n","protected":false},"excerpt":{"rendered":"<p>Bulletin sur les normes 2017-02 CAN\/ULC-S566:2017, Norme sur les extincteurs aux agents propres \u00e0 l&#8217;halocarbure Bulletin sur les normes 2017-03 CAN\/ULC-S641:2017, Norme sur les raccords de chemin\u00e9e prefabriqu\u00e9es et les travers\u00e9es murales Bulletin sur les [&hellip;]<\/p>\n","protected":false},"author":197,"featured_media":0,"parent":942,"menu_order":39,"comment_status":"open","ping_status":"closed","template":"","meta":{"_acf_changed":false,"inline_featured_image":false,"footnotes":""},"class_list":["post-20354","page","type-page","status-publish","hentry"],"acf":[],"_links":{"self":[{"href":"https:\/\/canada.ul.com\/fr\/wp-json\/wp\/v2\/pages\/20354","targetHints":{"allow":["GET"]}}],"collection":[{"href":"https:\/\/canada.ul.com\/fr\/wp-json\/wp\/v2\/pages"}],"about":[{"href":"https:\/\/canada.ul.com\/fr\/wp-json\/wp\/v2\/types\/page"}],"author":[{"embeddable":true,"href":"https:\/\/canada.ul.com\/fr\/wp-json\/wp\/v2\/users\/197"}],"replies":[{"embeddable":true,"href":"https:\/\/canada.ul.com\/fr\/wp-json\/wp\/v2\/comments?post=20354"}],"version-history":[{"count":0,"href":"https:\/\/canada.ul.com\/fr\/wp-json\/wp\/v2\/pages\/20354\/revisions"}],"up":[{"embeddable":true,"href":"https:\/\/canada.ul.com\/fr\/wp-json\/wp\/v2\/pages\/942"}],"wp:attachment":[{"href":"https:\/\/canada.ul.com\/fr\/wp-json\/wp\/v2\/media?parent=20354"}],"curies":[{"name":"wp","href":"https:\/\/api.w.org\/{rel}","templated":true}]}}