{"id":18303,"date":"2016-01-07T15:21:11","date_gmt":"2016-01-07T15:21:11","guid":{"rendered":"https:\/\/canada.ul.com\/?page_id=18303"},"modified":"2025-06-09T17:51:35","modified_gmt":"2025-06-09T17:51:35","slug":"bulletins-de-certification-2016","status":"publish","type":"page","link":"https:\/\/canada.ul.com\/fr\/organismesresponsabledescodes\/certificationbulletins\/bulletins-de-certification-2016\/","title":{"rendered":"Bulletins de Certification 2016"},"content":{"rendered":"<p><a href=\"https:\/\/canada.ul.com\/wp-content\/uploads\/sites\/11\/2016\/01\/Bulletin-de-Certification-2016-05FRN-ULC-ORD-C634-16.pdf\">Bulletin de Certification2016-05(FRN)-ULC\/ORD C634-16<\/a>\u00a0Deuxi\u00e8me \u00e9dition &#8211; ULC\/ORD-C634-16- Connectors and Switches for Use with Burglar Alarm Systems<\/p>\n<p><a href=\"https:\/\/canada.ul.com\/wp-content\/uploads\/sites\/11\/2016\/01\/Bulletin-de-Certification_2016-04FRN_ULC-S525-S526-S541.pdf\">Bulletin de Certification_2016-04 (FRN)-ULC-S525-S526-S541<\/a>\u00a0<span style=\"font-size: large;\">Mise en oeuvre de la certification continue pour les normes S525, S526 et S541<\/span><b> <\/b><\/p>\n<p><a href=\"https:\/\/canada.ul.com\/wp-content\/uploads\/sites\/11\/2016\/01\/Bulletin-de-Certification-2016-03AENG-ULC-S559_Effective-Date-Extension.pdf\">B<\/a><a href=\"https:\/\/canada.ul.com\/wp-content\/uploads\/sites\/11\/2016\/01\/Bulletin-de-Certification-2016-03AENG-ULC-S559_Effective-Date-Extension.pdf\">ulletin de Certification 2016-03A(ENG)-ULC-S559_Effective Date Extension<\/a>\u00a0Report de date d\u2019entr\u00e9e en vigueur \u2013 CAN\/ULC-S559-13, 2<sup>e<\/sup>\u00a0edition \u00c9quipement des syst\u00e8mes et des centrales de r\u00e9ception d\u2019alarme incendie<\/p>\n<p><a href=\"https:\/\/canada.ul.com\/wp-content\/uploads\/sites\/11\/2016\/01\/Bulletin-de-Certification_2016-03FRN-ULC-S559-Superseded.pdf\">Bulletin de Certification_2016-03(FRN)-ULC-S559-Superseded<\/a>\u00a0Deuxi\u00e8me \u00e9dition de la norme CAN\/ULC-S559-13 \u2013 \u00c9quipement des syst\u00e8mes et des centrales de r\u00e9ception d&#8217;alarme incendie DEMANDE DE COMMENTAIRES \u2013 REPORT PROPOS\u00c9 DE LA DATE D&#8217;ENTR\u00c9E EN VIGUEUR<\/p>\n<p><a href=\"https:\/\/canada.ul.com\/wp-content\/uploads\/sites\/11\/2016\/01\/Bulletin-de-Certification_2016-02AFRN-ULC-S527_Effective-Date-Extension.pdf\">Bulletin de Certification_2016-02A(FRN)-ULC-S527_Effective Date Extension<\/a>\u00a0\u00a0Report de date d&#8217;entr\u00e9e\u00a0 en vigueur &#8211; CAN\/ULC-S527-11, 3e\u00a0edition\u00a0Norme sur les postes de contr\u00f4le pour les r\u00e9seaux avertisseurs d\u2019incendie<\/p>\n<p><a href=\"https:\/\/canada.ul.com\/wp-content\/uploads\/sites\/11\/2016\/01\/Bulletin-de-Certification_2016-02FRN-ULC-S527-Superseded.pdf\">Bulletin de Certification_2016-02(FRN)-ULC-S527-Superseded<\/a>\u00a0 <span style=\"font-size: large;\">Troisi\u00e8me \u00e9dition de la norme CAN\/ULC-S527-11 \u2013 Postes de contr\u00f4le pour les r\u00e9seaux avertisseurs d&#8217;incendie <\/span>DEMANDE DE COMMENTAIRES \u2013 REPORT PROPOS\u00c9 DE LA DATE D&#8217;ENTR\u00c9E EN VIGUEUR<\/p>\n<p><a href=\"https:\/\/canada.ul.com\/wp-content\/uploads\/sites\/11\/2016\/01\/Bulletin-de-Certification_2016-01AFRN-ULC-C100_Effective-Date-Extension2.pdf\">Bulletin de Certification_2016-01A(FRN)-ULC-C100_Effective Date Extension<\/a>\u00a0 Report de date d&#8217;entr\u00e9e\u00a0 en\u00a0vigueur\u00a0 -ULC\/ORD-C100-13, 2 \u00e9dition\u00a0 \u00c9quipement de syst\u00e8me de d\u00e9senfumage<\/p>\n<p><a href=\"https:\/\/canada.ul.com\/wp-content\/uploads\/sites\/11\/2016\/01\/Bulletin-de-Certification_2016-01FRN-ULC-C100-Superseded.pdf\">Bulletin de Certification_2016-01(FRN)-ULC-C100-Superseded<\/a>\u00a0Deuxi\u00e8me \u00e9dition de l&#8217;autre document reconnu\u00a0ULC\/ORD-C100-13\u00a0\u2013\u00a0Smoke Control Systems Equipment DEMANDE DE COMMENTAIRES \u2013 REPORT PROPOS\u00c9 DE LA DATE D&#8217;ENTR\u00c9E EN VIGUEUR<\/p>\n","protected":false},"excerpt":{"rendered":"<p>Bulletin de Certification2016-05(FRN)-ULC\/ORD C634-16\u00a0Deuxi\u00e8me \u00e9dition &#8211; ULC\/ORD-C634-16- Connectors and Switches for Use with Burglar Alarm Systems Bulletin de Certification_2016-04 (FRN)-ULC-S525-S526-S541\u00a0Mise en oeuvre de la certification continue pour les normes S525, S526 et S541 Bulletin de [&hellip;]<\/p>\n","protected":false},"author":144,"featured_media":0,"parent":871,"menu_order":0,"comment_status":"closed","ping_status":"closed","template":"","meta":{"_acf_changed":false,"inline_featured_image":false,"footnotes":""},"class_list":["post-18303","page","type-page","status-publish","hentry"],"acf":[],"_links":{"self":[{"href":"https:\/\/canada.ul.com\/fr\/wp-json\/wp\/v2\/pages\/18303","targetHints":{"allow":["GET"]}}],"collection":[{"href":"https:\/\/canada.ul.com\/fr\/wp-json\/wp\/v2\/pages"}],"about":[{"href":"https:\/\/canada.ul.com\/fr\/wp-json\/wp\/v2\/types\/page"}],"author":[{"embeddable":true,"href":"https:\/\/canada.ul.com\/fr\/wp-json\/wp\/v2\/users\/144"}],"replies":[{"embeddable":true,"href":"https:\/\/canada.ul.com\/fr\/wp-json\/wp\/v2\/comments?post=18303"}],"version-history":[{"count":4,"href":"https:\/\/canada.ul.com\/fr\/wp-json\/wp\/v2\/pages\/18303\/revisions"}],"predecessor-version":[{"id":36644,"href":"https:\/\/canada.ul.com\/fr\/wp-json\/wp\/v2\/pages\/18303\/revisions\/36644"}],"up":[{"embeddable":true,"href":"https:\/\/canada.ul.com\/fr\/wp-json\/wp\/v2\/pages\/871"}],"wp:attachment":[{"href":"https:\/\/canada.ul.com\/fr\/wp-json\/wp\/v2\/media?parent=18303"}],"curies":[{"name":"wp","href":"https:\/\/api.w.org\/{rel}","templated":true}]}}