{"id":18287,"date":"2016-01-07T14:39:07","date_gmt":"2016-01-07T14:39:07","guid":{"rendered":"https:\/\/canada.ul.com\/?page_id=18287"},"modified":"2017-09-19T20:04:35","modified_gmt":"2017-09-19T20:04:35","slug":"bulletins-sur-les-normes-2016","status":"publish","type":"page","link":"https:\/\/canada.ul.com\/fr\/normesulc\/standardsbulletins\/bulletins-sur-les-normes-2016\/","title":{"rendered":"Bulletins Sur les Normes 2016"},"content":{"rendered":"<p><a href=\"https:\/\/canada.ul.com\/wp-content\/uploads\/sites\/11\/2016\/01\/Standards_Bulletin_2016-01_S525-16_FR.pdf\" target=\"_blank\">Bulletin sur les normes 2016-01 CAN\/ULC-S525:2016, Dispositifs de signalisation sonore des syst\u00e8mes d&#8217;alarme incendie, y compris les accessoires<\/a><\/p>\n<p><a href=\"https:\/\/canada.ul.com\/wp-content\/uploads\/sites\/11\/2016\/01\/Standards_Bulletin_2016-02_S526_2016_fr.pdf\" target=\"_blank\">Bulletin sur les normes 2016-02 CAN\/ULC-S526:2016, Appareils \u00e0 signal visuel pour syst\u00e8mes d&#8217;alarme incendie, y compris les accessoires<\/a><\/p>\n<p><a href=\"https:\/\/canada.ul.com\/wp-content\/uploads\/sites\/11\/2016\/01\/Standards_Bulletin_2016-03_S541-16_FR.pdf\" target=\"_blank\">Bulletin sur les normes 2016-03 CAN\/ULC-S541:2016, Haut-parleurs pour r\u00e9seaux avertisseurs d&#8217;incendie et syst\u00e8mes de signalisation, y compris les accessoires <\/a><\/p>\n<p><a href=\"https:\/\/canada.ul.com\/wp-content\/uploads\/sites\/11\/2016\/01\/CAN-ULC-S620-2016_Standards-Bulletin_2016-04_fr.pdf\" target=\"_blank\">Bulletin sur les normes 2016-04 CAN\/ULC-S620:2016, Norme sur les pistolets pour liquides inflammables et combustibles<\/a><\/p>\n<p><a href=\"https:\/\/canada.ul.com\/wp-content\/uploads\/sites\/11\/2016\/01\/CAN-ULC-S651-2016_Standards-Bulletin_2016-05_fr.pdf\" target=\"_blank\">Bulletin sur les normes 2016-05 CAN\/ULC-S651:2016, Norme sur les robinets d\u2019urgence pour liquides inflammables et combustibles<\/a><\/p>\n<p><a href=\"https:\/\/canada.ul.com\/wp-content\/uploads\/sites\/11\/2016\/01\/Standards_Bulletin_2016-06_-S529-16_FR.pdf\" target=\"_blank\">Bulletin sur les normes 2016-06 CAN\/ULC-S529:2016, Norme sur les d\u00e9tecteurs de fum\u00e9e pour les syst\u00e8mes d&#8217;alarme incendie<\/a><\/p>\n<p><a title=\"Bulletin sur les normes 2016-07\" href=\"https:\/\/canada.ul.com\/wp-content\/uploads\/sites\/11\/2016\/02\/Standards_Bulletin_2016-07_S524-14-AMD1_fr.pdf\">Bulletin sur les norms 2016-07 CAN\/ULC-S524:2014-AMD1, Modification 1 de la <span style=\"font-size: small;\">sixi\u00e8me \u00e9dition de la\u00a0Norme sur l&#8217;installation des syst\u00e8mes d&#8217;alarme incendie <\/span><\/a><\/p>\n<p><a href=\"https:\/\/canada.ul.com\/wp-content\/uploads\/sites\/11\/2016\/01\/CAN-ULC-S653-2016_Standards-Bulletin_2016-08_fr.pdf\" target=\"_blank\">Bulletin sur les normes 2016-08 CAN\/ULC-S653:2016, Norme sur les ensembles r\u00e9servoirs de confinement en acier horizontaux hors sol pour les liquides inflammables et combustibles<\/a><\/p>\n<p><a href=\"https:\/\/canada.ul.com\/wp-content\/uploads\/sites\/11\/2016\/02\/CAN-ULC-S652-2016_Standards-Bulletin_2016-09_fr.pdf\" target=\"_blank\">Bulletin sur les normes 2016-09 CAN\/ULC-S652:2016, Norme sur les ensembles r\u00e9servoirs destin\u00e9s \u00e0 la collecte, au stockage et \u00e0 l&#8217;enl\u00e8vement de l&#8217;huile usag\u00e9e<\/a><\/p>\n<p><a href=\"https:\/\/canada.ul.com\/wp-content\/uploads\/sites\/11\/2016\/02\/Standards_Bulletin_2016-10_S103-16_FR-locked.pdf\" target=\"_blank\">Bulletin sur les normes 2016-10 CAN\/ULC-S103:2016, Sp\u00e9cification normalis\u00e9e pour portes coupe-feu \u00e0 rev\u00eatement m\u00e9tallique satisfaisant aux exigences de la norme CAN\/ULC-S104<\/a><\/p>\n<p><a href=\"https:\/\/canada.ul.com\/wp-content\/uploads\/sites\/11\/2016\/02\/Standards_Bulletin_2016-11_S105-16_FR-locked.pdf\" target=\"_blank\">Bulletin sur les normes 2016-11 CAN\/ULC-S105:2016, Norme sur les cadres de porte coupe-feu satisfaisant aux exigences de rendement de la norme CAN\/ULC-S104<\/a><\/p>\n<p><a href=\"https:\/\/canada.ul.com\/wp-content\/uploads\/sites\/11\/2016\/02\/Standards_Bulletin_2016-12_S113-16_FR-locked.pdf\" target=\"_blank\">Bulletin sur les normes 2016-12 CAN\/ULC-S113:2016, Sp\u00e9cification de norme : porte \u00e0 \u00e2me de bois satisfaisant aux exigences de rendement de CAN\/ULC-S104 pour les dispositifs de fermeture ayant un degr\u00e9 de r\u00e9sistance au feu de vingt minutes<\/a><\/p>\n<p><a href=\"https:\/\/canada.ul.com\/wp-content\/uploads\/sites\/11\/2016\/02\/Standards_Bulletin_2016-13_S133-16_FR-locked.pdf\" target=\"_blank\">Bulletin sur les normes 2016-13 CAN\/ULC-S133:2016, M\u00e9thode d\u2019essai normalis\u00e9e sur les ferme-portes con\u00e7us pour \u00eatre utilis\u00e9s avec des portes battantes<\/a><\/p>\n<p><a title=\"Bulletin sur les normes 2016-14\" href=\"https:\/\/canada.ul.com\/wp-content\/uploads\/sites\/11\/2016\/02\/Standards_Bulletin_2016-14_60839-11-1-2016_fr.pdf\" target=\"_blank\">Bulletin sur les normes 2016-14 CAN\/ULC-60839-11-1:2016, Syst\u00e8mes d&#8217;alarme et de s\u00e9curit\u00e9 \u00e9lectroniques \u2013 Partie\u00a011.1\u00a0: Syst\u00e8mes de contr\u00f4le d&#8217;acc\u00e8s \u00e9lectronique \u2013 Exigences syst\u00e8me et exigences concernant les composants\u00a0<\/a><\/p>\n<p><a title=\"Bulletin sur les normes 2016-15\" href=\"https:\/\/canada.ul.com\/wp-content\/uploads\/sites\/11\/2016\/03\/Standards_Bullletin_2016-15_Interpretation_of_CAN-ULC-S559-13_FR.pdf\" target=\"_blank\">Bulletin sur les normes 2016-15 [INTERPR\u00c9TATION] CAN\/ULC-S559:2013, Norme sur l&#8217;\u00e9quipement des syst\u00e8mes et des centrales de r\u00e9ception d&#8217;alarme incendie<\/a><\/p>\n<p><a title=\"Bulletin sur les normes 2016-16\" href=\"https:\/\/canada.ul.com\/wp-content\/uploads\/sites\/11\/2016\/04\/Standards_Bulletin_2016-16_S304-2016_fr.pdf\"_blank\">Bulletin sur les normes 2016-16 CAN\/ULC-S304:2016, Norme sur les postes de contr\u00f4le, les accessoires et l&#8217;\u00e9quipement de r\u00e9ception pour les syst\u00e8mes d&#8217;alarme anti-intrusion<\/a><\/p>\n<p><a title=\"Bulletin sur les normes 2016-17\" href=\"https:\/\/canada.ul.com\/wp-content\/uploads\/sites\/11\/2016\/04\/Standards_Bulletin_2016-17_S702.1-14-AMD1_FR3.pdf\" target=\"_blank\">Bulletin sur les normes 2016-17, CAN\/ULC-S702.1:2014-AMD1, premi\u00e8re modification \u00e0 la troisi\u00e8me \u00e9dition de la norme sur l\u2019isolant thermique de fibres min\u00e9rales pour b\u00e2timents, partie 1 : sp\u00e9cifications relatives aux mat\u00e9riau<\/a><\/p>\n<p><a href=\"https:\/\/canada.ul.com\/wp-content\/uploads\/sites\/11\/2016\/04\/CAN-ULC-S612-2016_Standards-Bulletin_2016-18_fr.pdf\" target=\"_blank\">Bulletin sur les normes 2016-18 CAN\/ULC-S612:2016, Norme sur les tuyaux flexibles et tuyaux flexibles \u00e0 raccords pour liquides inflammables et combustibles<\/a><\/p>\n<p><a href=\"https:\/\/canada.ul.com\/wp-content\/uploads\/sites\/11\/2016\/05\/CAN-ULC-S642-2016_Standards-Bulletin_2016-19_fr.pdf\" target=\"_blank\">Bulletin sur les normes 2016-19 CAN\/ULC-S642:2016, Norme sur les compos\u00e9s et rubans pour joints de tuyau filet\u00e9s<\/a><\/p>\n<p><a href=\"https:\/\/canada.ul.com\/wp-content\/uploads\/sites\/11\/2016\/06\/CAN-ULC-S634-2016_Standards-Bulletin_2016-20_fr1.pdf\" target=\"_blank\">Bulletin sur les normes 2016-20 CAN\/ULC-S634:2016, Norme sur les raccords pivotants \u00e0 tuyau flexible<br \/>\npour liquides inflammables et combustibles<\/a><\/p>\n<p><a href=\"https:\/\/canada.ul.com\/wp-content\/uploads\/sites\/11\/2016\/08\/Locked-CAN-ULC-S644-2016_Standards-Bulletin_2016-21_fr.pdf\" target=\"_blank\">Bulletin sur les normes 2016-21 CAN\/ULC-S644:2016, Norme Sur les raccords frangibles d&#8217;urgence  pour liquides inflammables et combustibles<\/a><\/p>\n<p><a href=\"https:\/\/canada.ul.com\/wp-content\/uploads\/sites\/11\/2016\/07\/Standards_Bulletin_2016-22_S520-16_FR.pdf\" target=\"_blank\">Bulletin sur les normes 2016-22 CAN\/ULC-S520:2016, Norme sur les poteaux d&#8217;incendie<\/a><\/p>\n<p><a href=\"https:\/\/canada.ul.com\/wp-content\/uploads\/sites\/11\/2016\/07\/Standards_Bulletin_2016-23_S2580-13-AM1_FR.pdf\" target=\"_blank\">Bulletin sur les normes 2016-23 CAN\/ULC-S2580:2013-AM1, Norme sur les batteries pour v\u00e9hicules \u00e9lectriques<\/a><\/p>\n<p><a href=\"https:\/\/canada.ul.com\/wp-content\/uploads\/sites\/11\/2016\/06\/Standards_Bulletin_2016-24_S650-16_FR.pdf\" target=\"_blank\">Bulletin sur les normes 2016-24 ULC-S650, Standard for the Installation and Performance of Ventilation and Fire Suppression Systems for Commercial and Institutional Cooking Equipment<\/a><\/p>\n<p><a href=\"https:\/\/canada.ul.com\/wp-content\/uploads\/sites\/11\/2016\/06\/Standards_Bulletin_2016-25_S710.2-16_FR.pdf\" target=\"_blank\">Bulletin sur les normes 2016-25 CAN\/ULC-710.2, Norme sur l\u2019isolant thermique \u2013 mousse d\u2019\u00e9tanch\u00e9it\u00e9 \u00e0 l\u2019air de polyur\u00e9thane monocomposant appliqu\u00e9e en cordon, partie 2 : installation<\/a><\/p>\n<p><a href=\"https:\/\/canada.ul.com\/wp-content\/uploads\/sites\/11\/2016\/06\/Standards_Bulletin_2016-26_S711.2-16_FR-1.pdf\" target=\"_blank\">Bulletin sur les normes 2016-26 CAN\/ULC-711.2, Norme sur l\u2019isolant thermique \u2013 mousse d\u2019\u00e9tanch\u00e9it\u00e9 \u00e0 l\u2019air de polyur\u00e9thane bicomposant appliqu\u00e9e en cordon, partie 2 : installation<\/a><\/p>\n<p><a href=\"https:\/\/canada.ul.com\/wp-content\/uploads\/sites\/11\/2016\/09\/Standards_Bulletin_2016-27_S529-rev2016_fr.pdf\" target=\"_blank\">Bulletin sur les norms 2016-27 CAN\/ULC-S529:2016-REV2016, Norme sur les d\u00e9tecteurs de fum\u00e9e pour les syst\u00e8mes d&#8217;alarme incendie<\/a><\/p>\n<p><a href=\"https:\/\/canada.ul.com\/wp-content\/uploads\/sites\/11\/2016\/07\/Standards_Bulletin_2016-28_S605_FR.pdf\" target=\"_blank\">Bulletin sur les normes 2016-28 CAN\/ULC-S605:2016, Norme sur les conduits d\u2019\u00e9vacuation \u00e0 gaz<\/a><\/p>\n<p><a href=\"https:\/\/canada.ul.com\/wp-content\/uploads\/sites\/11\/2016\/07\/Standards_Bulletin_2016-29_S609_FR.pdf\" target=\"_blank\">Bulletin sur les normes 2016-29 CAN\/ULC-S609:2016, Norme sur les conduits d\u2019\u00e9vacuation \u00e0 basse temp\u00e9rature de types L et PL.<\/a><\/p>\n<p><a href=\"https:\/\/canada.ul.com\/wp-content\/uploads\/sites\/11\/2016\/08\/Standards_Bulletin_2016-30_S635_FR.pdf\" target=\"_blank\">Bulletin sur les normes 2016-30 CAN\/ULC-S635:2016, Norme sur les syst\u00e8mes de chemisage pour les ouvrages de ma\u00e7onnerie existants ou les chemin\u00e9es et les conduits d\u2019\u00e9vacuation pr\u00e9fabriqu\u00e9s<\/a><\/p>\n<p><a href=\"https:\/\/canada.ul.com\/wp-content\/uploads\/sites\/11\/2016\/08\/Standards_Bulletin_2016-31_S640_FR.pdf\" target=\"_blank\">Bulletin sur les normes 2016-31 CAN\/ULC-S640:2016, Norme sur les syst\u00e8mes de chemisage pour les nouvelles chemin\u00e9es de ma\u00e7onnerie<\/a><\/p>\n<p><a href=\"https:\/\/canada.ul.com\/wp-content\/uploads\/sites\/11\/2016\/08\/Standards_Bulletin_2016-32_60855-1_FR.pdf\" target=\"_blank\">Bulletin sur les normes 2016-32 CAN\/ULC-IEC 60855-1:2016, Travaux sous tension \u2013 Tubes isolants remplis de mousse et tiges isolantes pleines \u2013 Partie 1: Tubes et tiges de section circulaire<\/a><\/p>\n<p><a href=\"https:\/\/canada.ul.com\/wp-content\/uploads\/sites\/11\/2016\/09\/Standards_Bulletin_2016-34_S142-16_FR.pdf\" target=\"_blank\">Bulletin sur les normes 2016-34 CAN\/ULC-S142:2016, M\u00e9thode d\u2019essai normalis\u00e9e de comportement au feu pour la production de chaleur et de fum\u00e9e visible des produits discrets<\/a><\/p>\n<p><a href=\"https:\/\/canada.ul.com\/wp-content\/uploads\/sites\/11\/2016\/12\/Standards_Bulletin_2016-37_S132-16_FR-1.pdf\" target=\"_blank\">Bulletin sur les normes 2016-37 CAN\/ULC-S132:2016, M\u00e9thode d\u2019essai normalis\u00e9e des serrures antipaniques des issues de secours et des portes coup-feu<\/a><\/p>\n<p><a href=\"https:\/\/canada.ul.com\/wp-content\/uploads\/sites\/11\/2016\/12\/Standards_Bulletin_2016-38_S554-16_FR.pdf\" target=\"_blank\">Bulletin sur les normes 2016-38 CAN\/ULC-S554:2016, Extincteurs \u00e0 agent \u00e0 base d&#8217;eau<\/a><\/p>\n<p><a href=\"https:\/\/canada.ul.com\/wp-content\/uploads\/sites\/11\/2016\/12\/Standards_Bulletin_2016-40_1201-16_FR.pdf\" target=\"_blank\">Bulletin sur les normes 2016-40 ANSI\/CAN\/UL\/ULC 1201, Norme sur les dispositifs antirefoulement \u00e0 capteurs<\/a><\/p>\n<p><a href=\"https:\/\/canada.ul.com\/wp-content\/uploads\/sites\/11\/2016\/12\/Standards_Bulletin_2016-41_-S531-02_FR.pdf\" target=\"_blank\">Bulletin sur les normes 2016-41 CAN\/ULC-S531, Norme sur les avertisseurs de fum\u00e9e<\/a><\/p>\n<p><a href=\"https:\/\/canada.ul.com\/wp-content\/uploads\/sites\/11\/2016\/12\/Standards_Bulletin_2016-42_S706.1-16_FR.pdf\" target=\"_blank\">Bulletin sur les normes 2016-42 CAN\/ULC-S706.1:2016, Norme sur les panneaux isolants en fibre de bois pour b\u00e2timents<\/a><\/p>\n<p><a href=\"https:\/\/canada.ul.com\/wp-content\/uploads\/sites\/11\/2017\/01\/Standards_Bulletin_2016-43_S604_FR-Copy.pdf\" target=\"_blank\">Bulletin sur les normes 2016-43 CAN\/ULC-S604:2016, Norme sur les chemin\u00e9es pr\u00e9fabriqu\u00e9es de type A<\/a><\/p>\n<p><a href=\"https:\/\/canada.ul.com\/wp-content\/uploads\/sites\/11\/2017\/01\/Standards_Bulletin_2016-44_S629_FR.pdf\" target=\"_blank\">Bulletin sur les normes 2016-44 CAN\/ULC-S629:2016, Norme sur les chemin\u00e9es pr\u00e9fabriqu\u00e9es pour des temp\u00e9ratures n\u2019exc\u00e9dent pas 650 \u00b0C<\/a><\/p>\n","protected":false},"excerpt":{"rendered":"<p>Bulletin sur les normes 2016-01 CAN\/ULC-S525:2016, Dispositifs de signalisation sonore des syst\u00e8mes d&#8217;alarme incendie, y compris les accessoires Bulletin sur les normes 2016-02 CAN\/ULC-S526:2016, Appareils \u00e0 signal visuel pour syst\u00e8mes d&#8217;alarme incendie, y compris les [&hellip;]<\/p>\n","protected":false},"author":197,"featured_media":0,"parent":942,"menu_order":0,"comment_status":"open","ping_status":"closed","template":"","meta":{"_acf_changed":false,"inline_featured_image":false,"footnotes":""},"class_list":["post-18287","page","type-page","status-publish","hentry"],"acf":[],"_links":{"self":[{"href":"https:\/\/canada.ul.com\/fr\/wp-json\/wp\/v2\/pages\/18287","targetHints":{"allow":["GET"]}}],"collection":[{"href":"https:\/\/canada.ul.com\/fr\/wp-json\/wp\/v2\/pages"}],"about":[{"href":"https:\/\/canada.ul.com\/fr\/wp-json\/wp\/v2\/types\/page"}],"author":[{"embeddable":true,"href":"https:\/\/canada.ul.com\/fr\/wp-json\/wp\/v2\/users\/197"}],"replies":[{"embeddable":true,"href":"https:\/\/canada.ul.com\/fr\/wp-json\/wp\/v2\/comments?post=18287"}],"version-history":[{"count":0,"href":"https:\/\/canada.ul.com\/fr\/wp-json\/wp\/v2\/pages\/18287\/revisions"}],"up":[{"embeddable":true,"href":"https:\/\/canada.ul.com\/fr\/wp-json\/wp\/v2\/pages\/942"}],"wp:attachment":[{"href":"https:\/\/canada.ul.com\/fr\/wp-json\/wp\/v2\/media?parent=18287"}],"curies":[{"name":"wp","href":"https:\/\/api.w.org\/{rel}","templated":true}]}}