{"id":18046,"date":"2015-11-03T15:25:28","date_gmt":"2015-11-03T15:25:28","guid":{"rendered":"https:\/\/canada.ul.com\/?page_id=18046"},"modified":"2020-07-07T17:17:29","modified_gmt":"2020-07-07T17:17:29","slug":"servicedecertificationsurplace","status":"publish","type":"page","link":"https:\/\/canada.ul.com\/fr\/programmesulc\/servicedecertificationsurplace\/","title":{"rendered":"Service de certification sur place"},"content":{"rendered":"<h6><span style=\"color: #800000\">Le programme de certification sur place d\u2019ULC vous permet de certifier ais\u00e9ment des produits sur place ou sur le site du fabricant.<\/span><\/h6>\n<p><strong>Une certification ponctuelle pour une production en petits lots ou un nombre pr\u00e9cis d\u2019unit\u00e9s pour toute une gamme de produits<\/strong><\/p>\n<p><a href=\"https:\/\/canada.ul.com\/fr\/contact-us\/\" target=\"_blank\" rel=\"noopener\"><img loading=\"lazy\" decoding=\"async\" class=\"alignnone wp-image-29497\" src=\"https:\/\/canada.ul.com\/wp-content\/uploads\/sites\/11\/2020\/03\/Get-started-today_FR.jpg\" alt=\"\" width=\"242\" height=\"46\" srcset=\"https:\/\/canada.ul.com\/wp-content\/uploads\/sites\/11\/2020\/03\/Get-started-today_FR.jpg 469w, https:\/\/canada.ul.com\/wp-content\/uploads\/sites\/11\/2020\/03\/Get-started-today_FR-300x57.jpg 300w, https:\/\/canada.ul.com\/wp-content\/uploads\/sites\/11\/2020\/03\/Get-started-today_FR-400x76.jpg 400w\" sizes=\"auto, (max-width: 242px) 100vw, 242px\" \/><\/a><\/p>\n<p><img loading=\"lazy\" decoding=\"async\" class=\"alignnone wp-image-28682 size-full\" src=\"https:\/\/canada.ul.com\/wp-content\/uploads\/sites\/11\/2019\/08\/iStock-912592284-1-1024x328.jpg\" alt=\"\" width=\"650\" height=\"209\" srcset=\"https:\/\/canada.ul.com\/wp-content\/uploads\/sites\/11\/2019\/08\/iStock-912592284-1-1024x328.jpg 650w, https:\/\/canada.ul.com\/wp-content\/uploads\/sites\/11\/2019\/08\/iStock-912592284-1-1024x328-300x96.jpg 300w, https:\/\/canada.ul.com\/wp-content\/uploads\/sites\/11\/2019\/08\/iStock-912592284-1-1024x328-400x129.jpg 400w\" sizes=\"auto, (max-width: 650px) 100vw, 650px\" \/><\/p>\n<p>ULC a con\u00e7u le programme de certification sur place en tant qu\u2019option de certification pour toute une gamme de produits qui sont uniques ou produits en quantit\u00e9s limit\u00e9es. La certification sur place est ponctuelle mais elle ne remplace pas une certification compl\u00e8te. Ce programme vous permet de faire ais\u00e9ment certifier vos produits sur le lieu de votre choix par un expert technique d\u2019ULC. Le produit est mis \u00e0 l\u2019essai selon la norme applicable et une fois qu\u2019il remplit les exigences de cette norme, l\u2019expert technique d\u2019ULC appose une \u00e9tiquette de s\u00e9rie num\u00e9rot\u00e9e \u00ab\u00a0Certifi\u00e9 sur place\u00a0\u00bb sur chaque unit\u00e9. Vous recevez \u00e9galement le rapport final pour satisfaire les autorit\u00e9s locales partout au Canada.<\/p>\n<h6><span style=\"color: #800000\">\u00c0 quel moment envisager une certification sur place pour votre nouvel \u00e9quipement?<\/span><\/h6>\n<ul>\n<li>Vous produisez ou avez des quantit\u00e9s ou des lots limit\u00e9s d\u2019un produit donn\u00e9.<\/li>\n<li>Votre \u00e9quipement est unique ou personnalis\u00e9.<\/li>\n<li>Votre \u00e9quipement \u00e9tait homologu\u00e9 UL mais il a \u00e9t\u00e9 modifi\u00e9.<\/li>\n<li>Votre \u00e9quipement a \u00e9t\u00e9 exp\u00e9di\u00e9 par inadvertance sans la marque de certification UL.<\/li>\n<li>Votre \u00e9quipement a \u00e9t\u00e9 install\u00e9 sans la marque de certification UL.<\/li>\n<li>Vous avez exp\u00e9di\u00e9 ou install\u00e9 l\u2019\u00e9quipement \u00e0 la destination finale.<\/li>\n<li>Vous \u00eates en train d\u2019\u00e9laborer une nouvelle conception et souhaitez savoir si votre produit r\u00e9pond aux exigences applicables en mati\u00e8re de s\u00e9curit\u00e9.<\/li>\n<li>Il se peut que vous ayez besoin d\u2019une certification compl\u00e8te pour un nouveau produit en cours de conception, mais vous voulez d\u2019abord le mettre \u00e0 l\u2019essai sur le march\u00e9.<\/li>\n<li>Au final, vous voulez demander une certification compl\u00e8te, mais vous souhaitez d\u2019abord vous assurer que vos prototypes et \u00e9chantillons pour essai sont conformes aux exigences essentielles.<\/li>\n<\/ul>\n<h6><span style=\"color: #800000\">Processus d\u2019acceptation du produit par les autorit\u00e9s comp\u00e9tentes<\/span><\/h6>\n<p>Les produits certifi\u00e9s sur place, contrairement aux produits pleinement certifi\u00e9s, ne sont pas inclus dans le r\u00e9pertoire UL et ne sont pas assujettis \u00e0 des inspections de suivi en usine.<\/p>\n<p>L\u2019\u00e9tiquette \u00ab\u00a0Certifi\u00e9 sur place\u00a0\u00bb et le rapport final d\u2019ULC constituent la preuve de conformit\u00e9 que les autorit\u00e9s locales exigent de vous avant que le produit ne puisse \u00eatre utilis\u00e9.<\/p>\n<p>En outre, l\u2019\u00e9tiquette \u00ab\u00a0Certifi\u00e9 sur place\u00a0\u00bb d\u2019ULC est reconnue et accept\u00e9e par les autorit\u00e9s canadiennes, et elle est accr\u00e9dit\u00e9e par le Conseil canadien des normes et selon la norme ISO\/IEC\u00a017067.<\/p>\n<p>Vous pouvez \u00eatre s\u00fbrs que lorsque vous travaillez avec ULC, vous collaborez avec un organisme qui \u0153uvre \u00e0 la s\u00e9curit\u00e9 du public au Canada depuis 100\u00a0ans.<\/p>\n<p><img loading=\"lazy\" decoding=\"async\" class=\"alignnone wp-image-28670\" src=\"https:\/\/canada.ul.com\/wp-content\/uploads\/sites\/11\/2019\/08\/ULC-Field-Certification-Sample-Label-1.jpg\" alt=\"\" width=\"447\" height=\"242\" srcset=\"https:\/\/canada.ul.com\/wp-content\/uploads\/sites\/11\/2019\/08\/ULC-Field-Certification-Sample-Label-1.jpg 382w, https:\/\/canada.ul.com\/wp-content\/uploads\/sites\/11\/2019\/08\/ULC-Field-Certification-Sample-Label-1-300x163.jpg 300w\" sizes=\"auto, (max-width: 447px) 100vw, 447px\" \/><\/p>\n<h6><span style=\"color: #800000\">Cat\u00e9gories de produits admissibles \u00e0 la certification sur place<\/span><\/h6>\n<p>Toute une gamme de produits pour utilisation au Canada doivent \u00eatre approuv\u00e9s et satisfaire aux exigences canadiennes en mati\u00e8re de s\u00e9curit\u00e9. Votre produit ne doit pas n\u00e9cessairement suivre l\u2019int\u00e9gralit\u00e9 du processus de certification. Vous pouvez choisir de faire \u00e9valuer vos produits \u00e0 l\u2019aide du programme de certification d\u2019ULC, y compris\u00a0:<\/p>\n<p><strong>Stockage du carburant<\/strong> \u2013 r\u00e9servoirs de stockage hors sol<\/p>\n<p><strong>Protection contre les incendies<\/strong> \u2013 portes coupe-feu<\/p>\n<p><strong>\u00c9quipement industriel et de distribution de l\u2019alimentation \u00e9lectrique\u00a0:<\/strong><\/p>\n<ul>\n<li>Panneaux de commande industriels (emplacements ordinaires et dangereux)<\/li>\n<li>Moteurs industriels<\/li>\n<li>Sectionneurs et commutateurs d\u2019interrupteur<\/li>\n<li>Disjoncteurs d\u2019alimentation \u00e9lectrique<\/li>\n<\/ul>\n<p><strong>\u00c9quipement de TI<\/strong><\/p>\n<p><strong>\u00c9quipement d\u2019\u00e9clairage et similaire<\/strong><\/p>\n<ul>\n<li>Appareils d\u2019\u00e9clairage et luminaires<\/li>\n<li>Panneaux ext\u00e9rieurs<\/li>\n<\/ul>\n<p><strong>\u00c9quipement au gaz<\/strong><\/p>\n<ul>\n<li>Installations ext\u00e9rieures de chauffage au gaz<\/li>\n<li>S\u00e9choirs \u00e0 grains<\/li>\n<li>Chaudi\u00e8res industrielles<\/li>\n<\/ul>\n<h6><span style=\"color: #800000\">Pourquoi choisir le programme de certification sur place d\u2019ULC?<\/span><\/h6>\n<ul>\n<li>Service et d\u00e9lai d\u2019ex\u00e9cution rapides \u2013 l\u2019\u00e9quipe d\u2019ULC peut \u00eatre sur place dans les 24\u00a0heures. Nous collaborons \u00e9troitement avec vous et les autorit\u00e9s locales (autorit\u00e9s comp\u00e9tentes) pour respecter vos d\u00e9lais serr\u00e9s.<\/li>\n<li>Expertise technique \u2013 l\u2019\u00e9quipe d\u2019ULC est tr\u00e8s exp\u00e9riment\u00e9e et nous connaissons les normes et les exigences de produits connexes sur le bout des doigts!<\/li>\n<li>Soutien technique \u2013 l\u2019\u00e9quipe d\u2019ULC apportera son soutien tout au long du processus afin de veiller \u00e0 ce que votre \u00e9quipement r\u00e9ponde aux exigences.<\/li>\n<li>Renforcer la confiance dans la s\u00e9curit\u00e9 \u2013 la marque de s\u00e9curit\u00e9 la plus reconnue et accept\u00e9e en Am\u00e9rique du Nord sera appos\u00e9e sur votre produit.<\/li>\n<li>Les autorit\u00e9s canadiennes connaissent et acceptent l\u2019\u00e9tiquette \u00ab\u00a0Certifi\u00e9 sur place\u00a0\u00bb d\u2019ULC et elles lui font confiance.<\/li>\n<li>Nous travaillons pour un monde plus s\u00fbr et nous sommes pr\u00e9sents au Canada depuis 100\u00a0ans!<\/li>\n<\/ul>\n<p>Communiquez avec nous pour discuter de votre projet et de la fa\u00e7on dont ULC peut vous aider \u00e0 satisfaire aux exigences.<\/p>\n<p><a href=\"https:\/\/canada.ul.com\/fr\/contact-us\/\" target=\"_blank\" rel=\"noopener\"><img loading=\"lazy\" decoding=\"async\" class=\"alignnone wp-image-29497\" src=\"https:\/\/canada.ul.com\/wp-content\/uploads\/sites\/11\/2020\/03\/Get-started-today_FR.jpg\" alt=\"\" width=\"242\" height=\"46\" srcset=\"https:\/\/canada.ul.com\/wp-content\/uploads\/sites\/11\/2020\/03\/Get-started-today_FR.jpg 469w, https:\/\/canada.ul.com\/wp-content\/uploads\/sites\/11\/2020\/03\/Get-started-today_FR-300x57.jpg 300w, https:\/\/canada.ul.com\/wp-content\/uploads\/sites\/11\/2020\/03\/Get-started-today_FR-400x76.jpg 400w\" sizes=\"auto, (max-width: 242px) 100vw, 242px\" \/><\/a><\/p>\n<p>&nbsp;<\/p>\n","protected":false},"excerpt":{"rendered":"<p>Le programme de certification sur place d\u2019ULC vous permet de certifier ais\u00e9ment des produits sur place ou sur le site du fabricant. Une certification ponctuelle pour une production en petits lots ou un nombre pr\u00e9cis [&hellip;]<\/p>\n","protected":false},"author":197,"featured_media":27320,"parent":877,"menu_order":20,"comment_status":"open","ping_status":"open","template":"page-ulcp.php","meta":{"_acf_changed":false,"inline_featured_image":false,"footnotes":""},"class_list":["post-18046","page","type-page","status-publish","has-post-thumbnail","hentry"],"acf":[],"_links":{"self":[{"href":"https:\/\/canada.ul.com\/fr\/wp-json\/wp\/v2\/pages\/18046","targetHints":{"allow":["GET"]}}],"collection":[{"href":"https:\/\/canada.ul.com\/fr\/wp-json\/wp\/v2\/pages"}],"about":[{"href":"https:\/\/canada.ul.com\/fr\/wp-json\/wp\/v2\/types\/page"}],"author":[{"embeddable":true,"href":"https:\/\/canada.ul.com\/fr\/wp-json\/wp\/v2\/users\/197"}],"replies":[{"embeddable":true,"href":"https:\/\/canada.ul.com\/fr\/wp-json\/wp\/v2\/comments?post=18046"}],"version-history":[{"count":0,"href":"https:\/\/canada.ul.com\/fr\/wp-json\/wp\/v2\/pages\/18046\/revisions"}],"up":[{"embeddable":true,"href":"https:\/\/canada.ul.com\/fr\/wp-json\/wp\/v2\/pages\/877"}],"wp:featuredmedia":[{"embeddable":true,"href":"https:\/\/canada.ul.com\/fr\/wp-json\/wp\/v2\/media\/27320"}],"wp:attachment":[{"href":"https:\/\/canada.ul.com\/fr\/wp-json\/wp\/v2\/media?parent=18046"}],"curies":[{"name":"wp","href":"https:\/\/api.w.org\/{rel}","templated":true}]}}