{"id":16839,"date":"2015-03-27T16:19:50","date_gmt":"2015-03-27T16:19:50","guid":{"rendered":"https:\/\/canada.ul.com\/?page_id=16839"},"modified":"2025-06-09T17:48:30","modified_gmt":"2025-06-09T17:48:30","slug":"2015certificationbulletins","status":"publish","type":"page","link":"https:\/\/canada.ul.com\/fr\/organismesresponsabledescodes\/certificationbulletins\/2015certificationbulletins\/","title":{"rendered":"Bulletins de Certification 2015"},"content":{"rendered":"<p><a href=\"https:\/\/canada.ul.com\/wp-content\/uploads\/sites\/11\/2015\/03\/Bulletin-de-Certification-2015-08FRNULC-ORD-C386-151.pdf\">Bulletin de Certification 2015-08(FRN)ULC-ORD-C386-15<\/a>\u00a0Deuxi\u00e8me \u00e9dition &#8211; ULC\/ORD-C386-15- Flame Detectors<\/p>\n<p><a href=\"https:\/\/canada.ul.com\/wp-content\/uploads\/sites\/11\/2015\/03\/Bulletin-de-Certification-2015-07FRN-ULC-S6611.pdf\">Bulletin de Certification 2015-07(FRN)-ULC-S661<\/a>\u00a0Premi\u00e8re \u00e9dition de la norme CAN\/ULC-S661-10, Norme sur les dispositifs de protection contre les d\u00e9bordements pour les r\u00e9servoirs de stockage de liquides inflammables et combustibles<\/p>\n<p><a href=\"https:\/\/canada.ul.com\/wp-content\/uploads\/sites\/11\/2015\/03\/Bulletin-de-Certification_2015-06FRN_ULC-FC-Service.pdf\">Bulletin de Certification_2015-06(FRN)_ULC-FC Service<\/a>\u00a0Certification ULC sur place<\/p>\n<p><a href=\"https:\/\/canada.ul.com\/wp-content\/uploads\/sites\/11\/2015\/03\/Bulletin-dInformation_2015-05AFRN-GLOQC-Exigences-de-Marquage.pdf\">Bulletin d&#8217;Information_2015-05A(FRN)-GLOQC Exigences de Marquage<\/a>\u00a0Program d&#8217;accr\u00e9ditation pour les entreprises qui font l&#8217;entretien et le rechargement des extincteurs \u00e0 incendie exigences de marquage<\/p>\n<p><a href=\"https:\/\/canada.ul.com\/wp-content\/uploads\/sites\/11\/2015\/03\/Bulletin-dInformation_2015-05FRN-GLOQC-Exigences-de-Marquage-Superseded.pdf\">Bulletin d&#8217;Information_2015-05(FRN)-GLOQC Exigences de Marquage-Superseded<\/a>\u00a0Program d&#8217;accr\u00e9ditation pour les entreprises qui font l&#8217;entretien et le rechargement des extincteurs \u00e0 incendie exigences de marquage<\/p>\n<p><a href=\"https:\/\/canada.ul.com\/wp-content\/uploads\/sites\/11\/2015\/03\/Bulletin-de-Certification_2015-04FRN_CAN-ULC-S302-14.pdf\">Bulletin de Certification_2015-04(FRN)_CAN-ULC-S302-14<\/a>\u00a0Deuxi\u00e8me \u00e9dition de la norme CAN\/ULC-S302-14, Installation, Inspection et mise \u00e0 l&#8217;essai des syst\u00e8mes d&#8217;alarme anti-intrusion<\/p>\n<p><a href=\"https:\/\/canada.ul.com\/wp-content\/uploads\/sites\/11\/2015\/03\/Bulletin-dInformation_2015-03FRN_ULC-ORD-C539.pdf\">Bulletin d&#8217;Information_2015-03(FRN)_ULC-ORD-C539<\/a>\u00a0Premi\u00e8re \u00e9dition ULC-ORD-C539-15-Heat Alarms<\/p>\n<p><a href=\"https:\/\/canada.ul.com\/wp-content\/uploads\/sites\/11\/2015\/03\/Bulletin-de-Certification_2015-02FRN_ULC-ORD-C539.pdf\">Bulletin de Certification_2015-02(FRN)_ULC-ORD-C539<\/a>\u00a0Premi\u00e8re \u00e9dition ULC-ORD-C539-15-Heat Alarms<\/p>\n<p><a href=\"https:\/\/canada.ul.com\/wp-content\/uploads\/sites\/11\/2015\/03\/Bulletin-dInformation_2015-01AFRN-ULC-S101-14.pdf\">Bulletin d&#8217;Information_2015-01A(FRN)-ULC-S101-14<\/a>\u00a0Cinqui\u00e8me \u00e9dition de la norme CAN-ULC-S101-14, M\u00e9thodes d&#8217;essai normalis\u00e9es de r\u00e9sistance au feu pour les b\u00e2timents\u00a0et les mat\u00e9riaux de construction<\/p>\n<p><a href=\"https:\/\/canada.ul.com\/wp-content\/uploads\/sites\/11\/2015\/03\/Bulletin-dInformation_2015-01FRN-CAN-ULC-S101-14-Superseded.pdf\">Bulletin d&#8217;Information_2015-01(FRN)-CAN-ULC-S101-14-Superseded<\/a>\u00a0Cinqui\u00e8me \u00e9dition de la norme CAN-ULC-S101-14, M\u00e9thodes d&#8217;essai normalis\u00e9es de r\u00e9sistance au feu pour les b\u00e2timents et les mat\u00e9riaux de construction<\/p>\n","protected":false},"excerpt":{"rendered":"<p>Bulletin de Certification 2015-08(FRN)ULC-ORD-C386-15\u00a0Deuxi\u00e8me \u00e9dition &#8211; ULC\/ORD-C386-15- Flame Detectors Bulletin de Certification 2015-07(FRN)-ULC-S661\u00a0Premi\u00e8re \u00e9dition de la norme CAN\/ULC-S661-10, Norme sur les dispositifs de protection contre les d\u00e9bordements pour les r\u00e9servoirs de stockage de liquides inflammables [&hellip;]<\/p>\n","protected":false},"author":144,"featured_media":0,"parent":871,"menu_order":0,"comment_status":"closed","ping_status":"closed","template":"","meta":{"_acf_changed":false,"inline_featured_image":false,"footnotes":""},"class_list":["post-16839","page","type-page","status-publish","hentry"],"acf":[],"_links":{"self":[{"href":"https:\/\/canada.ul.com\/fr\/wp-json\/wp\/v2\/pages\/16839","targetHints":{"allow":["GET"]}}],"collection":[{"href":"https:\/\/canada.ul.com\/fr\/wp-json\/wp\/v2\/pages"}],"about":[{"href":"https:\/\/canada.ul.com\/fr\/wp-json\/wp\/v2\/types\/page"}],"author":[{"embeddable":true,"href":"https:\/\/canada.ul.com\/fr\/wp-json\/wp\/v2\/users\/144"}],"replies":[{"embeddable":true,"href":"https:\/\/canada.ul.com\/fr\/wp-json\/wp\/v2\/comments?post=16839"}],"version-history":[{"count":2,"href":"https:\/\/canada.ul.com\/fr\/wp-json\/wp\/v2\/pages\/16839\/revisions"}],"predecessor-version":[{"id":36640,"href":"https:\/\/canada.ul.com\/fr\/wp-json\/wp\/v2\/pages\/16839\/revisions\/36640"}],"up":[{"embeddable":true,"href":"https:\/\/canada.ul.com\/fr\/wp-json\/wp\/v2\/pages\/871"}],"wp:attachment":[{"href":"https:\/\/canada.ul.com\/fr\/wp-json\/wp\/v2\/media?parent=16839"}],"curies":[{"name":"wp","href":"https:\/\/api.w.org\/{rel}","templated":true}]}}