{"id":16695,"date":"2015-02-13T20:22:15","date_gmt":"2015-02-13T20:22:15","guid":{"rendered":"https:\/\/canada.ul.com\/?page_id=16695"},"modified":"2017-09-19T20:07:33","modified_gmt":"2017-09-19T20:07:33","slug":"2015standardsbulletins","status":"publish","type":"page","link":"https:\/\/canada.ul.com\/fr\/normesulc\/standardsbulletins\/2015standardsbulletins\/","title":{"rendered":"Bulletins Sur les Normes 2015"},"content":{"rendered":"<p><a href=\"https:\/\/canada.ul.com\/wp-content\/uploads\/sites\/11\/2015\/02\/Standards_Bulletin_2015-01_S705.1-15_FR.pdf\" target=\"_blank\">Bulletin sur les normes 2015-01 CAN\/ULC-S705.1, Norme sur l\u2019isolant thermique en mousse de polyur\u00e9thane rigide pulv\u00e9ris\u00e9e de densit\u00e9 moyenne : specifications relatives aux mat\u00e9riaux<\/a><\/p>\n<p><a href=\"https:\/\/canada.ul.com\/wp-content\/uploads\/sites\/11\/2015\/02\/Standards_Bulletin_2015-02_S770-15_FR.pdf\" target=\"_blank\">Bulletin sur les normes 2015-02 CAN\/ULC-S770-15, M\u00e9thode d\u2019essai normalis\u00e9e pour la d\u00e9termination de la r\u00e9sistance thermique \u00e0 long terme des mousses isolantes thermiques \u00e0 alv\u00e9oles ferm\u00e9s<\/a><\/p>\n<p><a href=\"https:\/\/canada.ul.com\/wp-content\/uploads\/sites\/11\/2015\/03\/Standards_Bulletin_2015-03_S656-14-ER1_FR.pdf\" target=\"_blank\">Bulletin sur les normes 2015-03 CAN\/ULC-S656-14, Norme sur les s\u00e9parateurs huile-eau<\/a><\/p>\n<p><a href=\"https:\/\/canada.ul.com\/wp-content\/uploads\/sites\/11\/2015\/04\/Standards_Bulletin_2015-04_S703-09-R2015_FR.pdf\" target=\"_blank\">Bulletin sur les normes 2015-04 CAN\/ULC-S703-09-R2015, Norme sur l\u2019isolant en fibre cellulosique (IFC) pour les b\u00e2timents<\/a><\/p>\n<p><a href=\"https:\/\/canada.ul.com\/wp-content\/uploads\/sites\/11\/2015\/05\/Standards-Bulletin-2015-06-S602-S670-FR.pdf\" target=\"_blank\">Bulletin sur les normes 2015-06 CAN\/ULC-S602-14, Norme sur les r\u00e9servoirs en acier non enterr\u00e9s pour le mazout et l&#8217;huile lubrifiante, et CAN\/ULC-S670-14, Norme sur les r\u00e9servoirs non m\u00e9talliques hors sol pour le mazout et autres liquides combustibles<\/a><\/p>\n<p><a href=\"https:\/\/canada.ul.com\/wp-content\/uploads\/sites\/11\/2015\/06\/Standards_Bulletin_2015-07_S676-15_FR.pdf\" target=\"_blank\">Bulletin sur les normes 2015-07 CAN\/ULC-S676-15, Norme sur la remise \u00e0 neuf des r\u00e9servoirs de stockage pour les liquides inflammables et combustibles<\/a><\/p>\n<p><a href=\"https:\/\/canada.ul.com\/wp-content\/uploads\/sites\/11\/2015\/06\/Bulletin-sur-les-normes-2015-08-Withdrawal-of-CAN-ULC-S310-M91-R1999_FR.pdf\">Bulletin sur les normes 2015-08 Retrait de la norme CAN-ULC-S310-M91 (R1999), Norme sur l&#8217;installation et la classification des syst\u00e8mes d&#8217;alarme r\u00e9sidentiels contre le cambriolage<\/a><\/p>\n<p><a href=\"https:\/\/canada.ul.com\/wp-content\/uploads\/sites\/11\/2015\/06\/Bulletin-sur-les-normes-2015-09-Withdrawal-of-ULC-S317-96-FR.pdf\">Bulletin sur les normes 2015-09 Retrait de la norme ULC-S317-96, Standard for Installation and Classification of Closed Circuit Video Equipment (CCVE) Systems for Institutional and Commercial Security Application<\/a><\/p>\n<p><a href=\"https:\/\/canada.ul.com\/wp-content\/uploads\/sites\/11\/2015\/06\/20150611_Standards-Bulletin_2015-10_S670-14-Physical-Damage_FR.pdf\">Bulletin sur les normes 2015-10 Interpr\u00e9tation de la norme CAN\/ULC-S670-14, Norme sur les r\u00e9servoirs non m\u00e9talliques hors sol pour le mazout et autres liquides combustibles<\/a><\/p>\n<p><a href=\"https:\/\/canada.ul.com\/wp-content\/uploads\/sites\/11\/2015\/06\/20150611_Standards-Bulletin_2015-11_S601-07_FR.pdf\">Bulletin sur les normes 2015-11 Interpr\u00e9tation de la norme CAN\/ULC-S601-07, Norme sur les r\u00e9servoirs hors sol en acier fabriqu\u00e9s en usine pour liquides inflammables et combustibles<\/a><\/p>\n<p><a href=\"https:\/\/canada.ul.com\/wp-content\/uploads\/sites\/11\/2015\/06\/20150611_Standards-Bulletin_2015-12_S630-00_FR.pdf\">Bulletin sur les normes 2015-12 Interpr\u00e9tation de la norme ULC-S630-00, Standard for Shop Fabricated Steel Aboveground Vertical Tanks for Flammable and Combustible Liquids (Norme sur les r\u00e9servoirs verticaux hors sol en acier fabriqu\u00e9s en usine pour liquides inflammables et combustibles)<\/a><\/p>\n<p><a href=\"https:\/\/canada.ul.com\/wp-content\/uploads\/sites\/11\/2015\/07\/Standards_Bulletin_2015-13_S702.2-15_FR.pdf\">Bulletin sur les normes 2015-13 Norme sur l&#8217;isolant thermique de fibres min\u00e9rales pour b\u00e2timents, partie 2 : installation<\/a><\/p>\n<p><a href=\"https:\/\/canada.ul.com\/wp-content\/uploads\/sites\/11\/2015\/06\/Standards_Bulletin_2015-14_60903_FR_locked.pdf\" target=\"_blank\">Bulletin sur les normes 2015-14 CAN\/ULC-60903-15, Travaux sous tension \u2013 Gants isolants \u00e9lectriques<\/a><\/p>\n<p><a href=\"https:\/\/canada.ul.com\/wp-content\/uploads\/sites\/11\/2015\/06\/Standards_Bulletin_2015-15_60984_FR_locked.pdf\" target=\"_blank\">Bulletin sur les normes 2015-15 CAN\/ULC-60984-15, Travaux sous tension \u2013 Prot\u00e8ge-bras isolants \u00e9lectriques<\/a><\/p>\n<p><a href=\"https:\/\/canada.ul.com\/wp-content\/uploads\/sites\/11\/2015\/06\/Standards_Bulletin_2015-16_61243-3_FR_locked.pdf\" target=\"_blank\">Bulletin sur les normes 2015-16 CAN\/ULC-61243-3-15, Travaux sous tension \u2013 D\u00e9tecteurs de tension \u2013 Partie 3: Type bipolaire basse tension<\/a><\/p>\n<p><a href=\"https:\/\/canada.ul.com\/wp-content\/uploads\/sites\/11\/2015\/06\/Standards_Bulletin_2015-17_61481-1_FR_locked.pdf\" target=\"_blank\">Bulletin sur les normes 2015-17 CAN\/ULC-61481-1-15, Travaux sous tension \u2013 Comparateurs de phase \u2013 Partie 1: Type capacitif pour usage sur des tensions alternatives de plus de 1 kV<\/a><\/p>\n<p><a href=\"https:\/\/canada.ul.com\/wp-content\/uploads\/sites\/11\/2015\/06\/Standards_Bulletin_2015-18_61481-2_FR_locked.pdf\" target=\"_blank\">Bulletin sur les normes 2015-18 CAN\/ULC-61481-2-15, Travaux sous tension \u2013 Comparateurs de phase \u2013 Partie 2: Type r\u00e9sistif pour usage sur des tensions alternatives de 1 kV \u00e0 36 kV<\/a><\/p>\n<p><a href=\"https:\/\/canada.ul.com\/wp-content\/uploads\/sites\/11\/2015\/07\/Standards_Bulletin_2015-19_S1088-15_FR.pdf\" target=\"_blank\">Bulletin sur les normes 2015-19 CAN\/ULC-S1088-15, Norme sur les jeux de lumi\u00e8res temporaires<\/a><\/p>\n<p><a href=\"https:\/\/canada.ul.com\/wp-content\/uploads\/sites\/11\/2015\/07\/Standards_Bulletin_2015-20_S773-15_FR.pdf\" target=\"_blank\">Bulletin sur les normes 2015-20 CAN\/ULC-S773-15, Norme sur la terminologie de l\u2019isolation thermique<\/a><\/p>\n<p><a href=\"https:\/\/canada.ul.com\/wp-content\/uploads\/sites\/11\/2015\/08\/Standards_Bulletin_2015-21_S104-15_FR.pdf\" target=\"_blank\">Bulletin sur les normes 2015-21 CAN\/ULC-S104-15, M\u00e9thode normalis\u00e9e des essais de r\u00e9sistance au feu des portes<\/a><\/p>\n<p><a href=\"https:\/\/canada.ul.com\/wp-content\/uploads\/sites\/11\/2015\/08\/Standards_Bulletin_2015-22_S106-15_FR.pdf\" target=\"_blank\">Bulletin sur les normes 2015-22 CAN\/ULC-S106-15, M\u00e9thode normalis\u00e9e des essais de comportement au feu des fen\u00eatres et des briques de verre<\/a><\/p>\n<p><a href=\"https:\/\/canada.ul.com\/wp-content\/uploads\/sites\/11\/2015\/08\/Standards_Bulletin_2015-23_S129-15_FR.pdf\" target=\"_blank\">Bulletin sur les normes 2015-23 CAN\/ULC-S129-15, M\u00e9thode normalis\u00e9e d\u2019essai de r\u00e9sistance \u00e0 la combustion lente des isolants (m\u00e9thode du panier)<\/a><\/p>\n<p><a href=\"https:\/\/canada.ul.com\/wp-content\/uploads\/sites\/11\/2015\/10\/Standards_Bulletin_2015-24_S548-15_fr.pdf\" target=\"_blank\">Bulletin sur les norms 2015-24 CAN\/ULC-S548-15, Norme sur les dispositifs et accessoires pour syst\u00e8mes d&#8217;extinction \u00e0 eau<\/a><\/p>\n<p><a href=\"\nhttps:\/\/canada.ul.com\/wp-content\/uploads\/sites\/11\/2015\/10\/Standards_Bulletin_2015-26_S533-2015_fr.pdf\" target=\"_blank\">Bulletin sur les norms 2015-26 CAN\/ULC-S533-15, Norme sur les dispositifs de fixation et de d\u00e9blocage de porte de sortie<\/a><\/p>\n<p><a href=\"\nhttps:\/\/canada.ul.com\/wp-content\/uploads\/sites\/11\/2015\/10\/CAN-ULC-S655_Standards-Bulletin_2015-27_fr_.pdf\" target=\"_blank\">Bulletin sur les norms 2015-27 CAN\/ULC-S655-15, Norme sur les ensembles r\u00e9servoirs prot\u00e9g\u00e9s hors sol pour les liquides inflammables et combustibles<\/a><\/p>\n<p><a href=\"https:\/\/canada.ul.com\/wp-content\/uploads\/sites\/11\/2015\/12\/Standards_Bulletin_2015-28_2577-13-AM1_FR.pdf\">Bulletin sur les normes 2015-28 CAN\/ULC-S2577-13 y compris la modification 1, \u00a0Norme relative \u00e0 l&#8217;\u00e9quipement et aux syst\u00e8mes basse tension des treillis de plafond suspendu<\/a><\/p>\n<p><a href=\"https:\/\/canada.ul.com\/wp-content\/uploads\/sites\/11\/2015\/11\/Standards_Bulletin_2015-29_S674_FR_locked.pdf\" target=\"_blank\">Bulletin sur les normes 2015-29 CAN\/ULC-S674:2015, Norme sur les appareils d\u00e9coratifs non raccord\u00e9s fonctionnant \u00e0 l&#8217;alcool carburant<\/a><\/p>\n<p><a href=\"https:\/\/canada.ul.com\/wp-content\/uploads\/sites\/11\/2015\/12\/CAN-ULC-S670-2014-AM1_Standards-Bulletin_2015-30_fr.pdf\" target=\"_blank\">Bulletin sur les normes 2015-30 CAN\/ULC-S670:2014-AM1, modification 1 de la premi\u00e8re \u00e9dition de la Norme sur les appareils d\u00e9coratifs non raccord\u00e9s fonctionnant \u00e0 l&#8217;alcool carburant<\/a><\/p>\n<p><a href=\"https:\/\/canada.ul.com\/wp-content\/uploads\/sites\/11\/2016\/01\/CAN-ULC-S602-2014-AMD1_Standards-Bulletin_2015-32_fr.pdf\" target=\"_blank\">Bulletin sur les normes 2015-32 CAN\/ULC-S602:2014-AMD1, modification 1 de la sixi\u00e8me \u00e9dition de la Norme sur les r\u00e9servoirs en acier non enterr\u00e9s pour le mazout et l&#8217;huile lubrifiante<\/a><\/p>\n","protected":false},"excerpt":{"rendered":"<p>Bulletin sur les normes 2015-01 CAN\/ULC-S705.1, Norme sur l\u2019isolant thermique en mousse de polyur\u00e9thane rigide pulv\u00e9ris\u00e9e de densit\u00e9 moyenne : specifications relatives aux mat\u00e9riaux Bulletin sur les normes 2015-02 CAN\/ULC-S770-15, M\u00e9thode d\u2019essai normalis\u00e9e pour la [&hellip;]<\/p>\n","protected":false},"author":197,"featured_media":0,"parent":942,"menu_order":7,"comment_status":"open","ping_status":"closed","template":"","meta":{"_acf_changed":false,"inline_featured_image":false,"footnotes":""},"class_list":["post-16695","page","type-page","status-publish","hentry"],"acf":[],"_links":{"self":[{"href":"https:\/\/canada.ul.com\/fr\/wp-json\/wp\/v2\/pages\/16695","targetHints":{"allow":["GET"]}}],"collection":[{"href":"https:\/\/canada.ul.com\/fr\/wp-json\/wp\/v2\/pages"}],"about":[{"href":"https:\/\/canada.ul.com\/fr\/wp-json\/wp\/v2\/types\/page"}],"author":[{"embeddable":true,"href":"https:\/\/canada.ul.com\/fr\/wp-json\/wp\/v2\/users\/197"}],"replies":[{"embeddable":true,"href":"https:\/\/canada.ul.com\/fr\/wp-json\/wp\/v2\/comments?post=16695"}],"version-history":[{"count":0,"href":"https:\/\/canada.ul.com\/fr\/wp-json\/wp\/v2\/pages\/16695\/revisions"}],"up":[{"embeddable":true,"href":"https:\/\/canada.ul.com\/fr\/wp-json\/wp\/v2\/pages\/942"}],"wp:attachment":[{"href":"https:\/\/canada.ul.com\/fr\/wp-json\/wp\/v2\/media?parent=16695"}],"curies":[{"name":"wp","href":"https:\/\/api.w.org\/{rel}","templated":true}]}}