{"id":1427,"date":"2014-06-27T20:36:11","date_gmt":"2014-06-27T20:36:11","guid":{"rendered":"https:\/\/canada.ul.com\/?page_id=1427"},"modified":"2017-09-19T20:07:12","modified_gmt":"2017-09-19T20:07:12","slug":"2013standardsbulletins","status":"publish","type":"page","link":"https:\/\/canada.ul.com\/fr\/normesulc\/standardsbulletins\/2013standardsbulletins\/","title":{"rendered":"Bulletins Sur les Normes 2013"},"content":{"rendered":"<p><a href=\"https:\/\/canada.ul.com\/wp-content\/uploads\/sites\/11\/2014\/06\/Standards_Bulletin_2013-01_S540-13_FR.pdf\" target=\"_blank\">Bulletin sur les normes 2013-01 CAN\/ULC-S540-13, Norme sur les syst\u00e8mes d&#8217;alarme incendie r\u00e9sidentiels et de s\u00e9curit\u00e9 des personnes : Installation, inspection, mise \u00e0 l&#8217;essai et entretien<\/a><\/p>\n<p><a href=\"https:\/\/canada.ul.com\/wp-content\/uploads\/sites\/11\/2014\/06\/Standards_Bulletin_2013-02_S515-13_FR.pdf\" target=\"_blank\">Bulletin sur les normes 2013-02 CAN\/ULC-S515-13, Norme sur les engins automobiles de lutte contre l&#8217;incendie<\/a><\/p>\n<p><a href=\"https:\/\/canada.ul.com\/wp-content\/uploads\/sites\/11\/2014\/06\/Standards_Bulletin_2013-03_S718-13_FR.pdf\" target=\"_blank\">Bulletin sur les normes 2013-03 ULC-S718-13, Norme sur le programme d&#8217;assurance de la qualit\u00e9 du chantier relatif \u00e0 la mousse de polyur\u00e9thane pulv\u00e9ris\u00e9e<\/a><\/p>\n<p><a href=\"https:\/\/canada.ul.com\/wp-content\/uploads\/sites\/11\/2014\/06\/Standards_Bulletin_2013-04_2577-13_FR.pdf\" target=\"_blank\">Bulletin sur les normes 2013-04 CAN\/ULC-S2577-13, Norme relative \u00e0 l\u2019\u00e9quipement et aux syst\u00e8mes basse tension des treillis de plafond suspendu<\/a><\/p>\n<p><a href=\"https:\/\/canada.ul.com\/wp-content\/uploads\/sites\/11\/2014\/06\/Standards_Bulletin_2013-05_S302-M91_FR.pdf\" target=\"_blank\">Bulletin sur les normes 2013-05 Interpr\u00e9tation des exigences sur CAN\/ULC-S302-M91, Interpr\u00e9tation des exigences relatives aux d\u00e9tecteurs de fum\u00e9e\u00a0\u00e0 variation d&#8217;ionisation<\/a><\/p>\n<p><a href=\"https:\/\/canada.ul.com\/wp-content\/uploads\/sites\/11\/2014\/06\/Standards_Bulletin_2013-06_S2271_S2825_FR.pdf\" target=\"_blank\">Bulletin sur les normes 2013-06, Appel aux membres comit\u00e9 technique mixte des UL\/ULC sur les batteries pour v\u00e9hicules \u00e9lectriques \u00e9laborera<\/a><\/p>\n<p><a href=\"https:\/\/canada.ul.com\/wp-content\/uploads\/sites\/11\/2014\/06\/Standards_Bulletin_2013-07_9705-13_FR.pdf\" target=\"_blank\">Bulletin sur les normes 2013-07 CAN\/ULC-9705-13, Essais au feu &#8211; Essai dans une pi\u00e8ce en vraie grandeur pour les produits de surface<\/a><\/p>\n<p><a href=\"https:\/\/canada.ul.com\/wp-content\/uploads\/sites\/11\/2014\/06\/Standards_Bulletin_2013-08_S561-13_FR.pdf\" target=\"_blank\">Bulletin sur les normes 2013-08 CAN\/ULC-S561-13, Norme sur l&#8217;installation et les services &#8211; syst\u00e8mes et centrales de r\u00e9ception d&#8217;alarme incendie<\/a><\/p>\n<p><a href=\"https:\/\/canada.ul.com\/wp-content\/uploads\/sites\/11\/2014\/06\/Standards_Bulletin_2013-09_S670_FR.pdf\" target=\"_blank\">Bulletin sur les normes 2013-09 Appel destin\u00e9 aux personnes int\u00e9ress\u00e9es<strong style=\"font-style: inherit\">,\u00a0<\/strong>ULC-S670, Norme sur les r\u00e9servoirs non m\u00e9talliques pour combustibles de br\u00fbleurs \u00e0 mazout et autres liquides combustibles<\/a><\/p>\n<p><a href=\"https:\/\/canada.ul.com\/wp-content\/uploads\/sites\/11\/2014\/06\/Standards_Bulletin_2013-11_S675.2-14_FR.pdf\" target=\"_blank\">Bulletin sur les normes 2013-11 CAN\/ULC-S675.2-14, Norme sur les dispositifs de d\u00e9tection de fuite non volum\u00e9triques pour les liquides inflammables et les liquides combustibles<\/a><\/p>\n<p><a href=\"https:\/\/canada.ul.com\/wp-content\/uploads\/sites\/11\/2014\/06\/Standards_Bulletin_2013_12_S669-14_FR.pdf\" target=\"_blank\">Bulletin sur les normes 2013-12 CAN\/ULC-S669-14, Norme pour les doublures de confinement double en plastique renforc\u00e9 de fibre de verre pour les liquides inflammables et liquides combustibles<\/a><\/p>\n<p><a href=\"https:\/\/canada.ul.com\/wp-content\/uploads\/sites\/11\/2014\/06\/Standards_Bulletin_2013_13_S675.1-14_FR.pdf\" target=\"_blank\">Bulletin sur les normes 2013-13 CAN\/ULC-S675.1-14, Norme sur les dispositifs de d\u00e9tection de fuite volum\u00e9triques pour les liquides inflammables et les liquides combustibles<\/a><\/p>\n<p><a href=\"https:\/\/canada.ul.com\/wp-content\/uploads\/sites\/11\/2014\/06\/Standards_Bulletin_2013_14_S677-14_FR.pdf\" target=\"_blank\">Bulletin sur les normes 2013-14 CAN\/ULC-S677-14, Norme pour les ensembles r\u00e9servoirs encastr\u00e9s hors sol en b\u00e9ton pour les liquides inflammables et liquides combustibles<\/a><\/p>\n<p><a href=\"https:\/\/canada.ul.com\/wp-content\/uploads\/sites\/11\/2014\/06\/Standards_Bulletin_2013_15_S603-14_FR.pdf\" target=\"_blank\">Bulletin sur les normes 2013-15 CAN\/ULC-S603-14, Norme sur les r\u00e9servoirs enterr\u00e9s en acier pour les liquides inflammables et les liquides combustibles<\/a><\/p>\n<p><a href=\"https:\/\/canada.ul.com\/wp-content\/uploads\/sites\/11\/2014\/06\/Standards_Bulletin_2013_16_S615-14_FR.pdf\" target=\"_blank\">Bulletin sur les normes 2013-16 CAN\/ULC-S615-14, Norme sur R\u00e9servoirs en plastique renforc\u00e9 souterrains pour liquides inflammables et liquides combustibles<\/a><\/p>\n<p><a href=\"https:\/\/canada.ul.com\/wp-content\/uploads\/sites\/11\/2014\/06\/Standards_Bulletin_2013-17_S110-13_FR.pdf\" target=\"_blank\">Bulletin sur les normes 2013-17 CAN\/ULC-S110-13,\u00a0M\u00e9thodes normalis\u00e9es d&#8217;essai des conduits d&#8217;air<\/a><\/p>\n<p><a href=\"https:\/\/canada.ul.com\/wp-content\/uploads\/sites\/11\/2014\/06\/Standards_Bulletin_2013-18_S134-13_FR.pdf\" target=\"_blank\">Bulletin sur les normes 2013-18 CAN\/ULC-S134-13, M\u00e9thode normalis\u00e9e des essais de comportement au feu des murs ext\u00e9rieurs<\/a><\/p>\n<p><a href=\"https:\/\/canada.ul.com\/wp-content\/uploads\/sites\/11\/2014\/06\/Standards_Bulletin_2013-19_S111-13_FR.pdf\" target=\"_blank\">Bulletin sur les normes 2013-19 CAN\/ULC-S111-13, M\u00e9thode d&#8217;essai normalis\u00e9e de r\u00e9sistance au feu des filtres<\/a><\/p>\n<p><a href=\"https:\/\/canada.ul.com\/wp-content\/uploads\/sites\/11\/2014\/06\/Standards_Bulletin_2013-20_8754-13_FR.pdf\" target=\"_blank\">Bulletin sur les normes 2013-20 CAN\/ULC-S8754-13, Norme relative aux douilles, socles et connecteurs des syst\u00e8mes avec module et convertisseur et des barrettes pour semiconducteurs DEL<\/a><\/p>\n<p><a href=\"https:\/\/canada.ul.com\/wp-content\/uploads\/sites\/11\/2014\/06\/Standards_Bulletin_2013-21_8753-13_FR.pdf\" target=\"_blank\">Bulletin sur les normes 2013-21 CAN\/ULC-S8753-13, Norme relative aux syst\u00e8mes avec module et convertisseur pour diodes \u00e9lectroluminescentes DEL rempla\u00e7ables sur place<\/a><\/p>\n<p><a href=\"https:\/\/canada.ul.com\/wp-content\/uploads\/sites\/11\/2014\/06\/Standards_Bulletin_2013-22_S8752-12-AM1_FR.pdf\" target=\"_blank\">Bulletin sur les normes 2013-22 CAN\/ULC-S8752-12-AM1, Norme relative aux panneaux \u00e0 diodes \u00e9lectroluminescentes organiques DELO<\/a><\/p>\n<p><a href=\"https:\/\/canada.ul.com\/wp-content\/uploads\/sites\/11\/2014\/06\/Standards_Bulletin_2013-23_S115-11_FR.pdf\" target=\"_blank\">Bulletin sur les normes 2013-23 Interpr\u00e9tations des exigences sur CAN\/ULC-S115-11, Interpr\u00e9tation des exigences de l&#8217;application envisag\u00e9e d&#8217;une dimension<\/a><\/p>\n<p><a href=\"https:\/\/canada.ul.com\/wp-content\/uploads\/sites\/11\/2014\/06\/Standards_Bulletin_2013-24-FR_CAN-ULC-S536-13.pdf\" target=\"_blank\">Bulletin sur les normes 2013-24 CAN\/ULC-S536-13,\u00a0Norme sur l&#8217;inspection et la mise \u00e0 l&#8217;essai des r\u00e9seaux avertisseurs d&#8217;incendie<\/a><\/p>\n<p><a href=\"https:\/\/canada.ul.com\/wp-content\/uploads\/sites\/11\/2014\/06\/Standards_Bulletin_2013-25-FR_CAN-ULC-S537-13.pdf\" target=\"_blank\">Bulletin sur les normes 2013-25 CAN\/ULC-S537-13, Norme sur la v\u00e9rification des r\u00e9seaux avertisseurs d&#8217;incendie<\/a><\/p>\n<p><a href=\"https:\/\/canada.ul.com\/wp-content\/uploads\/sites\/11\/2014\/06\/Standards_Bulletin_2013-26_S574-13_FR.pdf\" target=\"_blank\">Bulletin sur les normes 2013-26 CAN\/ULC-S574-13, Norme sur les adaptateurs et les raccordements instantan\u00e9s \u00e0 ergot externe forg\u00e9s de 65 mm 2 1\/2 po pour tuyaux d\u2019incendie forestiers<\/a><\/p>\n<p><a href=\"https:\/\/canada.ul.com\/wp-content\/uploads\/sites\/11\/2014\/06\/Standards_Bulletin_2013-27_S2271-13_FR.pdf\" target=\"_blank\">Bulletin sur les normes 2013-27 CAN\/ULC-S2271-13, Norme sur les batteries \u00e9lectriques pour v\u00e9hicules \u00e9lectriques l\u00e9gers<\/a><\/p>\n<p><a href=\"https:\/\/canada.ul.com\/wp-content\/uploads\/sites\/11\/2014\/06\/Standards_Bulletin_2013-28_S2580-13_FR.pdf\" target=\"_blank\">Bulletin sur les normes 2013-28 CAN\/ULC-S2580-13, Norme sur les batteries pour v\u00e9hicules \u00e9lectriques<\/a><\/p>\n<p><a href=\"https:\/\/canada.ul.com\/wp-content\/uploads\/sites\/11\/2014\/06\/Standards_Bulletin_2013-29_ULC-S545-02_FR.pdf\" target=\"_blank\">Bulletin sur les normes 2013-29 ULC-S545-02, Norme sur les postes de contr\u00f4le des syst\u00e8mes d&#8217;alarme incendie r\u00e9sidentiels<\/a><\/p>\n<p><a href=\"https:\/\/canada.ul.com\/wp-content\/uploads\/sites\/11\/2014\/06\/Standards_Bulletin_2013-30-S676FR.pdf\" target=\"_blank\">Bulletin sur les normes 2013-30 CAN\/ULC-S676 Norme pour la r\u00e9novation des r\u00e9servoirs souterrains et hors sol pour les liquides inflammables et combustibles<\/a><\/p>\n<p><a href=\"https:\/\/canada.ul.com\/wp-content\/uploads\/sites\/11\/2014\/06\/Standards_Bulletin_2013-31_S508-13_FR.pdf\" target=\"_blank\">Bulletin sur les normes 2013-31 CAN\/ULC-S508-02-R13, Norme sur la classification et les essais sur foyers types des extincteurs<\/a><\/p>\n<p><a href=\"https:\/\/canada.ul.com\/wp-content\/uploads\/sites\/11\/2014\/06\/Standards_Bulletin_2013-32_S551-13_FR.pdf\" target=\"_blank\">Bulletin sur les normes 2013-32 CAN\/ULC-S551-13, Norme sur les adaptateurs et les raccordements instantan\u00e9s \u00e0 ergot externe forg\u00e9s pour tuyaux d&#8217;incendie forestiers<\/a><\/p>\n<p><a href=\"https:\/\/canada.ul.com\/wp-content\/uploads\/sites\/11\/2014\/06\/Standards_Bulletin_2013-33_S558-13_FR.pdf\" target=\"_blank\">Bulletin sur les normes 2013-33 CAN\/ULC-S558-13, Norme sur les adaptateurs et les raccordements instantan\u00e9s \u00e0 ergot externe pour tuyaux d&#8217;incendie forestiers<\/a><\/p>\n","protected":false},"excerpt":{"rendered":"<p>Bulletin sur les normes 2013-01 CAN\/ULC-S540-13, Norme sur les syst\u00e8mes d&#8217;alarme incendie r\u00e9sidentiels et de s\u00e9curit\u00e9 des personnes : Installation, inspection, mise \u00e0 l&#8217;essai et entretien Bulletin sur les normes 2013-02 CAN\/ULC-S515-13, Norme sur les [&hellip;]<\/p>\n","protected":false},"author":197,"featured_media":0,"parent":942,"menu_order":6,"comment_status":"open","ping_status":"closed","template":"","meta":{"_acf_changed":false,"inline_featured_image":false,"footnotes":""},"class_list":["post-1427","page","type-page","status-publish","hentry"],"acf":[],"_links":{"self":[{"href":"https:\/\/canada.ul.com\/fr\/wp-json\/wp\/v2\/pages\/1427","targetHints":{"allow":["GET"]}}],"collection":[{"href":"https:\/\/canada.ul.com\/fr\/wp-json\/wp\/v2\/pages"}],"about":[{"href":"https:\/\/canada.ul.com\/fr\/wp-json\/wp\/v2\/types\/page"}],"author":[{"embeddable":true,"href":"https:\/\/canada.ul.com\/fr\/wp-json\/wp\/v2\/users\/197"}],"replies":[{"embeddable":true,"href":"https:\/\/canada.ul.com\/fr\/wp-json\/wp\/v2\/comments?post=1427"}],"version-history":[{"count":0,"href":"https:\/\/canada.ul.com\/fr\/wp-json\/wp\/v2\/pages\/1427\/revisions"}],"up":[{"embeddable":true,"href":"https:\/\/canada.ul.com\/fr\/wp-json\/wp\/v2\/pages\/942"}],"wp:attachment":[{"href":"https:\/\/canada.ul.com\/fr\/wp-json\/wp\/v2\/media?parent=1427"}],"curies":[{"name":"wp","href":"https:\/\/api.w.org\/{rel}","templated":true}]}}