{"id":1378,"date":"2014-06-27T20:27:13","date_gmt":"2014-06-27T20:27:13","guid":{"rendered":"https:\/\/canada.ul.com\/?page_id=1378"},"modified":"2017-09-19T20:05:19","modified_gmt":"2017-09-19T20:05:19","slug":"2008standardsbulletins","status":"publish","type":"page","link":"https:\/\/canada.ul.com\/fr\/normesulc\/standardsbulletins\/2008standardsbulletins\/","title":{"rendered":"Bulletins Sur les Normes 2008"},"content":{"rendered":"<p><a href=\"https:\/\/canada.ul.com\/wp-content\/uploads\/sites\/11\/2014\/06\/Standards_Bulletin_2008-01_SI-01-S536-04_FR.pdf\" target=\"_blank\">Standards Bulletin 2008-01 CAN\/ULC-S536-04-FR Standards Interpretation-01-S536-04 Norme Sur L\u2019inspection Et La Mise \u00c0 L\u2019essai Des R\u00e9seaux Avertisseurs D\u2019incendie<\/a><\/p>\n<p><a href=\"https:\/\/canada.ul.com\/wp-content\/uploads\/sites\/11\/2014\/06\/Standards_Bulletin_2008-02_SI-01-S536-04_FR.pdf\" target=\"_blank\">Standards Bulletin 2008-02 CAN\/ULC-S536-04-FR Standards Interpretation-01-S536-04 Inspection et mise \u00e0 l&#8217;essai des r\u00e9seaux avertisseurs d&#8217;incendie\u00a0 Interpretation de la sous-section 5.1, documentation<\/a><\/p>\n<p><a href=\"https:\/\/canada.ul.com\/wp-content\/uploads\/sites\/11\/2014\/06\/Standards_Bulletin_2008-03_SI-01-S537-97_FR.pdf\" target=\"_blank\">Standards Bulletin 2008-03 CAN\/ULC-S537-97-FR Standards Interpretation-01-S537-97 Norme Sur La V\u00e9rification Des R\u00e9seaux Avertisseurs D&#8217;incendie<\/a><\/p>\n<p><a href=\"https:\/\/canada.ul.com\/wp-content\/uploads\/sites\/11\/2014\/06\/Standards_Bulletin_2008-04_SI-01-S537-04_FR.pdf\" target=\"_blank\">Standards Bulletin 2008-04 CAN\/ULC-S537-04-FR Standards Interpretation-01-S537-04 V\u00e9rification Des R\u00e9seaux Avertisseurs D&#8217;incendie<\/a><\/p>\n<p><a href=\"https:\/\/canada.ul.com\/wp-content\/uploads\/sites\/11\/2014\/06\/Standards_Bulletin_2008-05_SI-01-S537-04_FR.pdf\" target=\"_blank\">Standards Bulletin 2008-05 CAN\/ULC-S537-04-FR Standards Interpretation-01-S537-04 V\u00e9rification Des R\u00e9seaux Avertisseurs D&#8217;incendie<\/a><\/p>\n<p><a href=\"https:\/\/canada.ul.com\/wp-content\/uploads\/sites\/11\/2014\/06\/Standards_Bulletin_2008-06_S561-03-v2_FR.pdf\" target=\"_blank\">Standards Bulletin 2008-06 CAN\/ULC-S561-03-Including Amendment 2 FR, Installation Et Services \u2013 Syst\u00e8mes Et Centrales De\u00a0 R\u00e9ception D&#8217;alarme Incendie<\/a><\/p>\n<p><a href=\"https:\/\/canada.ul.com\/wp-content\/uploads\/sites\/11\/2014\/06\/standards_bulletin_2008-07_s652-08_FR.pdf\" target=\"_blank\">Standard Bulletin 2008-07 CAN\/ULC-S652-08-FR, Norme sur les reservoirs destines a la collecte, au stockage et a l&#8217;enlevement de l&#8217;huile usagee<\/a><\/p>\n<p><a href=\"https:\/\/canada.ul.com\/wp-content\/uploads\/sites\/11\/2014\/06\/Standards_Bulletin_2008-08_SI-01-S319-05_FR.pdf\" target=\"_blank\">Standards Bulletin 2008-08 CAN\/ULC-S319-05-FR Standards Interpretation-01-S319-05 Syst\u00e8mes \u00e9lectroniques de contr\u00f4le d\u2019acc\u00e8s<\/a><\/p>\n<p><a href=\"https:\/\/canada.ul.com\/wp-content\/uploads\/sites\/11\/2014\/06\/standards_bulletin_2008-09_S660-08_FR.pdf\" target=\"_blank\">Standards Bulletin 2008-09 CAN\/ULC-S660-08 FR, Norme sur les canalizations souterrained non metalliques pour liquides inflammables et combustibles<\/a><\/p>\n<p><a href=\"https:\/\/canada.ul.com\/wp-content\/uploads\/sites\/11\/2014\/06\/Standards_Bulletin_2008-10_S636-08_FR.pdf\" target=\"_blank\">Standards Bulletin 2008-10 ULC-S636-08-FR, Norme sur les syst\u00e8mes d&#8217;\u00e9vacuation des gaz de type BH<\/a><\/p>\n<p><a href=\"https:\/\/canada.ul.com\/wp-content\/uploads\/sites\/11\/2014\/06\/Standards_Bulletin_2008-11_S533-08_FR.pdf\" target=\"_blank\">Standards Bulletin 2008-11 CAN\/ULC-S533-08-FR, Dispositifs de fixation et de deblocage de porte de sortie<\/a><\/p>\n<p><a href=\"https:\/\/canada.ul.com\/wp-content\/uploads\/sites\/11\/2014\/06\/Standards_Bulletin_2008-12_S548-08_FR.pdf\" target=\"_blank\">Standards Bulletin 2008-12 CAN\/S548-08-FR, Dispositifs et accessoires pour syst\u00e8mes d&#8217;extinction \u00e0 eau<\/a><\/p>\n<p><a href=\"https:\/\/canada.ul.com\/wp-content\/uploads\/sites\/11\/2014\/06\/Standards_Bulletin_2008-13_CAN-ULC-61318-08_FR.pdf\" target=\"_blank\">Standards Bulletin 2008-13 CAN\/ULC-61318-08-FR, Travaux sous tension \u2013 \u00c9valuation de la conformit\u00e9 applicable \u00e0 l&#8217;outillage, au mat\u00e9riel et aux dispositifs<\/a><\/p>\n<p><a href=\"https:\/\/canada.ul.com\/wp-content\/uploads\/sites\/11\/2014\/06\/Standards_Bulletin_2008-15_S741-08_FR.pdf\" target=\"_blank\">Bulletin sur les normes 2008-15 ULC-S741-, Norme sur les mat\u00e9riauxd&#8217;\u00e9tanch\u00e9it\u00e9 \u00e0l&#8217;air \u2013 Sp\u00e9cification<\/a><\/p>\n<p><a href=\"https:\/\/canada.ul.com\/wp-content\/uploads\/sites\/11\/2014\/06\/Standards_Bulletin_2008-16_S618-08_-FR.pdf\" target=\"_blank\">Bulletin sur les normes 2008-16 ULC-S618-08, Norme sur les anodes et les \u00e9lectrodes de r\u00e9f\u00e9rence pour la protection cathodique des r\u00e9servoirs enterr\u00e9s en acier<\/a><\/p>\n<p><a href=\"https:\/\/canada.ul.com\/wp-content\/uploads\/sites\/11\/2014\/06\/Standards_Bulletin_2008-17_S630-00_FR.pdf\" target=\"_blank\">Bulletin sur les normes 2008-17, Retrait de la norme ULC-S630-00, Norme sur les r\u00e9servoirs verticaux hors-sol en acier fabriqu\u00e9s en usine pour liquides inflammables et combustibles<\/a><\/p>\n<p><a href=\"https:\/\/canada.ul.com\/wp-content\/uploads\/sites\/11\/2014\/06\/Standards_Bulletin_2008-18_S643-00_FR.pdf\" target=\"_blank\">Bulletin sur les normes 2008-18, Retrait de la norme ULC-S643-00, Norme sur les r\u00e9servoirs en acier utilitaires non enterres fabriqu\u00e9s en atelier pour les liquides inflammables et combustibles<\/a><\/p>\n<p><a href=\"https:\/\/canada.ul.com\/wp-content\/uploads\/sites\/11\/2014\/06\/Standards_Bulletin_2008-19_60984-08_FR.pdf\" target=\"_blank\">Bulletin sur les normes 2008-19, CAN\/ULC-60984-08-FR, Prot\u00e8ge-bras en mat\u00e9riaux isolants pour travaux \u00e9lectriques<\/a><\/p>\n","protected":false},"excerpt":{"rendered":"<p>Standards Bulletin 2008-01 CAN\/ULC-S536-04-FR Standards Interpretation-01-S536-04 Norme Sur L\u2019inspection Et La Mise \u00c0 L\u2019essai Des R\u00e9seaux Avertisseurs D\u2019incendie Standards Bulletin 2008-02 CAN\/ULC-S536-04-FR Standards Interpretation-01-S536-04 Inspection et mise \u00e0 l&#8217;essai des r\u00e9seaux avertisseurs d&#8217;incendie\u00a0 Interpretation de [&hellip;]<\/p>\n","protected":false},"author":197,"featured_media":0,"parent":942,"menu_order":1,"comment_status":"open","ping_status":"closed","template":"","meta":{"_acf_changed":false,"inline_featured_image":false,"footnotes":""},"class_list":["post-1378","page","type-page","status-publish","hentry"],"acf":[],"_links":{"self":[{"href":"https:\/\/canada.ul.com\/fr\/wp-json\/wp\/v2\/pages\/1378","targetHints":{"allow":["GET"]}}],"collection":[{"href":"https:\/\/canada.ul.com\/fr\/wp-json\/wp\/v2\/pages"}],"about":[{"href":"https:\/\/canada.ul.com\/fr\/wp-json\/wp\/v2\/types\/page"}],"author":[{"embeddable":true,"href":"https:\/\/canada.ul.com\/fr\/wp-json\/wp\/v2\/users\/197"}],"replies":[{"embeddable":true,"href":"https:\/\/canada.ul.com\/fr\/wp-json\/wp\/v2\/comments?post=1378"}],"version-history":[{"count":0,"href":"https:\/\/canada.ul.com\/fr\/wp-json\/wp\/v2\/pages\/1378\/revisions"}],"up":[{"embeddable":true,"href":"https:\/\/canada.ul.com\/fr\/wp-json\/wp\/v2\/pages\/942"}],"wp:attachment":[{"href":"https:\/\/canada.ul.com\/fr\/wp-json\/wp\/v2\/media?parent=1378"}],"curies":[{"name":"wp","href":"https:\/\/api.w.org\/{rel}","templated":true}]}}