{"id":1349,"date":"2014-06-27T20:17:04","date_gmt":"2014-06-27T20:17:04","guid":{"rendered":"https:\/\/canada.ul.com\/?page_id=1349"},"modified":"2017-09-19T20:06:07","modified_gmt":"2017-09-19T20:06:07","slug":"2010standardsbulletins","status":"publish","type":"page","link":"https:\/\/canada.ul.com\/fr\/normesulc\/standardsbulletins\/2010standardsbulletins\/","title":{"rendered":"Bulletins Sur les Normes 2010"},"content":{"rendered":"<p><a href=\"https:\/\/canada.ul.com\/wp-content\/uploads\/sites\/11\/2014\/06\/Standards_Bulletin_2010-02_S333-93_FR.pdf\" target=\"_blank\">Bulletin sur les normes 2010-02 ULC-S333-93-FR, Distributeurs de billets de banque<\/a><\/p>\n<p><a href=\"https:\/\/canada.ul.com\/wp-content\/uploads\/sites\/11\/2014\/06\/Standards_Bulletin_2010-03_S329-92_FR.pdf\" target=\"_blank\">Bulletin sur les normes 2010-03 CAN\/ULC-S329-M92-FR, Guichets automatiques bancaires<\/a><\/p>\n<p><a href=\"https:\/\/canada.ul.com\/wp-content\/uploads\/sites\/11\/2014\/06\/Standards_Bulletin_2010-05_S112-10_FR.pdf\" target=\"_blank\">Bulletin sur les normes 2010-05 CAN\/ULC-S112-10-FR, Methode d&#8217;essai normalisee de resistance au feu des registres coupe-feu<\/a><\/p>\n<p><a href=\"https:\/\/canada.ul.com\/wp-content\/uploads\/sites\/11\/2014\/06\/Standards_Bulletin_2010-06_S646-10_FR.pdf\" target=\"_blank\">Bulletin sur les normes 2010-06 CAN\/ULC-S646-10-FR, Norme relative aux hottes d&#8217;aspiration et aux contr\u00f4les connexes pour le mat\u00e9riel de cuisson des cuisines professionnelles et collectives<\/a><\/p>\n<p><a href=\"https:\/\/canada.ul.com\/wp-content\/uploads\/sites\/11\/2014\/06\/Standards_Bulletin_2010-07_S107-10_FR.pdf\" target=\"_blank\">Bulletin sur les normes 2010-07 CAN\/ULC-S107-10-FR, M\u00e9thodes normalis\u00e9e d&#8217;essai de r\u00e9sistance au feu des mat\u00e9riaux de couverture<\/a><\/p>\n<p><a href=\"https:\/\/canada.ul.com\/wp-content\/uploads\/sites\/11\/2014\/06\/Standards_Bulletin_2010-08_S102.4-10_FR.pdf\" target=\"_blank\">Bulletin sur les normes 2010-08 CAN\/ULC-S102.4-10-FR, M\u00e9thode d&#8217;essai normalis\u00e9e caract\u00e9ristiques de r\u00e9sistance au feu et \u00e0 la fum\u00e9e des fils et c\u00e2bles \u00e9lectriques et des canalisations non m\u00e9talliques<\/a><\/p>\n<p><a href=\"https:\/\/canada.ul.com\/wp-content\/uploads\/sites\/11\/2014\/06\/Standards_Bulletin_2010-12_S702.2-10_FR.pdf\" target=\"_blank\">Bulletin sur les normes 2010-12 ULC-S702.2-10-FR, Norme sur l&#8217;isolant thermique de fibres min\u00e9rales pour\u00a0 b\u00e2timents, partie 2 : installation<\/a><\/p>\n<p><a href=\"https:\/\/canada.ul.com\/wp-content\/uploads\/sites\/11\/2014\/06\/Standards_Bulletin_2010-13_S716.2-10_FR.pdf\" target=\"_blank\">S716.2-10 FR, Norme pour les syst\u00e8mes d&#8217;isolation et de finition ext\u00e9rieurs SIFE &#8211; Installation des composants des syst\u00e8mes SIFE et de la barri\u00e8re r\u00e9sistante \u00e0 l&#8217;eau<\/a><\/p>\n<p><a href=\"https:\/\/canada.ul.com\/wp-content\/uploads\/sites\/11\/2014\/06\/Standards_Bulletin_2010-14_S112-1-10_FR.pdf\" target=\"_blank\">Bulletin sur les normes 2010-14 CAN\/ULC-S112.1-10-FR, Norme sur les r\u00e9gistres \u00e9tanches pour systemes de d\u00e9senfumage<\/a><\/p>\n<p><a href=\"https:\/\/canada.ul.com\/wp-content\/uploads\/sites\/11\/2014\/06\/Standards_Bulletin_2010-15_S104-10_FR.pdf\" target=\"_blank\">Bulletin sur les normes 2010-15 CAN\/ULC-S104-10-FR, M\u00e9thode normalis\u00e9e des essais de r\u00e9sistance au feu des portes<\/a><\/p>\n<p><a href=\"https:\/\/canada.ul.com\/wp-content\/uploads\/sites\/11\/2014\/06\/Standards_Bulletin_2010-16_S102-10_FR.pdf\" target=\"_blank\">Bulletin sur les normes 2010-16 CAN\/ULC-S102-10-FR, M\u00e9thode d&#8217;essai normalis\u00e9e caract\u00e9ristiques de combustion superficielle des mat\u00e9riaux de construction et assemblages<\/a><\/p>\n<p><a href=\"https:\/\/canada.ul.com\/wp-content\/uploads\/sites\/11\/2014\/06\/Standards_Bulletin_2010-17_S102.2-10_FR.pdf\" target=\"_blank\">Bulletin sur les normes 2010-17 CAN\/ULC-S102.2-10-FR, M\u00e9thode d&#8217;essai normalis\u00e9e caract\u00e9ristiques de combustion superficielle des rev\u00eatements de sol et des divers mat\u00e9riaux et assemblages<\/a><\/p>\n<p><a href=\"https:\/\/canada.ul.com\/wp-content\/uploads\/sites\/11\/2014\/06\/Standards_Bulletin_2010-18_S554-05-R10_FR.pdf\" target=\"_blank\">Bulletin sur les normes 2010-18 S554-05-R10 FR, Extincteurs \u00e0 agent \u00e0 base d&#8217;eau<\/a><\/p>\n<p><a href=\"https:\/\/canada.ul.com\/wp-content\/uploads\/sites\/11\/2014\/06\/Standards_Bulletin_2010-19_S543-09-AM1_FR.pdf\" target=\"_blank\">Bulletin sur les normes 2010-19 S543-09-AM1 FR, Norme sur les raccords rapides \u00e0 oreille interne pour tuyaux d&#8217;incendie<\/a><\/p>\n<p><a href=\"https:\/\/canada.ul.com\/wp-content\/uploads\/sites\/11\/2014\/06\/Standards_Bulletin_2010-20_S652-08_ER1_FR.pdf\" target=\"_blank\">Bulletin sur les normes 2010-20 S652-08 ER1 FR, Norme sur les ensembles r\u00e9servoirs destines \u00e0 la collecte, au stockage et \u00e0 l&#8217;enl\u00e8vement de l&#8217;huile usag\u00e9e<\/a><\/p>\n<p><a href=\"https:\/\/canada.ul.com\/wp-content\/uploads\/sites\/11\/2014\/06\/Standards_Bulletin_2010-21_S716.3-10_FR.pdf\" target=\"_blank\">Bulletin sur les normes 2010-21 S716.3-10-FR, Norme pour les syst\u00e8mes d&#8217;isolation et de finition ext\u00e9rieurs SIFE \u2013 Application de la conception<\/a><\/p>\n<p><a href=\"https:\/\/canada.ul.com\/wp-content\/uploads\/sites\/11\/2014\/06\/Standards_Bulletin_2010-22_S712.1-10_FR.pdf\" target=\"_blank\">Bulletin sur les normes 2010-22 S712.1-10 FR, Norme sur l\u2019isolant thermique en mousse de polyur\u00e9thane semi-rigide pulv\u00e9ris\u00e9e, de faible densit\u00e9 et \u00e0 alv\u00e9oles ouverts \u2013 specifications relatives au mat\u00e9riau<\/a><\/p>\n<p><a href=\"https:\/\/canada.ul.com\/wp-content\/uploads\/sites\/11\/2014\/06\/Standards_Bulletin_2010-23_S524-06-ER1_FR.pdf\" target=\"_blank\">Bulletin sur les normes 2010-23 S524-06 ER 1 FR,\u00a0Norme sur l&#8217;installation des r\u00e9seaux d&#8217;avertisseurs d&#8217;incendie<\/a><\/p>\n<p><a href=\"https:\/\/canada.ul.com\/wp-content\/uploads\/sites\/11\/2014\/06\/Standards_Bulletin_2010-24_S572-10_FR.pdf\" target=\"_blank\">Bulletin sur les normes 2010-24 S572-10 FR,\u00a0Normes sur les panneaux de signalisation d&#8217;issue et les syst\u00e8mes de marquage de parcours photoluminescents et autolumineux<\/a><\/p>\n<p><a href=\"https:\/\/canada.ul.com\/wp-content\/uploads\/sites\/11\/2014\/06\/Standards-Bulletin-2010-12-60832-WD_FR.pdf\">Bulletin sur les normes 2010-25 CAN\/ULC 60832-09 FR, retrait de la norme CAN\/ULC-60832-09, Perches isolants et outils adaptables pour travaux sous tension<\/a><\/p>\n<p><a href=\"https:\/\/canada.ul.com\/wp-content\/uploads\/sites\/11\/2014\/06\/Standards_Bulletin_2010-12_61111-10_FR.pdf\">Bulletin sur les normes 2010-26 CAN\/ULC 61111-10 FR, Travaux sous tension \u2013 Tapis Isolants \u00c9lectriques<\/a><\/p>\n<p><a href=\"https:\/\/canada.ul.com\/wp-content\/uploads\/sites\/11\/2014\/06\/Standards_Bulletin_2010-12_61243-1-10_FR.pdf\">Bulletin sur les normes 2010-27 CAN\/ULC 61243-1-10 FR, Travaux sous tension \u2013 D\u00e9tecteurs de tension &#8211; Partie 1: Type capacitif pour usage sur des tensions alternatives de plus de 1 kV<\/a><\/p>\n<p><a href=\"https:\/\/canada.ul.com\/wp-content\/uploads\/sites\/11\/2014\/06\/Standards_Bulletin_2010-12_60832-1-10_FR.pdf\">Bulletin sur les normes 2010-28 CAN\/ULC 60832-1-10 FR, sous tension \u2013 Perches isolantes et outils adaptables \u2013 Partie 1: Perches isolantes<\/a><\/p>\n<p><a href=\"https:\/\/canada.ul.com\/wp-content\/uploads\/sites\/11\/2014\/06\/Standards_Bulletin_2010-12_60832-2-10_FR.pdf\">Bulletin sur les normes 2010-29 CAN\/ULC 60832-2-10 FR, Travaux sous tension \u2013 Perches isolantes et outils adaptables \u2013 Partie 2: Outils Adaptables<\/a><\/p>\n<p><a href=\"https:\/\/canada.ul.com\/wp-content\/uploads\/sites\/11\/2014\/06\/Standards_Bulletin_2010-12_61243-3-10_FR.pdf\">Bulletin sur les normes 2010-30 CAN\/ULC 61243-3-10 FR, Travaux sous tension \u2013 D\u00e9tecteurs de tension &#8211; Partie 3: Type bipolaire basse tension<\/a><\/p>\n<p><a href=\"https:\/\/canada.ul.com\/wp-content\/uploads\/sites\/11\/2014\/06\/Standards_Bulletin_2010-31_S503-05-R10_FR.pdf\" target=\"_blank\">Bulletin sur les normes 2010-31 S503-05-R10 FR, Extincteurs au dioxyde de carbone<\/a><\/p>\n<p><a href=\"https:\/\/canada.ul.com\/wp-content\/uploads\/sites\/11\/2014\/06\/Standards_Bulletin_2010-32_S507-05-R10_FR.pdf\" target=\"_blank\">Bulletin sur les normes 2010-32 S507-05-R10 FR, Extincteurs \u00e0 eau<\/a><\/p>\n","protected":false},"excerpt":{"rendered":"<p>Bulletin sur les normes 2010-02 ULC-S333-93-FR, Distributeurs de billets de banque Bulletin sur les normes 2010-03 CAN\/ULC-S329-M92-FR, Guichets automatiques bancaires Bulletin sur les normes 2010-05 CAN\/ULC-S112-10-FR, Methode d&#8217;essai normalisee de resistance au feu des registres [&hellip;]<\/p>\n","protected":false},"author":197,"featured_media":0,"parent":942,"menu_order":3,"comment_status":"open","ping_status":"closed","template":"","meta":{"_acf_changed":false,"inline_featured_image":false,"footnotes":""},"class_list":["post-1349","page","type-page","status-publish","hentry"],"acf":[],"_links":{"self":[{"href":"https:\/\/canada.ul.com\/fr\/wp-json\/wp\/v2\/pages\/1349","targetHints":{"allow":["GET"]}}],"collection":[{"href":"https:\/\/canada.ul.com\/fr\/wp-json\/wp\/v2\/pages"}],"about":[{"href":"https:\/\/canada.ul.com\/fr\/wp-json\/wp\/v2\/types\/page"}],"author":[{"embeddable":true,"href":"https:\/\/canada.ul.com\/fr\/wp-json\/wp\/v2\/users\/197"}],"replies":[{"embeddable":true,"href":"https:\/\/canada.ul.com\/fr\/wp-json\/wp\/v2\/comments?post=1349"}],"version-history":[{"count":0,"href":"https:\/\/canada.ul.com\/fr\/wp-json\/wp\/v2\/pages\/1349\/revisions"}],"up":[{"embeddable":true,"href":"https:\/\/canada.ul.com\/fr\/wp-json\/wp\/v2\/pages\/942"}],"wp:attachment":[{"href":"https:\/\/canada.ul.com\/fr\/wp-json\/wp\/v2\/media?parent=1349"}],"curies":[{"name":"wp","href":"https:\/\/api.w.org\/{rel}","templated":true}]}}