{"id":1332,"date":"2015-02-05T14:17:59","date_gmt":"2014-06-27T20:14:46","guid":{"rendered":"https:\/\/canada.ul.com\/?page_id=1332"},"modified":"2017-09-19T20:07:55","modified_gmt":"2017-09-19T20:07:55","slug":"2014standardsbulletins","status":"publish","type":"page","link":"https:\/\/canada.ul.com\/fr\/normesulc\/standardsbulletins\/2014standardsbulletins\/","title":{"rendered":"Bulletins Sur les Normes 2014"},"content":{"rendered":"<p><a href=\"https:\/\/canada.ul.com\/wp-content\/uploads\/sites\/11\/2014\/06\/Standards_Bulletin_2014-01_S774-09_R2014_FR.pdf\" target=\"_blank\">Bulletin sur les normes 2014-01 CAN\/ULC-S774-09 [R2014], Guide standard de laboratoire pour l\u2019\u00e9valuation des \u00e9missions de compos\u00e9s organiques volatils de la mousse de polyur\u00e9thane<\/a><\/p>\n<p><a href=\"https:\/\/canada.ul.com\/wp-content\/uploads\/sites\/11\/2014\/06\/Standards_Bulletin_2014-02_S552-13_fr.pdf\" target=\"_blank\">Bulletin sur les normes 2014-02 CAN\/ULC-S552-14, Norme sur l&#8217;inspection, la mise \u00e0 l&#8217;essai et l&#8217;entretien des avertisseurs de fum\u00e9e<\/a><\/p>\n<p><a href=\"https:\/\/canada.ul.com\/wp-content\/uploads\/sites\/11\/2014\/06\/Standards_Bulletin_2014-03_S553-13_fr.pdf\" target=\"_blank\">Bulletin sur les normes 2014-03 CAN\/ULC-S553-14, Normes sur l&#8217;installation des avertiseurs de fum\u00e9e<\/a><\/p>\n<p><a href=\"https:\/\/canada.ul.com\/wp-content\/uploads\/sites\/11\/2014\/06\/Standards_Bulletin_2014-04_S531-14_FR.pdf\" target=\"_blank\">Bulletin\u00a0sur les normes 2014-04 CAN\/ULC-S531-14, Norme Sur Les Avertisseurs de Fum\u00e9e<\/a><\/p>\n<p><a href=\"https:\/\/canada.ul.com\/wp-content\/uploads\/sites\/11\/2014\/06\/Standards_Bulletin_2014-05_60743-14_FR.pdf\" target=\"_blank\">Bulletin\u00a0sur les normes 2014-05 CAN\/ULC-60743-14, Norme Sur Travaux sous Tension &#8211; Terminologie pour l&#8217;outillage, les Dispositifs et les Equipments<\/a><\/p>\n<p><a href=\"https:\/\/canada.ul.com\/wp-content\/uploads\/sites\/11\/2014\/06\/Standards_Bulletin_2014-06_60900-14_FR.pdf\" target=\"_blank\">Bulletin sur les normes 2014-06 CAN\/ULC-60900-14, Norme sur Travaux sous Tension &#8211; Outils\u00a0\u00e0\u00a0main pour usage jusqu&#8217;\u00e0\u00a01 000 V en courant alternatif et 1 500 V en courant continu<\/a><\/p>\n<p><a href=\"https:\/\/canada.ul.com\/wp-content\/uploads\/sites\/11\/2014\/06\/Standards_Bulletin_2014-07_61236-14_FR.pdf\" target=\"_blank\">Bulletin sur les normes 2014-07 CAN\/ULC-61236-14, Norme sur Travaux sous tension &#8211; Selles, manchons et leurs accessoires<\/a><\/p>\n<p><a href=\"https:\/\/canada.ul.com\/wp-content\/uploads\/sites\/11\/2014\/06\/Standards_Bulletin_2014-08_61472-14_FR.pdf\" target=\"_blank\">Bulletin sur les normes 2014-08 CAN\/ULC-61472-14, Norme sur Travaux sous tension \u2013 Distances minimales d&#8217;approche pour des r\u00e9seaux \u00e0 courant alternative de tension comprise entre de tension comprise entre m\u00e9thode de calcul<\/a><\/p>\n<p><a href=\"https:\/\/canada.ul.com\/wp-content\/uploads\/sites\/11\/2014\/06\/Standards_Bulletin_2014-09_S601-14_fr.pdf\" target=\"_blank\">Bulletin sur les normes 2014-09 CAN\/ULC-S601-14, Norme sur les r\u00e9servoirs hors sol en acier fabriqu\u00e9s en usine pour liquides inflammables et combustibles<\/a><\/p>\n<p><a href=\"https:\/\/canada.ul.com\/wp-content\/uploads\/sites\/11\/2014\/06\/Standards_Bulletin_2014-10_S566-05-AM3_FR.pdf\" target=\"_blank\">Bulletin sur les normes 2014-10 CAN\/ULC-S566-05-AM3-R11, Norme sur les Extincteurs aux agents propres \u00e0 l&#8217;halocarbure<\/a><\/p>\n<p><a href=\"https:\/\/canada.ul.com\/wp-content\/uploads\/sites\/11\/2014\/06\/Standards_Bulletin_2014-11_S519-14_FR.pdf\" target=\"_blank\">Bulletin sur les normes 2014-11 CAN\/ULC-S519-14, Norme sur le tuyau forestier perm\u00e9able en coton et en fibres synth\u00e9tiques<\/a><\/p>\n<p><a href=\"https:\/\/canada.ul.com\/wp-content\/uploads\/sites\/11\/2014\/06\/Standards_Bulletin_2014-12_S519.1-14_FR.pdf\" target=\"_blank\">Bulletin sur les normes 2014-12 CAN\/ULC-S519.1-14, Norme sur le tuyau forestier perm\u00e9able en fibres synth\u00e9tiques<\/a><\/p>\n<p><a href=\"https:\/\/canada.ul.com\/wp-content\/uploads\/sites\/11\/2014\/06\/Standards_Bulletin_2014-13_S674-14_FR.pdf\" target=\"_blank\">Bulletin\u00a0sur les normes 2014-13 CAN\/ULC-674-14,\u00a0Norme sure les appareils d\u00e9coratifs non raccord\u00e9s fonctionnant \u00e0 l&#8217;alcool carburant<\/a><\/p>\n<p><a href=\"https:\/\/canada.ul.com\/wp-content\/uploads\/sites\/11\/2014\/06\/Standards_Bulletin_2014-14_S522-07-R14_FR1.pdf\" target=\"_blank\">Bulletin\u00a0sur les normes 2014-14 CAN\/ULC-S522-07, Norme relative aux tuyaux d&#8217;extincteur et de d\u00e9vidoir tournant<\/a><\/p>\n<p><a href=\"https:\/\/canada.ul.com\/wp-content\/uploads\/sites\/11\/2014\/06\/Standards_Bulletin_2014-15_S532-07-R14_FR.pdf\" target=\"_blank\">Bulletin\u00a0sur les normes 2014-15 CAN\/ULC-S532-07, Norme sur la r\u00e9glementation de l&#8217;entretien et du rechargement des extincteurs\u00a0\u00e0 incendie portables<\/a><\/p>\n<p><a href=\"https:\/\/canada.ul.com\/wp-content\/uploads\/sites\/11\/2014\/06\/Standards_Bulletin_2014-16_S514-14_FR.pdf\" target=\"_blank\">Bulletin\u00a0sur les normes 2014-16 CAN\/ULC-S514, Norme sur les poudres chimiques utilis\u00e9es dans les extincteurs,\u00a0\u00e0 main et sur roues<\/a><\/p>\n<p><a href=\"https:\/\/canada.ul.com\/wp-content\/uploads\/sites\/11\/2014\/06\/Standards_Bulletin_2014-17_S557-06-R14_FR.pdf\" target=\"_blank\">Bulletin\u00a0sur les normes\u00a02014-17 ULC-S557-06, Norme sur les extincteurs dorsaux<\/a><\/p>\n<p><a href=\"https:\/\/canada.ul.com\/wp-content\/uploads\/sites\/11\/2014\/06\/Standards_Bulletin_2014-18_S117.1-M85_FR.pdf\" target=\"_blank\">Bulletin\u00a0sur les normes 2014-18 CAN4-S117.1-M85, M\u00e9thode d&#8217;essai normalis\u00e9e: r\u00e9sistance\u00a0\u00e0 l&#8217;inflammation &#8211; essai\u00a0\u00e0 la tablette de m\u00e9th\u00e9namine des rev\u00eatements de sol textiles<\/a><\/p>\n<p><a href=\"https:\/\/canada.ul.com\/wp-content\/uploads\/sites\/11\/2014\/06\/Standards_Bulletin_2014-19_S101-14_FR.pdf\" target=\"_blank\">Bulletin\u00a0sur les normes 2014-19\u00a0CAN\/ULC-S101-14, M\u00e9thodes d&#8217;essai normalis\u00e9es de r\u00e9sistance au feu pour les b\u00e2timents et les mat\u00e9riaux de construction<\/a><\/p>\n<p><a href=\"https:\/\/canada.ul.com\/wp-content\/uploads\/sites\/11\/2014\/10\/Standards_Bulletin_2014-20_S126-14_FR.pdf\" target=\"_blank\">Bulletin sur les normes 2014-20 CAN\/ULC-S126-14, M\u00e9thode normalis\u00e9e d\u2019essai sur la propagation des flammes sous les platelages de toits<\/a><\/p>\n<p><a href=\"https:\/\/canada.ul.com\/wp-content\/uploads\/sites\/11\/2014\/06\/Standards_Bulletin_2014-21_S527-11-AM1-FR.pdf\" target=\"_blank\">Bulletin sur les norms 2014-21\u00a0CAN\/ULC-S5271-11 Mod1, Norme sur les postes de contr\u00f4le pour les r\u00e9seaux avertisseurs d&#8217;incendie<\/a><\/p>\n<p><a href=\"https:\/\/canada.ul.com\/wp-content\/uploads\/sites\/11\/2014\/09\/Standards_Bulletin_2014-22_S524-14_fr.pdf\" target=\"_blank\">Bulletin sur les normes 2014-22 CAN\/ULC-524-14, Norme sur l&#8217;installation des r\u00e9seaux avertisseurs d&#8217;incendie<\/a><\/p>\n<p><a href=\"https:\/\/canada.ul.com\/wp-content\/uploads\/sites\/11\/2014\/10\/Standards_Bulletin_2014-23_S615-14_fr.pdf\" target=\"_blank\">Bulletin\u00a0sur les normes 2014-23 CAN\/ULC-S615-14, Norme sur les r\u00e9servoirs en plastique renforc\u00e9 souterrains pour les liquides inflammables et combustibles<\/a><\/p>\n<p><a href=\"https:\/\/canada.ul.com\/wp-content\/uploads\/sites\/11\/2014\/10\/Standards_Bulletin_2014-24_S669-14_fr.pdf\" target=\"_blank\">Bulletin\u00a0sur les normes 2014-24 CAN\/ULC-S669-14, Norme sur les syst\u00e8mes de r\u00e9novation internes des r\u00e9servoirs souterrains pour liquides inflammables et combustibles<\/a><\/p>\n<p><a href=\"https:\/\/canada.ul.com\/wp-content\/uploads\/sites\/11\/2014\/06\/Standards_Bulletin_2014-25_S656-14_FR.pdf\" target=\"_blank\">Bulletin\u00a0sur les normes 2014-25 CAN\/ULC-S656-14, Norme sur les s\u00e9parateurs huile-eau<\/a><\/p>\n<p><a href=\"https:\/\/canada.ul.com\/wp-content\/uploads\/sites\/11\/2014\/10\/Standards_Bulletin_2014-26_S603-14_fr.pdf\" target=\"_blank\">Bulletin sur les normes 2014-26 CAN\/ULC-S603-14, Norme sur les r\u00e9servoirs souterrains en acier pour les liquides inflammable et combustibles<\/a><\/p>\n<p><a href=\"https:\/\/canada.ul.com\/wp-content\/uploads\/sites\/11\/2014\/10\/Standards_Bulletin_2014-27_S675.1-14_fr.pdf\" target=\"_blank\">Bulletin sur les normes 2014-27 CAN\/ULC-S675.1-14, Norme sur les dispositifs de d\u00e9tection des fuites volum\u00e9triques pour les r\u00e9servoirs de stockage souterrains et hors sol de liquides inflammables et combustibles<\/a><\/p>\n<p><a href=\"https:\/\/canada.ul.com\/wp-content\/uploads\/sites\/11\/2014\/10\/Standards_Bulletin_2014-28_S675.2-14_FR.pdf\" target=\"_blank\">Bulletin sur les normes 2014-28 CAN\/ULC-S675.2-14, Norme sur les dispositifs de d\u00e9tection des fuites de pr\u00e9cision non volum\u00e9triques pour les r\u00e9servoirs de stockage et les tuyauteries, souterrains et hors sol, de liquides inflammables et combustibles<\/a><\/p>\n<p><a href=\"https:\/\/canada.ul.com\/wp-content\/uploads\/sites\/11\/2014\/09\/Standards_Bulletin_2014-29_S670-14_fr.pdf\" target=\"_blank\">Bulletin sur les normes 2014-29 CAN\/ULC-S670-14, Norme sur les r\u00e9servoirs non m\u00e9talliques hors sol pour le mazout et autres liquides combustibles<\/a><\/p>\n<p><a href=\"https:\/\/canada.ul.com\/wp-content\/uploads\/sites\/11\/2014\/09\/Standards_Bulletin_2014-30_S576-14_FR.pdf\" target=\"_blank\">Bulletin sur les normes 2014-30 CAN\/ULC-S576-14, Norme sur l&#8217;\u00e9quipement et les accessoires des syst\u00e8mes de notification de masse<\/a><\/p>\n<p><a href=\"https:\/\/canada.ul.com\/wp-content\/uploads\/sites\/11\/2014\/10\/Standards_Bulletin_2014-31_S677-14_fr.pdf\" target=\"_blank\">Bulletin sur les normes 2014-31 CAN\/ULC-S677-14, Norme sur les ensembles r\u00e9servoirs hors sol r\u00e9sistant au feu pour les liquides inflammables et combustibles<\/a><\/p>\n<p><a href=\"https:\/\/canada.ul.com\/wp-content\/uploads\/sites\/11\/2014\/10\/Standards_Bulletin_2014-32_S302-14_EN.pdf\" target=\"_blank\">Bulletin sur les normes 2014-32 CAN\/ULC-S302-14, Norme sur l\u2019installation, l\u2019inspection et la mise \u00e0 l\u2019essai des syst\u00e8mes d\u2019alarme anti-intrusion<\/a><\/p>\n<p><a href=\"https:\/\/canada.ul.com\/wp-content\/uploads\/sites\/11\/2014\/10\/Standards_Bulletin_2014-33_S109-14_FR.pdf\" target=\"_blank\">Bulletin sur les normes 2014-33 CAN\/ULC-S109-14, M\u00e9thode normalis\u00e9e des essais de comportement au feu des tissus et pellicules ininflammables<\/a><\/p>\n<p><a href=\"https:\/\/canada.ul.com\/wp-content\/uploads\/sites\/11\/2014\/12\/Standards_Bulletin_2014-34_S316-14_FR.pdf\" target=\"_blank\">Bulletin sur les normes 2014-34 CAN\/ULC-S316-14, Norme sur la performance des syst\u00e8mes de surveillance vid\u00e9o<\/a><\/p>\n<p><a href=\"https:\/\/canada.ul.com\/wp-content\/uploads\/sites\/11\/2014\/11\/Standards_Bulletin_2014-35_S602-14_fr.pdf\" target=\"_blank\">Bulletin sur les normes 2014-35 CAN\/ULC-S602-14, Norme sur les R\u00e9servoirs en Acier Non Enterr\u00e9s pour le Mazout et L\u2019huile Lubrifiante<\/a><\/p>\n<p><a href=\"https:\/\/canada.ul.com\/wp-content\/uploads\/sites\/11\/2014\/11\/Standards_Bulletin_2014-36_S702-14_FR.pdf\" target=\"_blank\">Bulletin sur les normes 2014-36 CAN\/ULC-S702-14, Norme sur l\u2019isolant thermique de fibres min\u00e9rales pour b\u00e2timents<\/a><\/p>\n<p><a href=\"https:\/\/canada.ul.com\/wp-content\/uploads\/sites\/11\/2014\/11\/Standards_Bulletin_2014-37_S143-14_FR.pdf\" target=\"_blank\">Bulletin sur les normes 2014-37 CAN\/ULC-S143-14, M\u00e9thode d\u2019essai normalis\u00e9e de comportement au feu des syst\u00e8mes de canalisation non m\u00e9talliques pour c\u00e2bles \u00e9lectriques et \u00e0 fibres optiques<\/a><\/p>\n<p><a href=\"https:\/\/canada.ul.com\/wp-content\/uploads\/sites\/11\/2014\/11\/Standards_Bulletin_2014-38_S528-14_fr.pdf\" target=\"_blank\">Bulletin sur les normes 2014-38 CAN\/ULC-S528-14, Norme sur les avertisseurs manuels d\u2019incendie pour les syst\u00e8mes d\u2019alarme incendie, y compris les accessoires<\/a><\/p>\n<p><a href=\"https:\/\/canada.ul.com\/wp-content\/uploads\/sites\/11\/2014\/12\/Standards_Bulletin_2014_39_S801-14_FR.pdf\" target=\"_blank\">Bulletin sur les normes 2014-39 CAN\/ULC-S801-14, Norme sur la s\u00e9curit\u00e9 en mati\u00e8re d&#8217;\u00e9lectricit\u00e9 sur les lieux de travail des services publics d&#8217;\u00e9lectricit\u00e9 pour la production, le transport et la distribution<\/a><\/p>\n<p><a href=\"https:\/\/canada.ul.com\/wp-content\/uploads\/sites\/11\/2014\/12\/Standards_Bulletin_2014-40_S127-14_FR.pdf\" target=\"_blank\">Bulletin sur les normes 2014-40 CAN\/ULC-S127-14, M\u00e9thode d\u2019essai normalis\u00e9e d\u2019allumage en coin visant \u00e0 d\u00e9terminer les caract\u00e9ristiques d\u2019inflammabilit\u00e9 des mat\u00e9riaux de construction en mousse plastique \u00e0 l\u2019\u00e9preuve de la fusion<\/a><\/p>\n<p><a href=\"https:\/\/canada.ul.com\/wp-content\/uploads\/sites\/11\/2014\/12\/Standards_Bulletin_2014-41_S511-14_FR.pdf\" target=\"_blank\">Bulletin sur les normes 2014-41 CAN-ULC-S511-14, Norme sur le tuyau d&#8217;incendie entoil\u00e9 pour conduites d&#8217;incendie int\u00e9rieures et services municipaux et industriels de protection incendie<\/a><\/p>\n<p><a href=\"https:\/\/canada.ul.com\/wp-content\/uploads\/sites\/11\/2014\/12\/Standards_Bulletin_2014-42_8754-13-AM1_FR.pdf\" target=\"_blank\">Bulletin sur les normes 2014-42 CAN-ULC-S8754-13-AM1, Norme relative aux douilles, socles et connecteurs des syst\u00e8mes avec module et convertisseur et des barrettes pour semiconducteurs (DEL)<\/a><\/p>\n","protected":false},"excerpt":{"rendered":"<p>Bulletin sur les normes 2014-01 CAN\/ULC-S774-09 [R2014], Guide standard de laboratoire pour l\u2019\u00e9valuation des \u00e9missions de compos\u00e9s organiques volatils de la mousse de polyur\u00e9thane Bulletin sur les normes 2014-02 CAN\/ULC-S552-14, Norme sur l&#8217;inspection, la mise [&hellip;]<\/p>\n","protected":false},"author":197,"featured_media":0,"parent":942,"menu_order":8,"comment_status":"open","ping_status":"closed","template":"","meta":{"_acf_changed":false,"inline_featured_image":false,"footnotes":""},"class_list":["post-1332","page","type-page","status-publish","hentry"],"acf":[],"_links":{"self":[{"href":"https:\/\/canada.ul.com\/fr\/wp-json\/wp\/v2\/pages\/1332","targetHints":{"allow":["GET"]}}],"collection":[{"href":"https:\/\/canada.ul.com\/fr\/wp-json\/wp\/v2\/pages"}],"about":[{"href":"https:\/\/canada.ul.com\/fr\/wp-json\/wp\/v2\/types\/page"}],"author":[{"embeddable":true,"href":"https:\/\/canada.ul.com\/fr\/wp-json\/wp\/v2\/users\/197"}],"replies":[{"embeddable":true,"href":"https:\/\/canada.ul.com\/fr\/wp-json\/wp\/v2\/comments?post=1332"}],"version-history":[{"count":0,"href":"https:\/\/canada.ul.com\/fr\/wp-json\/wp\/v2\/pages\/1332\/revisions"}],"up":[{"embeddable":true,"href":"https:\/\/canada.ul.com\/fr\/wp-json\/wp\/v2\/pages\/942"}],"wp:attachment":[{"href":"https:\/\/canada.ul.com\/fr\/wp-json\/wp\/v2\/media?parent=1332"}],"curies":[{"name":"wp","href":"https:\/\/api.w.org\/{rel}","templated":true}]}}