{"id":1308,"date":"2014-06-27T20:04:13","date_gmt":"2014-06-27T20:04:13","guid":{"rendered":"https:\/\/canada.ul.com\/?page_id=1308"},"modified":"2017-09-19T20:06:48","modified_gmt":"2017-09-19T20:06:48","slug":"2012standardsbulletins","status":"publish","type":"page","link":"https:\/\/canada.ul.com\/fr\/normesulc\/standardsbulletins\/2012standardsbulletins\/","title":{"rendered":"Bulletins Sur les Normes 2012"},"content":{"rendered":"<p><a href=\"https:\/\/canada.ul.com\/wp-content\/uploads\/sites\/11\/2014\/06\/Standards_Bulletin_2012-01_S702-09-AM1_FR.pdf\" target=\"_blank\">Bulletin sur les normes 2012-01 CAN\/ULC-S702-09-AM1, Norme sur l&#8217;isolant thermique de fibres min\u00e9rales pour b\u00e2timents<\/a><\/p>\n<p><a href=\"https:\/\/canada.ul.com\/wp-content\/uploads\/sites\/11\/2014\/06\/Standards_Bulletin_2012-02_S717.1-12_FR.pdf\" target=\"_blank\">Bulletin sur les normes 2012-02 CAN\/ULC-S717.1-12, Norme sur les coffrages \u00e0 b\u00e9ton isolants pour murs plats<\/a><\/p>\n<p><a href=\"https:\/\/canada.ul.com\/wp-content\/uploads\/sites\/11\/2014\/06\/Standards_Bulletin_2012-03_CAN-ULC-S524-06_FR.pdf\" target=\"_blank\">Bulletin sur les normes 2012-03 Interpr\u00e9tation CAN-ULC-S524-06 Intepr\u00e9tation des exigences relatives aux indicateurs de d\u00e9bit et aux modules d&#8217;isolation en cas de d\u00e9faut<\/a><\/p>\n<p><a href=\"https:\/\/canada.ul.com\/wp-content\/uploads\/sites\/11\/2014\/06\/Standards_Bulletin_2012-04_S504-12_FR.pdf\" target=\"_blank\">Bulletin sur les normes 2012-04 CAN\/ULC-S504-12, Norme sur les extincteurs \u00e0 poudres chimiques<\/a><\/p>\n<p><a href=\"https:\/\/canada.ul.com\/wp-content\/uploads\/sites\/11\/2014\/06\/Standards_Bulletin_2012-05_S507-05-AM2_FR.pdf\" target=\"_blank\">Bulletin sur les normes 2012-05 CAN\/ULC-S507-05-AM2, Norme sur les extincteurs \u00e0 eau<\/a><\/p>\n<p><a href=\"https:\/\/canada.ul.com\/wp-content\/uploads\/sites\/11\/2014\/06\/Standards_Bulletin_2012-06_S566-05-AM2_FR.pdf\" target=\"_blank\">Bulletin sur les normes 2012-06 CAN\/ULC-S566-05-AM2, Norme sur les extincteurs aux agents propres \u00e0 l&#8217;halocarbure<\/a><\/p>\n<p><a href=\"https:\/\/canada.ul.com\/wp-content\/uploads\/sites\/11\/2014\/06\/Standards_Bulletin_2012-07_S8752-12_FR.pdf\" target=\"_blank\">Bulletin sur les normes 2012-07 ULC-S8752-12, Norme relative aux panneaux \u00e0 diodes \u00e9lectroluminescentes organiques DELO<\/a><\/p>\n<p><a href=\"https:\/\/canada.ul.com\/wp-content\/uploads\/sites\/11\/2014\/06\/Standards_Bulletin_2012-08_S144-12_FR.pdf\" target=\"_blank\">Bulletin sur les normes 2012-08 CAN\/ULC-S144-12, M\u00e9thode d&#8217;essai normalis\u00e9e de r\u00e9sistance au feu \u2013 Conduits de graisse<\/a><\/p>\n<p><a href=\"https:\/\/canada.ul.com\/wp-content\/uploads\/sites\/11\/2014\/06\/Standards-Bulletin-2012-09-S668-12-FR.pdf\" target=\"_blank\">Bulletin sur les normes 2012-09 CAN\/ULC-S668-12, Norme sur les membranes de confinement secondaire pour les r\u00e9servoirs de stockage de liquides inflammables et de liquides combustibles hors sol\u00a0<\/a><\/p>\n<p><a href=\"https:\/\/canada.ul.com\/wp-content\/uploads\/sites\/11\/2014\/06\/Standards_Bulletin_2012-10_S8752-12_FR.pdf\" target=\"_blank\">Bulletin sur les normes 2012-10 CAN\/ULC-S8752-12, Norme relative aux panneaux \u00e0 diodes \u00e9lectroluminescentes organiques DELO<\/a><\/p>\n<p><a href=\"https:\/\/canada.ul.com\/wp-content\/uploads\/sites\/11\/2014\/06\/Standards_Bulletin_2012-11_Withdrawal_of_TS_FR.pdf\" target=\"_blank\">Bulletin sur les normes 2012-11, Retrait des suppl\u00e9ments techniques relatifs aux r\u00e9servoirs hors sol et souterrains remis \u00e0 neuf conform\u00e9ment aux normes ULC-S601 A-2001, ULC-S603 A-2001, ULC-S615 A-2001 ET ULC-S630 A-2001<\/a><\/p>\n<p><a href=\"https:\/\/canada.ul.com\/wp-content\/uploads\/sites\/11\/2014\/06\/Standards_Bulletin_2012-12_S139-12_FR.pdf\" target=\"_blank\">Bulletin sur les normes 2012-12 CAN\/ULC-S139-12, M\u00e9thode d&#8217;essai normalis\u00e9e de r\u00e9sistance au feu pour l&#8217;\u00e9valuation de l&#8217;int\u00e9grit\u00e9 des c\u00e2bles\u00a0\u00e9lectrique, des c\u00e2bles de donn\u00e9es\u00a0et des c\u00e2bles \u00e0 fibres optiques<\/a><\/p>\n<p><a href=\"https:\/\/canada.ul.com\/wp-content\/uploads\/sites\/11\/2014\/06\/Standards_Bulletin_2012-13_S130-09-SB1_FR.pdf\" target=\"_blank\">Bulletin sur les normes 2012-13 CAN\/ULC-S130-09-SB1, \u00c9claircissements sur M\u00e9thode normalis\u00e9e d&#8217;essai de r\u00e9sistance \u00e0 l&#8217;allumage de l&#8217;isolant thermique cellulosique \u00e0 bourrage l\u00e2che m\u00e9thode de la cigarette<\/a><\/p>\n<p><a href=\"https:\/\/canada.ul.com\/wp-content\/uploads\/sites\/11\/2014\/06\/Standards_Bulletin_2012-14_S706-09_FR.pdf\" target=\"_blank\">Bulletin sur les normes 2012-14 CAN\/ULC-S706-09-ER1, Norme sur les panneaux isolants en fibre de bois pour b\u00e2timents<\/a><\/p>\n<p><a href=\"https:\/\/canada.ul.com\/wp-content\/uploads\/sites\/11\/2014\/06\/Standards_Bulletin_2012-16_S555-09_FR.pdf\" target=\"_blank\">Bulletin sur les normes 2012-16 CAN\/ULC-S555-09, Norme relative aux cordes de sauvetage technique et aux cordes \u00e0 lancer de sauvetage nautique et au mat\u00e9riel connexe des services d&#8217;incendie et d&#8217;urgence<\/a><\/p>\n<p><a href=\"https:\/\/canada.ul.com\/wp-content\/uploads\/sites\/11\/2014\/06\/Standards_Bulletin_2012-17_S716.1-12_FR.pdf\" target=\"_blank\">Bulletin sur les normes 2012-17 CAN\/ULC-S716.1-12, Norme pour les syst\u00e8mes d\u2019isolation et de finition ext\u00e9rieurs syst\u00e8mes SIFE \u2013 mat\u00e9riaux et syst\u00e8mes<\/a><\/p>\n<p><a href=\"https:\/\/canada.ul.com\/wp-content\/uploads\/sites\/11\/2014\/06\/Standards_Bulletin_2012-18_S716.2-12_FR.pdf\" target=\"_blank\">Bulletin sur les normes 2012-18 CAN\/ULC-S716.2-12, Norme pour les syst\u00e8mes d\u2019isolation et de finition ext\u00e9rieurs syst\u00e8mes SIFE \u2013 installation des composants des syst\u00e8mes SIFE et de la barri\u00e8re r\u00e9sistante \u00e0 l&#8217;eau<\/a><\/p>\n<p><a href=\"https:\/\/canada.ul.com\/wp-content\/uploads\/sites\/11\/2014\/06\/Standards_Bulletin_2012-19_S716.3-12_FR.pdf\" target=\"_blank\">Bulletin sur les normes 2012-19 CAN\/ULC-S716.3-12, Norme pour les syst\u00e8mes d\u2019isolation et de finition ext\u00e9rieurs syst\u00e8mes SIFE \u2013 application de la conception<\/a><\/p>\n<p><a href=\"https:\/\/canada.ul.com\/wp-content\/uploads\/sites\/11\/2014\/06\/Standards_Bulletin_2012-20_CAN-ULC-S559-13_FR.pdf\" target=\"_blank\">Bulletin sur les normes 2012-20 CAN\/ULC-S559-13, Norme sur \u00c9quipement des syst\u00e8mes et des centrales de r\u00e9ception d&#8217;alarme incendie<\/a><\/p>\n<p><a href=\"https:\/\/canada.ul.com\/wp-content\/uploads\/sites\/11\/2014\/06\/Standards_Bulletin_2012-21_S1981_FR.pdf\" target=\"_blank\">Bulletin sur les normes 2012-21 CAN\/ULC-S1981, Appel destin\u00e9 aux personnes int\u00e9ress\u00e9es \u00e0 faire partie du groupe de travail mixte, CAN\/ULC-S1981, Norme sur syst\u00e8mes d&#8217;automatisation de la centrale de r\u00e9ception d&#8217;alarme<\/a><\/p>\n","protected":false},"excerpt":{"rendered":"<p>Bulletin sur les normes 2012-01 CAN\/ULC-S702-09-AM1, Norme sur l&#8217;isolant thermique de fibres min\u00e9rales pour b\u00e2timents Bulletin sur les normes 2012-02 CAN\/ULC-S717.1-12, Norme sur les coffrages \u00e0 b\u00e9ton isolants pour murs plats Bulletin sur les normes [&hellip;]<\/p>\n","protected":false},"author":197,"featured_media":0,"parent":942,"menu_order":5,"comment_status":"open","ping_status":"closed","template":"","meta":{"_acf_changed":false,"inline_featured_image":false,"footnotes":""},"class_list":["post-1308","page","type-page","status-publish","hentry"],"acf":[],"_links":{"self":[{"href":"https:\/\/canada.ul.com\/fr\/wp-json\/wp\/v2\/pages\/1308","targetHints":{"allow":["GET"]}}],"collection":[{"href":"https:\/\/canada.ul.com\/fr\/wp-json\/wp\/v2\/pages"}],"about":[{"href":"https:\/\/canada.ul.com\/fr\/wp-json\/wp\/v2\/types\/page"}],"author":[{"embeddable":true,"href":"https:\/\/canada.ul.com\/fr\/wp-json\/wp\/v2\/users\/197"}],"replies":[{"embeddable":true,"href":"https:\/\/canada.ul.com\/fr\/wp-json\/wp\/v2\/comments?post=1308"}],"version-history":[{"count":0,"href":"https:\/\/canada.ul.com\/fr\/wp-json\/wp\/v2\/pages\/1308\/revisions"}],"up":[{"embeddable":true,"href":"https:\/\/canada.ul.com\/fr\/wp-json\/wp\/v2\/pages\/942"}],"wp:attachment":[{"href":"https:\/\/canada.ul.com\/fr\/wp-json\/wp\/v2\/media?parent=1308"}],"curies":[{"name":"wp","href":"https:\/\/api.w.org\/{rel}","templated":true}]}}