{"id":1279,"date":"2014-06-27T19:57:49","date_gmt":"2014-06-27T19:57:49","guid":{"rendered":"https:\/\/canada.ul.com\/?page_id=1279"},"modified":"2017-09-19T20:06:28","modified_gmt":"2017-09-19T20:06:28","slug":"2011standardsbulletins","status":"publish","type":"page","link":"https:\/\/canada.ul.com\/fr\/normesulc\/standardsbulletins\/2011standardsbulletins\/","title":{"rendered":"Bulletins Sur les Normes 2011"},"content":{"rendered":"<p><a href=\"https:\/\/canada.ul.com\/wp-content\/uploads\/sites\/11\/2014\/06\/Standards_Bulletin_2011-01_S524-06_Amd-1_FR.pdf\" target=\"_blank\">Bulletin sur les normes 2011-01 CAN\/ULC-S524-06 Modification 1, modification a l&#8217;edition d&#8217;une norme, Installation des reseaux avertisseurs d&#8217;incendie<\/a><\/p>\n<p><a href=\"https:\/\/canada.ul.com\/wp-content\/uploads\/sites\/11\/2014\/06\/Standards_Bulletin_2011-02_S531-02_Amd1_FR.pdf\" target=\"_blank\">Bulletin sur les normes 2011-02 CAN\/ULC-S531-02 Modification 1, modification a&#8217;edition d&#8217;une Normes sur la mise en service des syst\u00e8mes de protection incendie et de s\u00e9curit\u00e9 des personnes &#8211; Appel destin\u00e9 aux personnes int\u00e9ress\u00e9es \u00e0 faire partie des groupes de travailnorme, Norme d\u00e9tecteurs de fum\u00e9e<\/a><\/p>\n<p><a href=\"https:\/\/canada.ul.com\/wp-content\/uploads\/sites\/11\/2014\/06\/Standards_Bulletin_2011-03_S742-11_FR.pdf\" target=\"_blank\">Bulletin sur les normes 2011-03 CAN\/ULC-S742-11, Norme sur les ensembles d\u2019\u00e9tanch\u00e9it\u00e9 \u00e0 l\u2019air \u2013 Sp\u00e9cification<\/a><\/p>\n<p><a href=\"https:\/\/canada.ul.com\/wp-content\/uploads\/sites\/11\/2014\/06\/Standards_Bulletin_2011-04_S701-11_FR.pdf\" target=\"_blank\">Bulletin sur les normes 2011-04 CAN\/ULC-S701-11, Norme sur l&#8217;isolant thermique en polystyr\u00e8ne, panneaux et rev\u00eatements de tuyauterie<\/a><\/p>\n<p><a href=\"https:\/\/canada.ul.com\/wp-content\/uploads\/sites\/11\/2014\/06\/Standards_Bulletin_2011-05_S704-11_FR.pdf\" target=\"_blank\">Bulletin sur les normes 2011-05 CAN\/ULC-S704-11, Norme sur l\u2019isolant thermique en polyurethane et polyisocyanurate : panneaux rev\u00eatus<\/a><\/p>\n<p><a href=\"https:\/\/canada.ul.com\/wp-content\/uploads\/sites\/11\/2014\/06\/Standards_Bulletin_2011-06_S705.1-01-AM3_FR.pdf\" target=\"_blank\">Bulletin sur les normes 2011-06 CAN\/ULC-S705.1-01-AM3, Norme sur l\u2019isolant thermique en mousse de polyur\u00e9thane rigide pulv\u00e9ris\u00e9e de densit\u00e9 moyenne : specifications relatives aux mat\u00e9riaux<\/a><\/p>\n<p><a href=\"https:\/\/canada.ul.com\/wp-content\/uploads\/sites\/11\/2014\/06\/Standards_Bulletin_2011-07_S518-11_FR.pdf\" target=\"_blank\">Bulletin sur les normes 2011-07 CAN\/ULC-S518-11, Norme sur le tuyau forestier non perm\u00e9able en coton et en fibres synth\u00e9tiques<\/a><\/p>\n<p><a href=\"https:\/\/canada.ul.com\/wp-content\/uploads\/sites\/11\/2014\/06\/Standards_Bulletin_2011-08_S518.1-11_FR.pdf\" target=\"_blank\">Bulletin sur les normes 2011-08 CAN\/ULC-S518.1-11, Norme sur le tuyau forestier non perm\u00e9able en fibres synth\u00e9tiques<\/a><\/p>\n<p><a href=\"https:\/\/canada.ul.com\/wp-content\/uploads\/sites\/11\/2014\/06\/Standards_Bulletin_2011-09_S661-10_FR.pdf\" target=\"_blank\">Bulletin sur les normes 2011-09 CAN\/ULC-S661-10, Norme sur les dispositifs de protection contre les d\u00e9bordements pour les r\u00e9servoirs de stockage de liquides inflammables et combustibles<\/a><\/p>\n<p><a href=\"https:\/\/canada.ul.com\/wp-content\/uploads\/sites\/11\/2014\/06\/Standards_Bulletin_2011-10_S663-11_FR.pdf\" target=\"_blank\">Bulletin sur les normes 2011-10 CAN\/ULC-S663-11, Norme sur les dispositifs de confinement des d\u00e9versements pour les r\u00e9servoirs de stockage de liquides inflammables et de liquides combustibles hors sol<\/a><\/p>\n<p><a href=\"https:\/\/canada.ul.com\/wp-content\/uploads\/sites\/11\/2014\/06\/Standard_Bulletin_2011-11_CAN-ULC-S741_Clause_A2.1_FR.pdf\" target=\"_blank\">Bulletin sur les normes 2011-11 CAN\/ULC-S741-08, Norme sur les\u00a0mat\u00e9riaux d\u2019\u00e9tanch\u00e9it\u00e9 \u00e0 l\u2019air \u2013 Sp\u00e9cification, Interpr\u00e9tation de l&#8217;article A2.1<\/a><\/p>\n<p><a href=\"https:\/\/canada.ul.com\/wp-content\/uploads\/sites\/11\/2014\/06\/Standards_Bulletin_2011-12_S527-11_FR.pdf\" target=\"_blank\">Bulletin sur les normes 2011-12 CAN\/ULC-S527-11, Norme sur les postes de controle pour les reseaux avertisseurs d&#8217;incendie\u00a0<\/a><\/p>\n<p><a href=\"https:\/\/canada.ul.com\/wp-content\/uploads\/sites\/11\/2014\/06\/Standards_Bulletin_2011-13_S115-11_FR.pdf\" target=\"_blank\">Bulletin sur les normes 2011-13 CAN\/ULC-S115-11, M\u00e9thode normalis\u00e9e d&#8217;essais de r\u00e9sistance au feu des dispositifs coupe-feu<\/a><\/p>\n<p><a href=\"https:\/\/canada.ul.com\/wp-content\/uploads\/sites\/11\/2014\/06\/Standards_Bulletin_2011-14_Clarification_of_Preface-S601_FR1.pdf\">Bulletin sur les normes 2011-14 Pr\u00e9cisions au sujet de la pr\u00e9face de la normes CAN\/ULC-S601-07<\/a><\/p>\n<p><a href=\"https:\/\/canada.ul.com\/wp-content\/uploads\/sites\/11\/2014\/06\/Standards_Bulletin_2011-15_S554-05-AM2_FR.pdf\" target=\"_blank\">Bulletin sur les normes 2011-15 CAN\/ULC-S544-05-AM2, Extincteurs a agent a base d&#8217;eau<\/a><\/p>\n<p><a href=\"https:\/\/canada.ul.com\/wp-content\/uploads\/sites\/11\/2014\/06\/Standards_Bulletin_2011-16_S566-05-R11_FR.pdf\" target=\"_blank\">Bulletin sur les normes 2011-16 CAN\/ULC-S566-05-R11, Extincteurs aux agents propres a l&#8217;halocarbure<\/a><\/p>\n<p><a href=\"https:\/\/canada.ul.com\/wp-content\/uploads\/sites\/11\/2014\/06\/Standards_Bulletin_2011-17_S1001-11_FR.pdf\" target=\"_blank\">Bulletin sur les normes 2011-17 CAN\/ULC-S1001-11,Norme sur les Int\u00e9gr\u00e9s de Syst\u00e8mes de Protection Incendie et de S\u00e9curit\u00e9 des Personnes<\/a><\/p>\n<p><a href=\"https:\/\/canada.ul.com\/wp-content\/uploads\/sites\/11\/2014\/06\/Standards_Bulletin_2011-18_S716.1-11_FR.pdf\" target=\"_blank\">Bulletin sur les normes 2011-18 CAN\/ULC-S716.1-11, Norme pour les syst\u00e8mes d\u2019isolation et de finition ext\u00e9rieurs SIFE \u2013 mat\u00e9riaux et syst\u00e8mes<\/a><\/p>\n<p><a href=\"https:\/\/canada.ul.com\/wp-content\/uploads\/sites\/11\/2014\/06\/standards_bulletin_2011-22_s603-1-11_fr.pdf\" target=\"_blank\">Bulletis sur les normes 2011-22 CAN\/ULC-S603.1-11, Syst\u00e8mes de protection contre la corrosion ext\u00e9rieure des r\u00e9servoirs enterr\u00e9s en acier pour les liquides inflammables et combustibles<\/a><\/p>\n<p><a href=\"https:\/\/canada.ul.com\/wp-content\/uploads\/sites\/11\/2014\/06\/standards_bulletin_2011-23_s667-11_fr.pdf\" target=\"_blank\">Bulletin sur les normes 2011-23 CAN\/ULC-S667-11, Norme sur les canalisations souterraines m\u00e9talliques pour liquides inflammables et combustibles<\/a><\/p>\n<p><a href=\"https:\/\/canada.ul.com\/wp-content\/uploads\/sites\/11\/2014\/06\/Standards_Bulletin_2011-24_S710.1-11_FR.pdf\" target=\"_blank\">Bulletin sur les normes 2011-24 CAN\/ULC-S710.1-11, Norme sur l\u2019isolant thermique \u2013 mousse d\u2019\u00e9tanch\u00e9it\u00e9 \u00e0 l\u2019air de polyur\u00e9thane monocomposant appliqu\u00e9e en cordon, partie 1 : sp\u00e9cifications relatives au mat\u00e9riau<\/a><\/p>\n<p><a href=\"https:\/\/canada.ul.com\/wp-content\/uploads\/sites\/11\/2014\/06\/Standards_Bulletin_2011-25_S710.2-11_FR.pdf\" target=\"_blank\">Bulletin sur les normes 2011-25 CAN\/ULC-S710.2-11, Norme sur l\u2019isolant thermique \u2013 mousse d\u2019\u00e9tanch\u00e9it\u00e9 \u00e0 l\u2019air de polyur\u00e9thane monocomposant appliqu\u00e9e en cordon, partie\u00a02 :\u00a0installation<\/a><\/p>\n<p><a href=\"https:\/\/canada.ul.com\/wp-content\/uploads\/sites\/11\/2014\/06\/Standards_Bulletin_2011-26_S711.1-11_FR.pdf\">Bulletin sur les normes 2011-26 CAN\/ULC-S711.1-11, Norme sur l\u2019isolant thermique \u2013 mousse d\u2019\u00e9tanch\u00e9it\u00e9 \u00e0 l\u2019air de polyur\u00e9thane bicomposant appliqu\u00e9e en cordon, partie 1 : sp\u00e9cifications relatives au mat\u00e9riau<\/a><\/p>\n<p><a href=\"https:\/\/canada.ul.com\/wp-content\/uploads\/sites\/11\/2014\/06\/Standards_Bulletin_2011-27_S711.2-11_FR.pdf\" target=\"_blank\">Bulletin sur les normes 2011-27 CAN\/ULC-S711.2-11, Norme sur l\u2019isolant thermique \u2013 mousse d\u2019\u00e9tanch\u00e9it\u00e9 \u00e0 l\u2019air de polyur\u00e9thane bicomposant appliqu\u00e9e en cordon, partie\u00a02 :\u00a0installation<\/a><\/p>\n<p><a href=\"https:\/\/canada.ul.com\/wp-content\/uploads\/sites\/11\/2014\/06\/Standards_Bulletin_2011-30_mise_en_service-appel_aux_membres-FR.pdf\" target=\"_blank\">Bulletin sur les normes 2011-30 CAN\/ULC-S1001 &#8211; 1004, Normes sur la mise en service des syst\u00e8mes de protection incendie et de s\u00e9curit\u00e9 des personnes &#8211; Appel destin\u00e9 aux personnes int\u00e9ress\u00e9es \u00e0 faire partie des groupes de travail<\/a><\/p>\n","protected":false},"excerpt":{"rendered":"<p>Bulletin sur les normes 2011-01 CAN\/ULC-S524-06 Modification 1, modification a l&#8217;edition d&#8217;une norme, Installation des reseaux avertisseurs d&#8217;incendie Bulletin sur les normes 2011-02 CAN\/ULC-S531-02 Modification 1, modification a&#8217;edition d&#8217;une Normes sur la mise en service [&hellip;]<\/p>\n","protected":false},"author":197,"featured_media":0,"parent":942,"menu_order":4,"comment_status":"open","ping_status":"closed","template":"","meta":{"_acf_changed":false,"inline_featured_image":false,"footnotes":""},"class_list":["post-1279","page","type-page","status-publish","hentry"],"acf":[],"_links":{"self":[{"href":"https:\/\/canada.ul.com\/fr\/wp-json\/wp\/v2\/pages\/1279","targetHints":{"allow":["GET"]}}],"collection":[{"href":"https:\/\/canada.ul.com\/fr\/wp-json\/wp\/v2\/pages"}],"about":[{"href":"https:\/\/canada.ul.com\/fr\/wp-json\/wp\/v2\/types\/page"}],"author":[{"embeddable":true,"href":"https:\/\/canada.ul.com\/fr\/wp-json\/wp\/v2\/users\/197"}],"replies":[{"embeddable":true,"href":"https:\/\/canada.ul.com\/fr\/wp-json\/wp\/v2\/comments?post=1279"}],"version-history":[{"count":0,"href":"https:\/\/canada.ul.com\/fr\/wp-json\/wp\/v2\/pages\/1279\/revisions"}],"up":[{"embeddable":true,"href":"https:\/\/canada.ul.com\/fr\/wp-json\/wp\/v2\/pages\/942"}],"wp:attachment":[{"href":"https:\/\/canada.ul.com\/fr\/wp-json\/wp\/v2\/media?parent=1279"}],"curies":[{"name":"wp","href":"https:\/\/api.w.org\/{rel}","templated":true}]}}