{"id":1213,"date":"2014-06-27T19:50:25","date_gmt":"2014-06-27T19:50:25","guid":{"rendered":"https:\/\/canada.ul.com\/?page_id=1213"},"modified":"2017-09-19T20:05:45","modified_gmt":"2017-09-19T20:05:45","slug":"2009standardsbulletins","status":"publish","type":"page","link":"https:\/\/canada.ul.com\/fr\/normesulc\/standardsbulletins\/2009standardsbulletins\/","title":{"rendered":"Bulletins Sur les Normes 2009"},"content":{"rendered":"<p><a href=\"https:\/\/canada.ul.com\/wp-content\/uploads\/sites\/11\/2014\/06\/Standards_Bulletin_2009-01_S301-09_FR.pdf\" target=\"_blank\">Bulletin sur les normes 2009-01 CAN\/ULC-S301-09-FR, Systemes d&#8217;alarme antivol et operations de la centrale de reception d&#8217;alarme<\/a><\/p>\n<p><a href=\"https:\/\/canada.ul.com\/wp-content\/uploads\/sites\/11\/2014\/06\/Standards_Bulletin_2009-02_60900-09_FR.pdf\" target=\"_blank\">Bulletin sur les normes 2009-02 CAN\/ULC-60900-09-FR, Outils a main pour travaux sous tension jusqu&#8217;a 1000 V en courant alternatif et 1 500 V en courant continu<\/a><\/p>\n<p><a href=\"https:\/\/canada.ul.com\/wp-content\/uploads\/sites\/11\/2014\/06\/Standards_Bulletin_2009-03_60832-09_FR.pdf\" target=\"_blank\">Bulletin sur les normes 2009-03 CAN\/ULC-60832-09-FR, Perches isolantes et outils adaptables pour travaux sous tension<\/a><\/p>\n<p><a href=\"https:\/\/canada.ul.com\/wp-content\/uploads\/sites\/11\/2014\/06\/Standards_Bulletin_2009-04_61235-09_FR.pdf\" target=\"_blank\">Bulletin sur les normes 2009-04, CAN\/ULC-61235-09-FR, Travaux sous tension &#8211; Tubes creux isolants pour travaux \u00e9lectriques<\/a><\/p>\n<p><a href=\"https:\/\/canada.ul.com\/wp-content\/uploads\/sites\/11\/2014\/06\/Standards_Bulletin_2009-05_S702-09_FR.pdf\" target=\"_blank\">Bulletin sur les normes 2009-05, CAN\/ULC-S702-09-FR Norme sur l&#8217;Isolant Thermique des Fibres Min\u00e9rales pour B\u00e2timents<\/a><\/p>\n<p><a href=\"https:\/\/canada.ul.com\/wp-content\/uploads\/sites\/11\/2014\/06\/Standards_Bulletin_2009-06_S716.1-09_FR.pdf\" target=\"_blank\">Bulletin sur les normes 2009-06, CAN\/ULC-S716.1-09-FR Norme pour les Syst\u00e8mes d&#8217;Isolation par l\u2019Ext\u00e9rieur avec Enduit Mince Syst\u00e8me EIFS \u2013 Mat\u00e9riaux et Syst\u00e8mes<\/a><\/p>\n<p><a href=\"https:\/\/canada.ul.com\/wp-content\/uploads\/sites\/11\/2014\/06\/Standards_Bulletin_2009-07_60743-09_FR.pdf\" target=\"_blank\">Bulletin sur les normes 2009-07 CAN\/ULC-60743-09-FR, Travaux sous tension \u2013 Terminologie pour l\u2019outillage, le mat\u00e9riel et les dispositifs<\/a><\/p>\n<p><a href=\"https:\/\/canada.ul.com\/wp-content\/uploads\/sites\/11\/2014\/06\/Standards_Bulletin_2009-08_61230-09_FR.pdf\" target=\"_blank\">Bulletin sur les normes 2009-08 CAN\/ULC-61230-09-FR, Travaux sous tension \u2013 Dispositifs portables pour la mise \u00e0 la terre et la continuit\u00e9 des masses<\/a><\/p>\n<p><a href=\"https:\/\/canada.ul.com\/wp-content\/uploads\/sites\/11\/2014\/06\/Standards_Bulletin_2009-09_61236-09_FR.pdf\" target=\"_blank\">Bulletin sur les normes 2009-09 CAN\/ULC-61236-09-FR, Selles, manchons et accessoires pour travaux sous tension<\/a><\/p>\n<p><a href=\"https:\/\/canada.ul.com\/wp-content\/uploads\/sites\/11\/2014\/06\/Standards_Bulletin_2009-10_61278-03_FR.pdf\" target=\"_blank\">Bulletin sur les normes 2009-10 CAN\/ULC-61278-03-FR Travaux sous tension &#8211; Guide visant l&#8217;elaboration de methods d&#8217;essais dielectriques pour les outils et equipments<\/a><\/p>\n<p><a href=\"https:\/\/canada.ul.com\/wp-content\/uploads\/sites\/11\/2014\/06\/Standards_Bulletin_2009-11_60855-09_FR.pdf\" target=\"_blank\">Bulletin sur les normes 2009-11 CAN\/ULC-60855-09-FR, Tubes isolants remplis de mousse et tiges isolantes pleines pour travaux sous tension<\/a><\/p>\n<p><a href=\"https:\/\/canada.ul.com\/wp-content\/uploads\/sites\/11\/2014\/06\/Standards_Bulletin_2009-12_S543-09_FR.pdf\" target=\"_blank\">Bulletin sur les normes 2009-12 CAN\/ULC-S543-09-FR, Norme sur la raccordements instantanes a ergot interne pour tuyaux d&#8217;incendie<\/a><\/p>\n<p><a href=\"https:\/\/canada.ul.com\/wp-content\/uploads\/sites\/11\/2014\/06\/Standards_Bulletin_2009-13_S503-05-AM2_FR.pdf\" target=\"_blank\">Bulletin sur les normes 2009-13 CAN\/ULC-S503-05-AM2-FR, Norme sur la extincteurs au dioxyde de carbone<\/a><\/p>\n<p><a href=\"https:\/\/canada.ul.com\/wp-content\/uploads\/sites\/11\/2014\/06\/Standards_Bulletin_2009-14_S504-02-AM3_FR.pdf\" target=\"_blank\">Bulletin sur les normes 2009-14 CAN\/ULC-S504-02-AM3-FR, Norme sur la extincteurs a poudre chimique<\/a><\/p>\n<p><a href=\"https:\/\/canada.ul.com\/wp-content\/uploads\/sites\/11\/2014\/06\/Standards_Bulletin_2009-15_S508-02-AM3_FR.pdf\" target=\"_blank\">Bulletin sur les normes 2009-15 CAN\/ULC-S508-02-AM3-FR, Norme sur la classification et essais sur foyers types des extincteurs<\/a><\/p>\n<p><a href=\"https:\/\/canada.ul.com\/wp-content\/uploads\/sites\/11\/2014\/06\/Standards_Bulletin_2009-16_S774-09_FR.pdf\" target=\"_blank\">Bulletin sur les normes 2009-16 CAN\/ULC-S774-09-FR, Guide standard de laboratoire pour l&#8217;\u00e9valuation des \u00e9missions de compos\u00e9s organiques volatils de la mousse de polyur\u00e9thane<\/a><\/p>\n<p><a href=\"https:\/\/canada.ul.com\/wp-content\/uploads\/sites\/11\/2014\/06\/Standards_Bulletin_2009-17_61229-09_FR.pdf\" target=\"_blank\">Bulletin sur les normes 2009-17 CAN\/ULC-61229-09-FR, Protecteurs rigides pour travaux sous tension sur des installations a courant alternatif<\/a><\/p>\n<p><a href=\"https:\/\/canada.ul.com\/wp-content\/uploads\/sites\/11\/2014\/06\/Standard_Bulletin_2009-18_ULC-S636_Clause_4.7F_FR.pdf\" target=\"_blank\">Bulletin sur les normes 2009-18 ULC-S636-08-EN, Interpretation: Article 4.7 F, Standard for Type BH Gas Venting Systems<\/a><\/p>\n<p><a href=\"https:\/\/canada.ul.com\/wp-content\/uploads\/sites\/11\/2014\/06\/Standards_Bulletin_2009-19_62237-09_FR.pdf\" target=\"_blank\">Bulletin sur les normes 2009-19 CAN\/ULC-62237-09-FR, Travaux sous tension &#8211; Conduits flexibles isolants avec raccords utilises avec les outils et materiels hydrauliques<\/a><\/p>\n<p><a href=\"https:\/\/canada.ul.com\/wp-content\/uploads\/sites\/11\/2014\/06\/Standards_Bulletin_2009-20_60903-09_FR.pdf\" target=\"_blank\">Bulletin sur les normes 2009-20 CAN\/ULC-60903-09-FR, Travaux sous tension &#8211; Gants en materiau isolant<\/a><\/p>\n<p><a href=\"https:\/\/canada.ul.com\/wp-content\/uploads\/sites\/11\/2014\/06\/Standards_Bulletin_2009-21_S144-09_FR.pdf\" target=\"_blank\">Bulletin sur les normes 2009-21 CAN\/ULC-S144-09-FR, Methode d&#8217;essai normalisee de resistance au feu &#8211; Conduits de graisse<\/a><\/p>\n<p><a href=\"https:\/\/canada.ul.com\/wp-content\/uploads\/sites\/11\/2014\/06\/Standards_Bulletin_2009-22_S143-09_FR.pdf\" target=\"_blank\">Bulletin sur les normes 2009-22 CAN\/ULC-S143-09-FR, M\u00e9thode d&#8217;essai normalis\u00e9e de comportement au feu des syst\u00e8mes de canalisation non m\u00e9talliques pour c\u00e2bles \u00e9lectriques et \u00e0 fibres optiques<\/a><\/p>\n<p><a href=\"https:\/\/canada.ul.com\/wp-content\/uploads\/sites\/11\/2014\/06\/Standards_Bulletin_2009-23_S103-09_FR.pdf\" target=\"_blank\">Bulletin sur les normes 2009-23 CAN\/ULC-S103-09-FR, Specification normalisee pour portes coupe-feu a revetement metallique satisfaisant aux exigences de la norme CAN\/ULC-S104<\/a><\/p>\n<p><a href=\"https:\/\/canada.ul.com\/wp-content\/uploads\/sites\/11\/2014\/06\/Standards_Bulletin_2009-24_Partial_Deferral-S319-05_FR.pdf\" target=\"_blank\">Bulletin sur les normes 2009-24 CAN\/ULC-S319-09-FR, Avis de raport partiel sur la premi\u00e8re \u00e9dition de la norme CAN\/ULC-S319-05, Syst\u00e8mes \u00e9lectroniques de contr\u00f4le d&#8217;acc\u00e8s<\/a><\/p>\n<p><a href=\"https:\/\/canada.ul.com\/wp-content\/uploads\/sites\/11\/2014\/06\/Standards_Bulletin_2009-25_S773-09_FR.pdf\" target=\"_blank\">Bulletin sur les normes 2009-25 CAN\/ULC-S773-09-FR, Norme sur la terminologie de l&#8217;isolation thermique<\/a><\/p>\n<p><a href=\"https:\/\/canada.ul.com\/wp-content\/uploads\/sites\/11\/2014\/06\/Standards_Bulletin_2009-26_60895-09_FR.pdf\" target=\"_blank\">Bulletin sur les normes 2009-26 CAN\/ULC-60895-09-FR, Travaux sous tension &#8211; Vetements conducteurs pour usage jusqu&#8217;a 800 kV de tension nominale en courant alternatif et +\/-600 kV en courant continu<\/a><\/p>\n<p><a href=\"https:\/\/canada.ul.com\/wp-content\/uploads\/sites\/11\/2014\/06\/Standards_Bulletin_2009-27_61328-09_FR.pdf\" target=\"_blank\">Bulletin sur les normes 2009-27 CAN\/ULC-60895-09-FR, Travaux sous tension &#8211; Lignes directrices pour l&#8217;installation des conducteurs et cables de garde des lignes de transport &#8211; Euipment de deroulage et accessoires<\/a><\/p>\n<p><a href=\"https:\/\/canada.ul.com\/wp-content\/uploads\/sites\/11\/2014\/06\/Standards_Bulletin_2009-28_61243-2-09_FR.pdf\" target=\"_blank\">Bulletin sur les normes 2009-28 CAN\/ULC-61243-2-09-FR, Travaux sous tension &#8211; Detecteurs de tension &#8211; Partie 2: Type resistif pour usage sur des tensions alternatives de 1 kV a 36 kV<\/a><\/p>\n<p><a href=\"https:\/\/canada.ul.com\/wp-content\/uploads\/sites\/11\/2014\/06\/Standards_Bulletin_2009-29_Amd1_S620-07_FR.pdf\" target=\"_blank\">Bulletin sur les normes 2009-29 Modification \u00e0 l\u2019\u00e9dition de la norme CAN\/ULC-S620-09, Norme sur les pistolets pour liquides inflammables et combustibles<\/a><\/p>\n<p><a href=\"https:\/\/canada.ul.com\/wp-content\/uploads\/sites\/11\/2014\/06\/Standards_Bulletin_2009-30_S105-09_FR.pdf\" target=\"_blank\">Bulletin sur les normes 2009-30 CAN\/ULC-S105-09-FR, Norme sur les cadres de porte coupe-feu satisfaisant aux exigences de rendement de la norme CAN\/ULC-S104<\/a><\/p>\n<p><a href=\"https:\/\/canada.ul.com\/wp-content\/uploads\/sites\/11\/2014\/06\/Standards_Bulletin_2009-31_S529-09_FR.pdf\" target=\"_blank\">Bulletin sur les normes 2009-31 ULC-S529-09-FR, D\u00e9tecteurs de fume des r\u00e8seaux avertisseurs d\u2019incendie<\/a><\/p>\n<p><a href=\"https:\/\/canada.ul.com\/wp-content\/uploads\/sites\/11\/2014\/06\/Standards_Bulletin_2009-32_S130-09_FR.pdf\" target=\"_blank\">Bulletin sur les normes 2009-32 CAN\/ULC-S130-09-FR, M\u00e9thode normalis\u00e9e d&#8217;essai de r\u00e9sistance \u00e0 l&#8217;allumage de l&#8217;isolant thermique cellulosique \u00e0 bourrage l\u00e2che m\u00e9thode de la cigarette<\/a><\/p>\n<p><a href=\"https:\/\/canada.ul.com\/wp-content\/uploads\/sites\/11\/2014\/06\/Standards_Bulletin_2009-33_S662-09_FR.pdf\" target=\"_blank\">Bulletin sur les normes 2009-33 CAN\/ULC-S662-09-FR, Norme sur les conduit de graisse pr\u00e9fabriqu\u00e9s<\/a><\/p>\n<p><a href=\"https:\/\/canada.ul.com\/wp-content\/uploads\/sites\/11\/2014\/06\/Standards_Bulletin_2009-34_S770-09_FR.pdf\" target=\"_blank\">Bulletin sur les normes 2009-34 CAN\/ULC-S770-09-FR, M\u00e9thode normalis\u00e9e pour la d\u00e9termination de la r\u00e9sistance thermique \u00e0 long terme des mousses isolantes cellulaires<\/a><\/p>\n<p><a href=\"https:\/\/canada.ul.com\/wp-content\/uploads\/sites\/11\/2014\/06\/Standards_Bulletin_2009-35_S548-08_FR.pdf\" target=\"_blank\">Bulletin sur les normes 2009-35 CAN\/ULC-S548-08-FR, Dispositifs et accessoires pour systemes d&#8217;extinction a eau<\/a><\/p>\n<p><a href=\"https:\/\/canada.ul.com\/wp-content\/uploads\/sites\/11\/2014\/06\/Standards_Bulletin_2009-36_62193-09_FR.pdf\" target=\"_blank\">Bulletin sur les normes 2009-36 CAN\/ULC-62193-09-FR, Travaux sous tension &#8211; Perches telescopiques et perches de mesure telescopiques<\/a><\/p>\n<p><a href=\"https:\/\/canada.ul.com\/wp-content\/uploads\/sites\/11\/2014\/06\/Standards_Bulletin_2009-37_62192-09_FR.pdf\" target=\"_blank\">Bulletin sur les normes 2009-37 CAN\/ULC-62192-09-FR, Travaux sous tension &#8211; Cordes isolantes<\/a><\/p>\n<p><a href=\"https:\/\/canada.ul.com\/wp-content\/uploads\/sites\/11\/2014\/06\/Standards_Bulletin_2009-38_61112-09_FR.pdf\" target=\"_blank\">Bulletin sur les normes 2009-38 CAN\/ULC-61112-09-FR, Travaux sous tension &#8211; Nappes isolantes electriques<\/a><\/p>\n<p><a href=\"https:\/\/canada.ul.com\/wp-content\/uploads\/sites\/11\/2014\/06\/Standards_Bulletin_2009-39_S706-09_FR.pdf\" target=\"_blank\">Bulletin sur les normes 2009-39 CAN\/ULC-S706-09-FR, Norme sur les panneaux isolant en fibre de bois pour b\u00e2timents<\/a><\/p>\n<p><a href=\"https:\/\/canada.ul.com\/wp-content\/uploads\/sites\/11\/2014\/06\/Standards_Bulletin_2009-40_61482-1-1-09_FR.pdf\" target=\"_blank\">Bulletin sur les normes 2009-40 CAN\/ULC-61482-1-1-09-FR, Travaux sous tension \u2013 Vetements de protection contre les dangers thermiques d&#8217;un arc electrique &#8211; Partie 1-1: Methodes d&#8217;essai &#8211; Methode 1: Determination de la caracteristique d&#8217;arc ATPV ou EBT50 de materiaux resistant a la flamme pour vetements<\/a><\/p>\n<p><a href=\"https:\/\/canada.ul.com\/wp-content\/uploads\/sites\/11\/2014\/06\/Standards_Bulletin_2009-41_61482-2-09_FR.pdf\" target=\"_blank\">Bulletin sur les normes 2009-41 CAN\/ULC-61482-2-09-FR, Vetements de protection contre les dangers thermiques d&#8217;un arc electrique &#8211; Partie 2: Exigences<\/a><\/p>\n<p><a href=\"https:\/\/canada.ul.com\/wp-content\/uploads\/sites\/11\/2014\/06\/Standards_Bulletin_2009-42_S703-09_FR.pdf\" target=\"_blank\">Bulletin sur les normes 2009-42 CAN\/ULC-S703-09-FR, Norme sur l&#8217;isolant en fibre cellulosique pour les b\u00e2timents<\/a><\/p>\n","protected":false},"excerpt":{"rendered":"<p>Bulletin sur les normes 2009-01 CAN\/ULC-S301-09-FR, Systemes d&#8217;alarme antivol et operations de la centrale de reception d&#8217;alarme Bulletin sur les normes 2009-02 CAN\/ULC-60900-09-FR, Outils a main pour travaux sous tension jusqu&#8217;a 1000 V en courant [&hellip;]<\/p>\n","protected":false},"author":197,"featured_media":0,"parent":942,"menu_order":2,"comment_status":"open","ping_status":"closed","template":"","meta":{"_acf_changed":false,"inline_featured_image":false,"footnotes":""},"class_list":["post-1213","page","type-page","status-publish","hentry"],"acf":[],"_links":{"self":[{"href":"https:\/\/canada.ul.com\/fr\/wp-json\/wp\/v2\/pages\/1213","targetHints":{"allow":["GET"]}}],"collection":[{"href":"https:\/\/canada.ul.com\/fr\/wp-json\/wp\/v2\/pages"}],"about":[{"href":"https:\/\/canada.ul.com\/fr\/wp-json\/wp\/v2\/types\/page"}],"author":[{"embeddable":true,"href":"https:\/\/canada.ul.com\/fr\/wp-json\/wp\/v2\/users\/197"}],"replies":[{"embeddable":true,"href":"https:\/\/canada.ul.com\/fr\/wp-json\/wp\/v2\/comments?post=1213"}],"version-history":[{"count":0,"href":"https:\/\/canada.ul.com\/fr\/wp-json\/wp\/v2\/pages\/1213\/revisions"}],"up":[{"embeddable":true,"href":"https:\/\/canada.ul.com\/fr\/wp-json\/wp\/v2\/pages\/942"}],"wp:attachment":[{"href":"https:\/\/canada.ul.com\/fr\/wp-json\/wp\/v2\/media?parent=1213"}],"curies":[{"name":"wp","href":"https:\/\/api.w.org\/{rel}","templated":true}]}}