{"id":1159,"date":"2014-06-25T18:37:55","date_gmt":"2014-06-27T19:30:24","guid":{"rendered":"https:\/\/canada.ul.com\/?page_id=1159"},"modified":"2020-07-17T14:12:13","modified_gmt":"2020-07-17T14:12:13","slug":"2009certificationbulletins","status":"publish","type":"page","link":"https:\/\/canada.ul.com\/fr\/2009certificationbulletins\/","title":{"rendered":"Bulletins de Certification 2009"},"content":{"rendered":"<p><a href=\"https:\/\/canada.ul.com\/wp-content\/uploads\/sites\/11\/2014\/06\/Certification_Bulletin_2009-01-ULC-S636-08FRN.pdf\" target=\"_blank\">Certification_Bulletin_2009-01-ULC-S636-08FRNTroisi\u00e8me \u00e9dition de la norme ULC-S636-08, Standard for Type BH Gaz Venting Systems norme sur les syst\u00e8mes d&#8217;\u00e9vacuation des gaz<\/a><\/p>\n<p><a href=\"https:\/\/canada.ul.com\/wp-content\/uploads\/sites\/11\/2014\/06\/Certification_Bulletin_2009-02-ULC-S652-08FRN.pdf\" target=\"_blank\">Certification_Bulletin_2009-02-ULC-S652FRNDeuxi\u00e8me \u00e9dition de la norme CAN\/ULC-S652-08, Norme sur les ensembles r\u00e9servoirs destin\u00e9s \u00e0 la collecte, au stockage et \u00e0 l&#8217;enl\u00e8vement de l&#8217;huile usag\u00e9e.<\/a><\/p>\n<p><a href=\"https:\/\/canada.ul.com\/wp-content\/uploads\/sites\/11\/2014\/06\/Certification_Bulletin_2009-03FRN-ULC-Subject962.pdf\" target=\"_blank\">Certification_Bulletin_2009-03FRN-ULC-Subject962 Enqu\u00eate portant sur la n\u00e9cessit\u00e9 d&#8217;\u00e9laborer un ORD sur le verre chauffant r\u00e9sistant \u00e0 la chaleur et sur les exigences qui sont rattach\u00e9es \u00e0 cet ORD<\/a><\/p>\n<p><a href=\"https:\/\/canada.ul.com\/wp-content\/uploads\/sites\/11\/2014\/06\/Certification_Bulletin_2009-04FRN-ULCORD-C58.9-1997Withdrawal.pdf\" target=\"_blank\">Certification_Bulletin_2009-04FRNSecondary Containment Liners &#8211; Withdrawal of Certification Program and Withdrawal of ULC\/ORD-C58.9 &#8211; 1997<\/a><\/p>\n<p><a href=\"https:\/\/canada.ul.com\/wp-content\/uploads\/sites\/11\/2014\/06\/Certification_Bulletin_2009-05FRN-ULCORD-C924-2009.pdf\" target=\"_blank\">Certification_Bulletin_2009-05FRNPremi\u00e8re version de la deuxi\u00e8me \u00e9dition propos\u00e9e du document ULC\/ORD C924 2009, Photoluminescent and Self-Luminous Exit Signs and Path Markers<\/a><\/p>\n<p><a href=\"https:\/\/canada.ul.com\/wp-content\/uploads\/sites\/11\/2014\/06\/Certification_Bulletin_2009-08FRN-ULC-S561.pdf\" target=\"_blank\">Certification_Bulletin_2009-08FRNReport de la date d&#8217;entr\u00e9e en vigueur de la premi\u00e8re \u00e9dition de la norme CAN\/ULC-S561-03, y compris la modification 2,Installation et services &#8211; syst\u00e8mes et centrales de r\u00e9ception d&#8217;alarme incendie<\/a><\/p>\n<p><a href=\"https:\/\/canada.ul.com\/wp-content\/uploads\/sites\/11\/2014\/06\/Certification_Bulletin_2009-09FRN-S601-07.pdf\" target=\"_blank\">Certification_Bulletin_2009-09FRN-S601-07 Fourth Edition of the Standard for Shop Fabricated Steel Aboveground Tanks for Flammable and Combustible Liquids, CAN\/ULC-S601-07<\/a><\/p>\n<p><a href=\"https:\/\/canada.ul.com\/wp-content\/uploads\/sites\/11\/2014\/06\/Certification_Bulletin_2009-10FRN-S561.pdf\" target=\"_blank\">Certification_Bulletin_2009-10FRN-S561Implementation of Amendment 2 of CAN\/ULC-S561-03, First Edition,Installation and Services for Fire Signal Receiving Centres and Systems and Application of CAN\/ULC-S559-04 &#8211; First Edition; Equipment for Fire Signal Receiving Centers and Systems and the effect on the equipment listed to CAN\/ULC-S527-M87 Standard for Control Units for Fire Alarm Systems<\/a><\/p>\n<p><a href=\"https:\/\/canada.ul.com\/wp-content\/uploads\/sites\/11\/2014\/06\/Certification_Bulletin_2009-11FRN-ULC-S533-08.pdf\" target=\"_blank\">Certification_Bulletin_2009-11FRN-ULC-S533-08 Third Edition of the Egress Door Securing and Releasing Devices CAN\/ULC-S533-08<\/a><\/p>\n<p><a href=\"https:\/\/canada.ul.com\/wp-content\/uploads\/sites\/11\/2014\/06\/Certification_Bulletin_2009-12FRN-ULC-S702-09.pdf\" target=\"_blank\">Certification_Bulletin_2009-12FRN-ULC-S702-09 Second Edition of the Standard for Mineral Fibre Thermal Insulation for Buildings, CAN\/ULC-S702-09<\/a><\/p>\n<p><a href=\"https:\/\/canada.ul.com\/wp-content\/uploads\/sites\/11\/2014\/06\/Certification_Bulletin_2009-13FRN-ULC-ORD-C140.pdf\" target=\"_blank\">Certification_Bulletin_2009-13FRN-ULC-ORD-C140Retrait de l&#8217;autre document reconnu ULC\/ORD-C140-1974, Guide for the Investigation of Relocking Devices<\/a><\/p>\n<p><a href=\"https:\/\/canada.ul.com\/wp-content\/uploads\/sites\/11\/2014\/06\/Certification_Bulletin_2009-14FRN-ULC-ORD-C263.5.pdf\" target=\"_blank\">Certification_Bulletin_2009-14FRN-ULC-ORD-C263.5 Retrait de l&#8217;autre document reconnu ULC\/ORD-C263.5-1999, Exterior Insulator and Finish Systems EIFS<\/a><\/p>\n<p><a href=\"https:\/\/canada.ul.com\/wp-content\/uploads\/sites\/11\/2014\/06\/Certification_Bulletin_2009-15FRN-ULC-ORD-C268.13.pdf\" target=\"_blank\">Certification_Bulletin_2009-15FRN-ULC-ORD-C268.13 Retrait de l&#8217;autre document reconnu ULC\/ORD-C268.13-1993, Smoke-Alarms for Mobile Homes Recreational Vehicles<\/a><\/p>\n<p><a href=\"https:\/\/canada.ul.com\/wp-content\/uploads\/sites\/11\/2014\/06\/Certification_Bulletin_2009-16FRN-ULC-ORD-C393.pdf\" target=\"_blank\">Certification_Bulletin_2009-16FRN-ULC-ORD-C393 Retrait de l&#8217;autre document reconnu ULC\/ORD-C393-1995, Indicating Pressure Gauges for Fire Protection Service<\/a><\/p>\n<p><a href=\"https:\/\/canada.ul.com\/wp-content\/uploads\/sites\/11\/2014\/06\/Certification_Bulletin_2009-17FRN-ULC-ORD-C488.pdf\" target=\"_blank\">Certification_Bulletin_2009-17FRN-ULC-ORD-C488 Retrait de l&#8217;autre document reconnu ULC\/ORD-C488-1995, Remote Burglar Alarm Signalling Centres<\/a><\/p>\n<p><a href=\"https:\/\/canada.ul.com\/wp-content\/uploads\/sites\/11\/2014\/06\/Certification_Bulletin_2009-18FRN-ULC-ORD-C501.pdf\" target=\"_blank\">Certification_Bulletin_2009-18FRN-ULC-ORD-C501 Retrait de l&#8217;autre document reconnu ULC\/ORD-C501-2001, Adhesives for Use in Heating and Cooling Appliances to Secure Thermal Insulation Materials<\/a><\/p>\n<p><a href=\"https:\/\/canada.ul.com\/wp-content\/uploads\/sites\/11\/2014\/06\/Certification_Bulletin_2009-19FRN-ULC-ORD-C644.pdf\" target=\"_blank\">Certification_Bulletin_2009-19FRN-ULC-ORD-C644 Retrait de l&#8217;autre document reconnu ULC\/ORD-C644-1975, Guide for the Investigation of Container Assemblies LP-Gas<\/a><\/p>\n<p><a href=\"https:\/\/canada.ul.com\/wp-content\/uploads\/sites\/11\/2014\/06\/Certification_Bulletin_2009-20FRN-ULC-ORD-C644A.pdf\" target=\"_blank\">Certification_Bulletin_2009-20FRN-ULC-ORD-C644A Retrait de l&#8217;autre document reconnu ULC\/ORD-C644A-1980, Preliminary Standard for Propane Components, Automotive Type<\/a><\/p>\n<p><a href=\"https:\/\/canada.ul.com\/wp-content\/uploads\/sites\/11\/2014\/06\/Certification_Bulletin_2009-21FRN-ULC-ORD-C719S.pdf\" target=\"_blank\">Certification_Bulletin_2009-21FRN-ULC-ORD-C719S Retrait de l&#8217;autre document reconnu ULC\/ORD-C719S-1998, Requirements for the Investigation of Stapler Non-Metallic Sheathed Cable Staples<\/a><\/p>\n<p><a href=\"https:\/\/canada.ul.com\/wp-content\/uploads\/sites\/11\/2014\/06\/Certification_Bulletin_2009-22FRN-ULC-ORD-C752A.pdf\" target=\"_blank\">Certification_Bulletin_2009-22FRN-ULC-ORD-C752A Retrait de l&#8217;autre document reconnu ULC\/ORD-C752A-1975, Guide for the Investigation of Bullet-Resisting Glazing Material<\/a><\/p>\n<p><a href=\"https:\/\/canada.ul.com\/wp-content\/uploads\/sites\/11\/2014\/06\/Certification_Bulletin_2009-23FRN-ULC-ORD-C779.pdf\" target=\"_blank\">Certification_Bulletin_2009-23FRN-ULC-ORD-C779 Retrait de l&#8217;autre document reconnu ULC\/ORD-C779-1975, Guide for the Investigation of Electrically Conductive Floorings<\/a><\/p>\n<p><a href=\"https:\/\/canada.ul.com\/wp-content\/uploads\/sites\/11\/2014\/06\/Certification_Bulletin_2009-24FRN-ULC-ORD-C901.pdf\" target=\"_blank\">Certification_Bulletin_2009-24FRN-ULC-ORD-C901 Retrait de l&#8217;autre document reconnu ULC\/ORD-C901-1975, Guide for the Investigation of Tellers&#8217; Lockers<\/a><\/p>\n<p><a href=\"https:\/\/canada.ul.com\/wp-content\/uploads\/sites\/11\/2014\/06\/Certification_Bulletin_2009-25FRN-ULC-ORD-C996.1.pdf\" target=\"_blank\">Certification_Bulletin_2009-25FRN-ULC-ORD-C996.1 Retrait de l&#8217;autre document reconnu ULC\/ORD-C996.1-2000, Polyvinylidene Fluoride PVDF Corrosive Drainage SystemsCertification_Bulletin_2009-26ENG-ULC-C268,C2034 ULC Listing,Combination Smoke Detector &amp; CO Detector Listed for Use With An Alarm Unit<\/a><\/p>\n<p><a href=\"https:\/\/canada.ul.com\/wp-content\/uploads\/sites\/11\/2014\/06\/Certification_Bulletin_2009-26FRN-ULC-C268C20341.pdf\" target=\"_blank\">Certification_Bulletin_2009-26FRN-ULC-C268,C2034 ULC Listing,Combination Smoke Detector &amp; CO Detector Listed for Use With An Alarm Unit<\/a><\/p>\n<p><a href=\"https:\/\/canada.ul.com\/wp-content\/uploads\/sites\/11\/2014\/06\/Certification_Bulletin_2009-27FRN-ULC-S548-08-incl.SOR_1.pdf\" target=\"_blank\">Certification_Bulletin_2009-27FRN-ULC-S548-08 Third Edition of the Standard for Devices And Accessories For Water Type Extinguishing Systems, CAN\/ULC-S548-08<\/a><\/p>\n<p><a href=\"https:\/\/canada.ul.com\/wp-content\/uploads\/sites\/11\/2014\/06\/Certification_Bulletin_2009-29FRN-ULC-ORD-203A1.pdf\" target=\"_blank\">Certification_Bulletin_2009-29FRN-ULC-ORD-203A Premi\u00e8re version de la deuxi\u00e8me \u00e9dition propos\u00e9e du document ULC\/ORD-C203A, Sway Brace and Restraint Devices for Spinkler System Piping<\/a><\/p>\n<p><a href=\"https:\/\/canada.ul.com\/wp-content\/uploads\/sites\/11\/2014\/06\/Certification_Bulletin_2009-30FRN-ULC-ORD-C2775.pdf\" target=\"_blank\">Certification_Bulletin_2009-30FRN-ULC-ORD-C2775 Premi\u00e8re version de la premi\u00e8re \u00e9dition propos\u00e9e du document ULC\/ORD-C2775, Fixed Condensed Aerosol Extinguishing System Units<\/a><\/p>\n<p><a href=\"https:\/\/canada.ul.com\/wp-content\/uploads\/sites\/11\/2014\/06\/Certification_Bulletin_2009-31FRN-ULC-S101-04.pdf\" target=\"_blank\">Certification_Bulletin_2009-31FRN-ULC-S101-04 Revisions to Standard CAN\/ULC S101 Sample Loading Requirements<\/a><\/p>\n<p><a href=\"https:\/\/canada.ul.com\/wp-content\/uploads\/sites\/11\/2014\/06\/Certification_Bulletin_2009-32FRN-ULC-S541-07.pdf\" target=\"_blank\">Certification_Bulletin_2009-32FRN-ULC-S541-07 Demande de commentaires pour reported la date d&#8217;entr\u00e9e en vigueur des haut-parleurs pour les services d&#8217;avertissement de protection incendie<\/a><\/p>\n<p><a href=\"https:\/\/canada.ul.com\/wp-content\/uploads\/sites\/11\/2014\/06\/Certification_Bulletin_2009-33FRN-ULC-ORD-C2728.pdf\" target=\"_blank\">Certification_Bulletin_2009-33FRN-ULC-ORD-C2728 First Draft, Proposed First Edition, ULC\/ORD-C2728, Pellet-Burning Cooking Appliances<\/a><\/p>\n<p><a href=\"https:\/\/canada.ul.com\/wp-content\/uploads\/sites\/11\/2014\/06\/Certification_Bulletin_2009-34FRN-ULC-S304-06.pdf\" target=\"_blank\">Certification_Bulletin_2009-34FRN-ULC-S304-06 Demande de commentaires pour reporter la date d&#8217;entr\u00e9e en vigueur des syst\u00e8mes d&#8217;alarme reli\u00e9s aux postes centraux et aux postes de police<\/a><\/p>\n<p><a href=\"https:\/\/canada.ul.com\/wp-content\/uploads\/sites\/11\/2014\/06\/Certification_Bulletin_2009-35FRN-ULC-S541.pdf\" target=\"_blank\">Certification_Bulletin_2009-35FRN-ULC-S541 Bulletin d&#8217;avis de report de date d&#8217;entr\u00e9e en vigueur-CAN\/ULC S541<\/a><\/p>\n","protected":false},"excerpt":{"rendered":"<p>Certification_Bulletin_2009-01-ULC-S636-08FRNTroisi\u00e8me \u00e9dition de la norme ULC-S636-08, Standard for Type BH Gaz Venting Systems norme sur les syst\u00e8mes d&#8217;\u00e9vacuation des gaz Certification_Bulletin_2009-02-ULC-S652FRNDeuxi\u00e8me \u00e9dition de la norme CAN\/ULC-S652-08, Norme sur les ensembles r\u00e9servoirs destin\u00e9s \u00e0 la collecte, [&hellip;]<\/p>\n","protected":false},"author":197,"featured_media":0,"parent":0,"menu_order":0,"comment_status":"open","ping_status":"closed","template":"","meta":{"_acf_changed":false,"inline_featured_image":false,"footnotes":""},"class_list":["post-1159","page","type-page","status-publish","hentry"],"acf":[],"_links":{"self":[{"href":"https:\/\/canada.ul.com\/fr\/wp-json\/wp\/v2\/pages\/1159","targetHints":{"allow":["GET"]}}],"collection":[{"href":"https:\/\/canada.ul.com\/fr\/wp-json\/wp\/v2\/pages"}],"about":[{"href":"https:\/\/canada.ul.com\/fr\/wp-json\/wp\/v2\/types\/page"}],"author":[{"embeddable":true,"href":"https:\/\/canada.ul.com\/fr\/wp-json\/wp\/v2\/users\/197"}],"replies":[{"embeddable":true,"href":"https:\/\/canada.ul.com\/fr\/wp-json\/wp\/v2\/comments?post=1159"}],"version-history":[{"count":0,"href":"https:\/\/canada.ul.com\/fr\/wp-json\/wp\/v2\/pages\/1159\/revisions"}],"wp:attachment":[{"href":"https:\/\/canada.ul.com\/fr\/wp-json\/wp\/v2\/media?parent=1159"}],"curies":[{"name":"wp","href":"https:\/\/api.w.org\/{rel}","templated":true}]}}