{"id":1134,"date":"2014-06-25T18:45:13","date_gmt":"2014-06-27T19:24:51","guid":{"rendered":"https:\/\/canada.ul.com\/?page_id=1134"},"modified":"2020-07-17T14:12:24","modified_gmt":"2020-07-17T14:12:24","slug":"2008certificationbulletins","status":"publish","type":"page","link":"https:\/\/canada.ul.com\/fr\/2008certificationbulletins\/","title":{"rendered":"Bulletins de Certification 2008"},"content":{"rendered":"<p><a href=\"https:\/\/canada.ul.com\/wp-content\/uploads\/sites\/11\/2014\/06\/Certification_Bulletin_2008-01FRN-ULC-S102S102.2_and_S127.pdf\" target=\"_blank\">Certification_Bulletin_2008-01FRN-ULC-S102,S102.2_and_S127\u00a0Standard for Method of Test for Surface Burning Characteristics of Building Materials and Assemblies, CAN\/ULC-S102.2 Standard for the Method of Test for Surface Burning Characteristics of Flooring, Floor Coverings, and Miscellaneous Materials and Assemblies, CAN\/ULC-S127 Standard Corner Wall Method of Test for Flammability Characteristics of Non-Melting Foam Plastic Building Materials<\/a><\/p>\n<p><a href=\"https:\/\/canada.ul.com\/wp-content\/uploads\/sites\/11\/2014\/06\/Certification_Bulletin_2008-02FRN-ULC-ORD-C627.1-2007.pdf\" target=\"_blank\">Certification Bulletin 2008-02 FRN-ULC\/ORD-C627.1-2007 Unvented Ethyl Alcohol Fuel Burning Decorative Appliances<\/a><\/p>\n<p><a href=\"https:\/\/canada.ul.com\/wp-content\/uploads\/sites\/11\/2014\/06\/Certification_Bulletin_2008-03FRN-ULC-S507-05.pdf\" target=\"_blank\">Certification_Bulletin_2008-03FRN-ULC-S507-05Quatri\u00e8me \u00e9dition de la norme CAN\/ULC-S507-05, Norme sur les extincteurs \u00e0 eau, y compris la modification 1.<\/a><\/p>\n<p><a href=\"https:\/\/canada.ul.com\/wp-content\/uploads\/sites\/11\/2014\/06\/Certification_Bulletin_2008-04FRN-ULC-S504-02.pdf\" target=\"_blank\">Certification_Bulletin_2008-04FRN-ULC-S504-02Deuxi\u00e8me \u00e9dition de la norme CAN\/ULC-S504-02, Extincteurs \u00e0 poudre chimique, y compris la modification 1.<\/a><\/p>\n<p><a href=\"https:\/\/canada.ul.com\/wp-content\/uploads\/sites\/11\/2014\/06\/Certification_Bulletin_2008-05FRN-ULC-S554-05.pdf\" target=\"_blank\">Certification_Bulletin_2008-05FRN-ULC-S554-05Deuxi\u00e8me \u00e9dition de la norme CAN\/ULC-S554-05, Norme sur les extincteurs \u00e0 agent \u00e0 base d&#8217;eau, y compris la modification 1<\/a><\/p>\n<p><a href=\"https:\/\/canada.ul.com\/wp-content\/uploads\/sites\/11\/2014\/06\/Certification_Bulletin_2008-06FRN-ULC-S503-05.pdf\" target=\"_blank\">Certification_Bulletin_2008-06FRN-ULC-S503-05Quatri\u00e8me \u00e9dition de la norme CAN\/ULC-S503-05, Norme sur les extincteurs au dioxyde de carbone, y compris la modification 1.<\/a><\/p>\n<p><a href=\"https:\/\/canada.ul.com\/wp-content\/uploads\/sites\/11\/2014\/06\/Certification_Bulletin_2008-07FRN-ULC-S566-05.pdf\" target=\"_blank\">Certification_Bulletin_2008-07FRN-ULC-S566-05Premi\u00e8re \u00e9dition de la norme CAN\/ULC-S566-05, Norme sur les extincteurs aux agents propres \u00e0 l&#8217;halocarbure, y compris la modification 1.<\/a><\/p>\n<p><a href=\"https:\/\/canada.ul.com\/wp-content\/uploads\/sites\/11\/2014\/06\/Certification_Bulletin_2008-08FRN-ULC-S651-07.pdf\" target=\"_blank\">Certification_Bulletin_2008-08FRN-ULC-S651-07Troisi\u00e8me \u00e9dition de la norme ULC-S651-07, Standard for Emergency Valves for Flammable and Combustible Liquids norme sur les robinets d&#8217;urgence pour liquides inflammables et combustibles<\/a><\/p>\n<p><a href=\"https:\/\/canada.ul.com\/wp-content\/uploads\/sites\/11\/2014\/06\/Certification_Bulletin_2008-09FRN-ULC-ORD-C627.1.pdf\" target=\"_blank\">Certification_Bulletin_2008-09FRN-ULC\/ORD-C627.1-2008,Unvented Ethyl Alcohol Fuel Burning Decorative Appliances<\/a><\/p>\n<p><a href=\"https:\/\/canada.ul.com\/wp-content\/uploads\/sites\/11\/2014\/06\/Certification_Bulletin_2008-11FRN-ULC-S319-05-SOR.pdf\" target=\"_blank\">Certification Bulletin 2008-11FRN-ULC-S319-05 SOR\u00a0Annonce d&#8217;un nouveau programme d&#8217;accr\u00e9ditation pour les syst\u00e8mes \u00e9lectroniques de contr\u00f4le d&#8217;acc\u00e8s au Canada<\/a><\/p>\n<p><a href=\"https:\/\/canada.ul.com\/wp-content\/uploads\/sites\/11\/2014\/06\/Certification_Bulletin_2008-12FRN-ULC-S642-07.pdf\" target=\"_blank\">Certification Bulletin 2008-12FRN-ULC-S642-07\u00a0Deuxi\u00e8me \u00e9dition de la norme CAN\/ULC-S602-07, Norme sur les compos\u00e9s et rubans pour joints de tuyau filet\u00e9s<\/a><\/p>\n<p><a href=\"https:\/\/canada.ul.com\/wp-content\/uploads\/sites\/11\/2014\/06\/Certification_Bulletin_2008-13FRN-ULC-S634-07.pdf\" target=\"_blank\">Certification_Bulletin 2008-13FRN-ULC-S634-07 Troisi\u00e8me \u00e9dition de la norme CAN\/ULC-S634-07, Norme sur les raccords pivotants \u00e0 tuyau flexible pour liquides inflammables et combustibles<\/a><\/p>\n<p><a href=\"https:\/\/canada.ul.com\/wp-content\/uploads\/sites\/11\/2014\/06\/Certification_Bulletin_2008-14FRN-ULC-S515-04.pdf\" target=\"_blank\">Certification_Bulletin_2008-14FRN-ULC-S515-04 Deuxi\u00e8me \u00e9dition de la norme CAN\/ULC-S515-04, Norme sur les engins automobiles de lutte contre l&#8217;incendie<\/a><\/p>\n<p><a href=\"https:\/\/canada.ul.com\/wp-content\/uploads\/sites\/11\/2014\/06\/Certification_Bulletin_2008-15FRN-ULC-S561-03.pdf\" target=\"_blank\">Certification_Bulletin_2008-15FRN-ULC-S561-03 Modification 2 &#8211; premi\u00e8re \u00e9dition de la norme CAN\/ULC-S561-03 Installation et services &#8211; syst\u00e8mes et centrales de r\u00e9ception d&#8217;alarme incendie<\/a><\/p>\n<p><a href=\"https:\/\/canada.ul.com\/wp-content\/uploads\/sites\/11\/2014\/06\/Certification_Bulletin_2008-16FRNWithdrawal-of-ORD-.pdf\" target=\"_blank\">Certification_Bulletin_2008-16FRNWithdrawal of ORD<\/a><\/p>\n<p><a href=\"https:\/\/canada.ul.com\/wp-content\/uploads\/sites\/11\/2014\/06\/Certification_Bulletin_2008-17FRN-ULC-S601-07.pdf\" target=\"_blank\">Certification_Bulletin_2008-17FRNQuatri\u00e8me \u00e9dition de la norme CAN\/ULC-S601-07, Norme sur les r\u00e9servoirs hors sol en acier fabriqu\u00e9s en usine pour liquides inflammables et ombustibles<\/a><\/p>\n<p><a href=\"https:\/\/canada.ul.com\/wp-content\/uploads\/sites\/11\/2014\/06\/Certification_Bulletin_2008-18FRN-ULC-ORD-C1349-2008.pdf\" target=\"_blank\">Certification_Bulletin_2008-18FRN-ULC-ORD-C1349-2008 Premi\u00e8re version de la premi\u00e8re \u00e9dition propos\u00e9e du document ULC\/ORD-C1349-2008, \u00ab Guide for the Investigation of LP-GAS Vaporizers \u00bb<\/a><\/p>\n<p><a href=\"https:\/\/canada.ul.com\/wp-content\/uploads\/sites\/11\/2014\/06\/Certification_Bulletin_2008-19FRN-ULC-ORD-C58.9-1997.pdf\" target=\"_blank\">Certification_Bulletin_2008-19FRNClarification de l&#8217;intention de l&#8217;article 1.3 de la norme ULC\/ORD C58.9-1997,Secondary Containment Liners for Underground and Aboveground Flammable and Combustible Liquid Tanks<\/a><\/p>\n<p><a href=\"https:\/\/canada.ul.com\/wp-content\/uploads\/sites\/11\/2014\/06\/Certification_Bulletin_2008-20-ULC-S660-08FRN.pdf\" target=\"_blank\">Certification Bulletin 2008-20-ULC-S660-08FRNPremi\u00e8re \u00e9dition de la norme sur les canalisations souterraines non m\u00e9talliques pour liquides inflammables et combustibles, CAN\/ULC-S660-08<\/a><\/p>\n<p><a href=\"https:\/\/canada.ul.com\/wp-content\/uploads\/sites\/11\/2014\/06\/Certification_Bulletin_2008-21FRN-ULC-S618-08.pdf\" target=\"_blank\">Certification Bulletin 2008-21-FRN-ULC-S618-08 Quatri\u00e8me \u00e9dition de la norme ULC-S618-08, Standard for Anodes and Reference Electrodes for Cathodic Protection of Steel Underground Tanks<\/a><\/p>\n","protected":false},"excerpt":{"rendered":"<p>Certification_Bulletin_2008-01FRN-ULC-S102,S102.2_and_S127\u00a0Standard for Method of Test for Surface Burning Characteristics of Building Materials and Assemblies, CAN\/ULC-S102.2 Standard for the Method of Test for Surface Burning Characteristics of Flooring, Floor Coverings, and Miscellaneous Materials and Assemblies, CAN\/ULC-S127 [&hellip;]<\/p>\n","protected":false},"author":197,"featured_media":0,"parent":0,"menu_order":0,"comment_status":"open","ping_status":"closed","template":"","meta":{"_acf_changed":false,"inline_featured_image":false,"footnotes":""},"class_list":["post-1134","page","type-page","status-publish","hentry"],"acf":[],"_links":{"self":[{"href":"https:\/\/canada.ul.com\/fr\/wp-json\/wp\/v2\/pages\/1134","targetHints":{"allow":["GET"]}}],"collection":[{"href":"https:\/\/canada.ul.com\/fr\/wp-json\/wp\/v2\/pages"}],"about":[{"href":"https:\/\/canada.ul.com\/fr\/wp-json\/wp\/v2\/types\/page"}],"author":[{"embeddable":true,"href":"https:\/\/canada.ul.com\/fr\/wp-json\/wp\/v2\/users\/197"}],"replies":[{"embeddable":true,"href":"https:\/\/canada.ul.com\/fr\/wp-json\/wp\/v2\/comments?post=1134"}],"version-history":[{"count":0,"href":"https:\/\/canada.ul.com\/fr\/wp-json\/wp\/v2\/pages\/1134\/revisions"}],"wp:attachment":[{"href":"https:\/\/canada.ul.com\/fr\/wp-json\/wp\/v2\/media?parent=1134"}],"curies":[{"name":"wp","href":"https:\/\/api.w.org\/{rel}","templated":true}]}}