{"id":1071,"date":"2014-06-26T17:20:15","date_gmt":"2014-06-27T18:52:35","guid":{"rendered":"https:\/\/canada.ul.com\/?page_id=1071"},"modified":"2020-07-17T14:11:36","modified_gmt":"2020-07-17T14:11:36","slug":"2011certificationbulletins","status":"publish","type":"page","link":"https:\/\/canada.ul.com\/fr\/2011certificationbulletins\/","title":{"rendered":"Bulletins de Certification 2011"},"content":{"rendered":"<p><a href=\"https:\/\/canada.ul.com\/wp-content\/uploads\/sites\/11\/2014\/06\/Bulletin-de-Certification_2011-01FRN-ULC-S110-07.pdf\" target=\"_blank\">Bulletin de Certification_2011-01(FRN)-ULC-S110-07<\/a> Deuxi\u00e8me \u00e9dition de la norme CAN\/ULC-S110-07 M\u00e9thodes normalis\u00e9es d&#8217;essai des conduits d&#8217;air<\/p>\n<p><a href=\"https:\/\/canada.ul.com\/wp-content\/uploads\/sites\/11\/2014\/06\/Bulletin-de-Certification_2011-02FRN-ULC-S646-10.pdf\" target=\"_blank\">Bulletin de Certification 2011-02(FRN)-ULC-S646-10<\/a> Troisi\u00e8me\u00a0 \u00e9dition\u00a0de la Norme\u00a0CAN\/ULC-S646-10, Norme relative aux hottes d&#8217;aspiration et aux contr\u00f4les connexes pour les cuisines professionnelles et collectives<\/p>\n<p><a href=\"https:\/\/canada.ul.com\/wp-content\/uploads\/sites\/11\/2014\/06\/Bulletin-de-Certification_2011-04FRN-ULC-ORD-C79.1.pdf\" target=\"_blank\">Bulletin de Certification 2011-04(FRN)-ULC-ORD-C79.1<\/a> Retrait de l&#8217;autre document reconnu ULC\/ORD-C79.1-04, Manual Pumps For Use with Liquid Petroleum Fuels<\/p>\n<p><a href=\"https:\/\/canada.ul.com\/wp-content\/uploads\/sites\/11\/2014\/06\/Bulletin-de-Certification_2011-05FRN-ULC-ORD-C142.15-.pdf\" target=\"_blank\">Bulletin de Certification 2011-05(FRN)-ULC-ORD-C142.15<\/a> Retrait de l&#8217;autre document reconnu ULC\/ORD-C142.15,Precast Concrete Tanks<\/p>\n<p><a href=\"https:\/\/canada.ul.com\/wp-content\/uploads\/sites\/11\/2014\/06\/Bulletin-de-Certification_2011-06FRN-ULC-ORD-C142-.pdf\" target=\"_blank\">Bulletin de Certification 2011-06(FRN)-ULC-ORD-C142<\/a> Retrait de l&#8217;autre document reconnu ULC\/ORD-C142, Aboveground Used-Oil Systems<\/p>\n<p><a href=\"https:\/\/canada.ul.com\/wp-content\/uploads\/sites\/11\/2014\/06\/Bulletin-de-Certification_2011-07FRN-ULC-ORD-C252-.pdf\" target=\"_blank\">Bulletin de Certification 2011-07(FRN)-ULC-ORD-C252<\/a> Retrait de l&#8217;autre document reconnu ULC\/ORD-C252,Guide for the Investigation of Gas Pressure Regulators<\/p>\n<p><a href=\"https:\/\/canada.ul.com\/wp-content\/uploads\/sites\/11\/2014\/06\/Bulletin-de-Certification_2011-08FRN-ULC-ORD-C305.pdf\" target=\"_blank\">Bulletin de Certification 2011-08(FRN)-ULC-ORD-C305<\/a> Retrait de l&#8217;autre document reconnu ULC\/ORD-C305, Panic Hardware<\/p>\n<p><a href=\"https:\/\/canada.ul.com\/wp-content\/uploads\/sites\/11\/2014\/06\/Bulletin-de-Certification_2011-09FRN-ULC-ORD-C352.pdf\" target=\"_blank\">Bulletin de Certification 2011-09(FRN)-ULC-ORD-C352<\/a> Retrait de l&#8217;autre document reconnu ULC\/ORD-C352-75, Guide for the Investigation of Constrant-Level\u00a0Oil Valves<\/p>\n<p><a href=\"https:\/\/canada.ul.com\/wp-content\/uploads\/sites\/11\/2014\/06\/Bulletin-de-Certification_2011-10FRN-ULC-ORD-C525-.pdf\" target=\"_blank\">Bulletin de Certification 2011-10(FRN)-ULC-ORD-C525<\/a> Retrait de l&#8217;autre document reconnu ULC\/ORD-C525,Guide for the Investigation of Flame Arresters for Use on Vents of Storage Tanks for Petroleum Oil and Gasoline<\/p>\n<p><a href=\"https:\/\/canada.ul.com\/wp-content\/uploads\/sites\/11\/2014\/06\/Certification-Bulletin_2011-11FRN-ITWTC.pdf\" target=\"_blank\">Bulletin de Certification 2011-11(FRN)-ITWTC<\/a>\u00a0Retrait du programme d&#8217;accr\u00e9ditation relatif aux r\u00e9servoirs de carburant marin, en plastique, portatifs &#8211; Cat\u00e9gorie de produit ITWTC<\/p>\n<p><a href=\"https:\/\/canada.ul.com\/wp-content\/uploads\/sites\/11\/2014\/06\/Bulletin-de-Certification_2011-15FRN-ULC-S531-02.pdf\" target=\"_blank\">Bulletin de Certification 2011-15(FRN)-ULC-S531-02<\/a>\u00a0Deuxi\u00e8me \u00e9dition de la norme CAN\/ULC-S531-02, Norme D\u00e9tecteurs fe fum\u00e9e, y compris la modification 1<\/p>\n<p><a href=\"https:\/\/canada.ul.com\/wp-content\/uploads\/sites\/11\/2014\/06\/Bulletin-de-Certification_2011-16FRN-ULC-Sujet-867.pdf\" target=\"_blank\">Bulletin de Certification 2011-16(FRN)-ULC-Sujet 867<\/a>\u00a0Changement de Service de Type L au Type R<\/p>\n<p><a href=\"https:\/\/canada.ul.com\/wp-content\/uploads\/sites\/11\/2014\/06\/Bulletin-de-Certification_2011-18FRN-ULC-ORD-C420-11.pdf\" target=\"_blank\">Bulletin de Certification 2011-18(FRN)-ULC-ORD-C420-11<\/a>\u00a0Light Emitting Diode (LED) Equipment for use in Lighting Products(Equipement a Diodes Electroluminescentes(DEL) a utiliser dans les Produits d&#8217;eclairage)<\/p>\n<p><a href=\"https:\/\/canada.ul.com\/wp-content\/uploads\/sites\/11\/2014\/06\/Bulletin-de-Certification_2011-20FRN-ULC-Sujet-867.pdf\" target=\"_blank\">Bulletin de Certification 2011-20(FRN)-ULC-Sujet\u00a0867<\/a> Changement de Service de Type L au Type R<\/p>\n<p><a href=\"https:\/\/canada.ul.com\/wp-content\/uploads\/sites\/11\/2014\/06\/Bulletin-de-Certification_2011-21FRN-ULC-Subject-867.pdf\" target=\"_blank\">Bulletin de Certification 2011-21(FRN)-ULC-Subject 867<\/a>\u00a0Modifications apport\u00e9es au Marquage des Etiquettes<\/p>\n<p><a href=\"https:\/\/canada.ul.com\/wp-content\/uploads\/sites\/11\/2014\/06\/Bulletin-de-Certification_2011-22FRN-ULC-S319.pdf\" target=\"_blank\">Bulletin de Certification 2011-22(FRN)-ULC-S319<\/a>\u00a0Avis de report de date d&#8217;entr\u00e9 en vigueur<\/p>\n","protected":false},"excerpt":{"rendered":"<p>Bulletin de Certification_2011-01(FRN)-ULC-S110-07 Deuxi\u00e8me \u00e9dition de la norme CAN\/ULC-S110-07 M\u00e9thodes normalis\u00e9es d&#8217;essai des conduits d&#8217;air Bulletin de Certification 2011-02(FRN)-ULC-S646-10 Troisi\u00e8me\u00a0 \u00e9dition\u00a0de la Norme\u00a0CAN\/ULC-S646-10, Norme relative aux hottes d&#8217;aspiration et aux contr\u00f4les connexes pour les cuisines [&hellip;]<\/p>\n","protected":false},"author":197,"featured_media":0,"parent":0,"menu_order":0,"comment_status":"open","ping_status":"closed","template":"","meta":{"_acf_changed":false,"inline_featured_image":false,"footnotes":""},"class_list":["post-1071","page","type-page","status-publish","hentry"],"acf":[],"_links":{"self":[{"href":"https:\/\/canada.ul.com\/fr\/wp-json\/wp\/v2\/pages\/1071","targetHints":{"allow":["GET"]}}],"collection":[{"href":"https:\/\/canada.ul.com\/fr\/wp-json\/wp\/v2\/pages"}],"about":[{"href":"https:\/\/canada.ul.com\/fr\/wp-json\/wp\/v2\/types\/page"}],"author":[{"embeddable":true,"href":"https:\/\/canada.ul.com\/fr\/wp-json\/wp\/v2\/users\/197"}],"replies":[{"embeddable":true,"href":"https:\/\/canada.ul.com\/fr\/wp-json\/wp\/v2\/comments?post=1071"}],"version-history":[{"count":0,"href":"https:\/\/canada.ul.com\/fr\/wp-json\/wp\/v2\/pages\/1071\/revisions"}],"wp:attachment":[{"href":"https:\/\/canada.ul.com\/fr\/wp-json\/wp\/v2\/media?parent=1071"}],"curies":[{"name":"wp","href":"https:\/\/api.w.org\/{rel}","templated":true}]}}