{"id":1054,"date":"2014-06-25T18:42:26","date_gmt":"2014-06-27T18:47:43","guid":{"rendered":"https:\/\/canada.ul.com\/?page_id=1054"},"modified":"2020-07-17T14:11:23","modified_gmt":"2020-07-17T14:11:23","slug":"2012certificationbulletins","status":"publish","type":"page","link":"https:\/\/canada.ul.com\/fr\/organismesresponsabledescodes\/certificationbulletins\/2012certificationbulletins\/","title":{"rendered":"Bulletins de Certification 2012"},"content":{"rendered":"<p><a href=\"https:\/\/canada.ul.com\/wp-content\/uploads\/sites\/11\/2014\/06\/Bulletin-de-Certification_2012-01FRN_ULC-ORD-C80.1.pdf\" target=\"_blank\">Bulletin de Certification 2012-01FRN-ULC-ORD-C80.1<\/a>\u00a0Deuxi\u00e8me \u00e9dition de l&#8217;autre document reconnu ULC\/ORD-C80.1 Nonmetallic Tanks for Oil-Burner Fuels and\u00a0Other Combustible Liquids<\/p>\n<p><a href=\"https:\/\/canada.ul.com\/wp-content\/uploads\/sites\/11\/2014\/06\/Bulletin-dInformation_2012-01AFRN_ULC-ORD-C80.1.pdf\" target=\"_blank\">Bulletin d&#8217;Information 2012-01AFRN-ULC-ORD-C80.1<\/a>\u00a0Deuxi\u00e8me \u00e9dition de l&#8217;autre document reconnu ULC\/ORD-C80.1 Nonmetallic Tanks for Oil-Burner Fuels and\u00a0Other Combustible Liquids<\/p>\n<p><a href=\"https:\/\/canada.ul.com\/wp-content\/uploads\/sites\/11\/2014\/06\/Bulletin-dInformation_2012-01BFRN_ULC-ORD-C80.1.pdf\" target=\"_blank\">Bulletin d&#8217;Information 2012-01BFRN-ULC-ORD-C80.1<\/a>\u00a0Deuxi\u00e8me \u00e9dition de l&#8217;autre document reconnu ULC\/ORD-C80.1 Nonmetallic Tanks for Oil-Burner Fuels and\u00a0Other Combustible Liquids<\/p>\n<p><a href=\"https:\/\/canada.ul.com\/wp-content\/uploads\/sites\/11\/2014\/06\/Bulletin-de-Certification_2012-02FRN-ULC-S104.pdf\" target=\"_blank\">Bulletin de Certification 2012-02FRN-ULC-S104<\/a>\u00a0Avis de date d&#8217;entr\u00e9 en vigueur CAN\/ULC-S104-10, 3 \u00e9dition de la norme M\u00e9thode normalis\u00e9e des essais de r\u00e9sistance au feu des portes<\/p>\n<p><a href=\"https:\/\/canada.ul.com\/wp-content\/uploads\/sites\/11\/2014\/06\/Bulletin-de-Certification_2012-03FRN-ULC-S601S603S615S630.pdf\" target=\"_blank\">Bulletin de Certification 2012-03FRN-ULC-S601,S603,S615,S630<\/a>\u00a0Retrait de programme d&#8217;accreditation relatif aux r\u00e9servoirs hors sol et souterrains remis \u00e0 neuf conform\u00e9ment aux suppl\u00e9ments techniques ULC-S601 A-2001, ULC-S603, A-2001, ULC-S615 A-2001 et ULC-S630 A-2001<\/p>\n<p><a href=\"https:\/\/canada.ul.com\/wp-content\/uploads\/sites\/11\/2014\/06\/Bulletin-de-Certification-2012-04FRN-ULC-S527-11.pdf\" target=\"_blank\">Bulletin de Certification 2012-04FRN-ULC-S527-11<\/a>\u00a0Avis de date d&#8217;entr\u00e9e en vigueur &#8211; 3<sup style=\"font-weight: inherit;font-style: inherit\">e\u00a0<\/sup>\u00e9dition de la Norme sur les postes de contr\u00f4le pour les r\u00e9seaux avertisseurs d&#8217;incendie, CAN\/ULC-S527-11<\/p>\n<p><a href=\"https:\/\/canada.ul.com\/wp-content\/uploads\/sites\/11\/2014\/06\/Bulletin-de-Certification-2012-05FRN-ULC-S603-1.pdf\" target=\"_blank\">Bulletin de Certification 2012-05FRN-ULC-S603.1<\/a>\u00a0Suppression de l&#8217;essai de r\u00e9sistance \u00e0 l&#8217;abrasion &#8211; Quatri\u00e8me \u00e9dition de la norme CAN\/ULC-S603.1, Syst\u00e8mes de protection contre la corrosion ext\u00e9rieure des r\u00e9servoirs enterr\u00e9s en acier pour les liquides inflammables et combustibles<\/p>\n<p><a href=\"https:\/\/canada.ul.com\/wp-content\/uploads\/sites\/11\/2014\/06\/Bulletin-de-Certification-2012-06FRN-CAN-CGSB-65.7.pdf\" target=\"_blank\">Bulletin de Certification 2012-06FRN-CAN CGSB 65.7<\/a>\u00a0Avis de report de date d&#8217;entr\u00e9e en vigueur &#8211; CAN\/CGSB 65.7-2007 Norme sur les gilets de sauvetage<\/p>\n<p><a href=\"https:\/\/canada.ul.com\/wp-content\/uploads\/sites\/11\/2014\/06\/Bulletin-de-Certification-2012-07FRN-ULC-S663-11.pdf\" target=\"_blank\">Bulletin de Certification 2012-07FRN-ULC-S663-11<\/a>\u00a01re \u00e9dition de la norme CAN\/ULC-S663-11, Norme sur les dispositifs de confinement des d\u00e9versements pour les r\u00e9servoirs de stockage de liquides inflammables et de liquides combustibles hors sol<\/p>\n<p><a href=\"https:\/\/canada.ul.com\/wp-content\/uploads\/sites\/11\/2014\/06\/Bulletin-de-Certification_2012-08FRN-ULC-S139.pdf\" target=\"_blank\">Bulletin de Certification 2012-08FRN-ULC-S139<\/a>\u00a0Annonce d&#8217;un programme provisoire ULC-S139, M\u00e9thode d&#8217;essai normalis\u00e9e de r\u00e9sistance au feu pour l&#8217;\u00e9valuation de l&#8217;int\u00e9grit\u00e9 des c\u00e2bles \u00e9lectriques<\/p>\n<p><a href=\"https:\/\/canada.ul.com\/wp-content\/uploads\/sites\/11\/2014\/06\/Bulletin-de-Certification-2012-09FRN-ULC-S661.pdf\" target=\"_blank\">Bulletin de Certification 2012-09FRN-ULC-S661<\/a>\u00a01re \u00e9dition de la norme CAN\/ULC-S661-10, Norme sur les dispositifs de protection contre les d\u00e9bordements pour les r\u00e9servoirs de stockage de liquides inflammables et combustibles<\/p>\n<p><a href=\"https:\/\/canada.ul.com\/wp-content\/uploads\/sites\/11\/2014\/06\/Bulletin-de-Certification_2012-10FRN_ULC-S301S302S561S536.pdf\" target=\"_blank\">Bulletin de Certification 2012-10FRN-ULC-S301,S302,S561&amp;S536<\/a>\u00a0Programmes d&#8217;enregistrement d&#8217;emplacements de services de sous-traitants authoris\u00e9s et de techniciens de soci\u00e9t\u00e9 distante\u00a0 Ajout de types d&#8217;inscriptions \u00e0 service partag\u00e9 au sein de la cat\u00e9gorie priv\u00e9e du programme de services de certification &lt;&lt;syst\u00e8mes d&#8217;avertissement de protection incendie&gt;&gt;<\/p>\n<p><a href=\"https:\/\/canada.ul.com\/wp-content\/uploads\/sites\/11\/2014\/06\/Bulletin-de-Certification_2012-11FRN-ULC-ORD-C142.6.pdf\" target=\"_blank\">Bulletin de Certification 2012-11FRN-ULC-ORD-C142.6<\/a>\u00a0Retait du programme de certification des enceintes de stockage-ULC\/ORD-C142.6-00 CCME num\u00e9ro de r\u00e9f. PN1326: Code de recommandations techniques pour la protection de l&#8217;environnement applicable aux syst\u00e8mes de strockage hors sol et souterrains de produits p\u00e9troliers et de produits apparent\u00e9s<\/p>\n<p><a href=\"https:\/\/canada.ul.com\/wp-content\/uploads\/sites\/11\/2014\/06\/Bulletin-de-Certification-2012-12FRN-ULC-ORD-C80.1.pdf\" target=\"_blank\">Bulletin de Certification 2012-12FRN-ULC-ORD-C80.1<\/a>\u00a0Deuxi\u00e8me Edition-ULC\/ORD-C80.1-12 -Non-metallic Tank for Oil Burner Fuels and Other Combustible Liquids r\u00e9servoirs non m\u00e9talliques pour combustibles de bruleurs \u00e0 mazout et autres liquides combustibles<\/p>\n","protected":false},"excerpt":{"rendered":"<p>Bulletin de Certification 2012-01FRN-ULC-ORD-C80.1\u00a0Deuxi\u00e8me \u00e9dition de l&#8217;autre document reconnu ULC\/ORD-C80.1 Nonmetallic Tanks for Oil-Burner Fuels and\u00a0Other Combustible Liquids Bulletin d&#8217;Information 2012-01AFRN-ULC-ORD-C80.1\u00a0Deuxi\u00e8me \u00e9dition de l&#8217;autre document reconnu ULC\/ORD-C80.1 Nonmetallic Tanks for Oil-Burner Fuels and\u00a0Other Combustible Liquids [&hellip;]<\/p>\n","protected":false},"author":197,"featured_media":0,"parent":871,"menu_order":0,"comment_status":"open","ping_status":"closed","template":"","meta":{"_acf_changed":false,"inline_featured_image":false,"footnotes":""},"class_list":["post-1054","page","type-page","status-publish","hentry"],"acf":[],"_links":{"self":[{"href":"https:\/\/canada.ul.com\/fr\/wp-json\/wp\/v2\/pages\/1054","targetHints":{"allow":["GET"]}}],"collection":[{"href":"https:\/\/canada.ul.com\/fr\/wp-json\/wp\/v2\/pages"}],"about":[{"href":"https:\/\/canada.ul.com\/fr\/wp-json\/wp\/v2\/types\/page"}],"author":[{"embeddable":true,"href":"https:\/\/canada.ul.com\/fr\/wp-json\/wp\/v2\/users\/197"}],"replies":[{"embeddable":true,"href":"https:\/\/canada.ul.com\/fr\/wp-json\/wp\/v2\/comments?post=1054"}],"version-history":[{"count":0,"href":"https:\/\/canada.ul.com\/fr\/wp-json\/wp\/v2\/pages\/1054\/revisions"}],"up":[{"embeddable":true,"href":"https:\/\/canada.ul.com\/fr\/wp-json\/wp\/v2\/pages\/871"}],"wp:attachment":[{"href":"https:\/\/canada.ul.com\/fr\/wp-json\/wp\/v2\/media?parent=1054"}],"curies":[{"name":"wp","href":"https:\/\/api.w.org\/{rel}","templated":true}]}}