{"id":1038,"date":"2014-06-25T18:55:30","date_gmt":"2014-06-27T18:42:29","guid":{"rendered":"https:\/\/canada.ul.com\/?page_id=1038"},"modified":"2020-07-17T14:11:12","modified_gmt":"2020-07-17T14:11:12","slug":"2013certificationbulletins","status":"publish","type":"page","link":"https:\/\/canada.ul.com\/fr\/organismesresponsabledescodes\/certificationbulletins\/2013certificationbulletins\/","title":{"rendered":"Bulletins de Certification 2013"},"content":{"rendered":"<p><a href=\"https:\/\/canada.ul.com\/wp-content\/uploads\/sites\/11\/2014\/06\/Bulletin-de-Certification_2013-01FRN_ULC-ORD-C1001.pdf\" target=\"_blank\">Bulletin de Certification 2013-01(FRN)-ULC-ORD-C100<\/a>\u00a0Deuxi\u00e8me \u00e9dition de l&#8217;autre document reconnu ULC\/ORD-C100-13 &#8211; Smoke Control Systems\u00a0Equipment<\/p>\n<p><a href=\"https:\/\/canada.ul.com\/wp-content\/uploads\/sites\/11\/2014\/06\/Bulletin-de-Certification_2013-02FRN_ULC-ORD-C27751.pdf\" target=\"_blank\">Bulletin de Certificaton 2013-02(FRN)-ULC-ORD-C2775<\/a>\u00a0Premi\u00e8re \u00e9dition de l&#8217;autre document reconnu ULC\/ORD-C2775-12 Fixed Condensed Aerosol Extinguishing System Units<\/p>\n<p><a href=\"https:\/\/canada.ul.com\/wp-content\/uploads\/sites\/11\/2014\/06\/Bulletin-de-Certification_2013-03FRN_ULC-ORD-C13491.pdf\" target=\"_blank\">Bulletin de Certification 2013-03(FRN)-ULC-ORD-C1349<\/a>\u00a0Premi\u00e8re \u00e9dition de l&#8217;autre document reconnu ULC\/ORD-C1349-13 Guide for The Investigation of L-P Gas Vaporizers<\/p>\n<p><a href=\"https:\/\/canada.ul.com\/wp-content\/uploads\/sites\/11\/2014\/06\/Bulletin-de-Certification_2013-04FRN-ULC-S1391.pdf\" target=\"_blank\">Bulletin de Certification 2013-04(FRN)-ULC-S139<\/a>\u00a0Annonce d&#8217;un programme provisoire ULC-S139-00, 1er \u00e9dition, M\u00e9thode d&#8217;essai normalis\u00e9e de r\u00e9sistance au feu pour l&#8217;\u00e9valuation de l&#8217;int\u00e9grit\u00e9 des c\u00e2bles \u00e9lectriques<\/p>\n<p><a href=\"https:\/\/canada.ul.com\/wp-content\/uploads\/sites\/11\/2014\/06\/Bulletin-dInformation_2013-05FRN-ULC-ORD-C17031.pdf\" target=\"_blank\">Bulletin d&#8217;Information 2013-05(FRN)-ULC-ORD-C1703<\/a>\u00a0Confirmation de la promi\u00e8re \u00e9dition &#8211; ULC\/ORD-C1703-01 &#8211; Flat-Plate Photovoltaic Modules and Panels<\/p>\n<p><a href=\"https:\/\/canada.ul.com\/wp-content\/uploads\/sites\/11\/2014\/06\/Bulletin-dInformation_2013-06FRN-FSRC-021.pdf\" target=\"_blank\">Bulletin d&#8217;Information 2013-06(FRN)-FSRC-02<\/a>\u00a0Republication de la premi\u00e8re \u00e9dition du document &#8211; Livre Rouge FSRC-C02 Analyse des Risques d&#8217;Incendie- Syst\u00e8me d&#8217;Evaluation<\/p>\n<p><a href=\"https:\/\/canada.ul.com\/wp-content\/uploads\/sites\/11\/2014\/06\/Bulletin-de-Certification-2013-07FRN-Withdrawal-ULC-ORD-C48.1-011.pdf\" target=\"_blank\">Bulletin de Certification\u00a02013-07(FRN)Withdrawal ULC-ORD-C48.1-01<\/a>\u00a0Retrait de l&#8217;autre document reconnu ULC\/ORD-C48.1-01, Installation of Field Assembled Skeletal Neon Signs and Outdoor Lighting<\/p>\n<p><a href=\"https:\/\/canada.ul.com\/wp-content\/uploads\/sites\/11\/2014\/06\/Bulletin-de-Certification-2013-08FRN-ULC-S5151.pdf\" target=\"_blank\">Bulletin de Certification 2013-08(FRN)-ULC-S515<\/a>\u00a0Avis d&#8217;entr\u00e9e en vigueur -CAN\/ULC-S515-13, 3 \u00e9dition de la Norme sur les engins automobiles de lutte contre l&#8217;incendie<\/p>\n<p><a href=\"https:\/\/canada.ul.com\/wp-content\/uploads\/sites\/11\/2014\/06\/Bulletin-de-Certification-2013-09FRN-ULC-ORD-C529A1.pdf\" target=\"_blank\">Bulletin de Certification 2013-09(FRN)-ULC-ORD-C529A<\/a>\u00a0Premi\u00e8re \u00e9dition de l&#8217;autre document reconnu -ULC\/ORD-C529A Video Image Smoke Detection System Devices<\/p>\n<p><a href=\"https:\/\/canada.ul.com\/wp-content\/uploads\/sites\/11\/2014\/06\/Bulletin-de-Certification-2013-10FRN-ULC-ORD-C21621.pdf\" target=\"_blank\">Bulletin de Certification 2013-10(FRN)-ULC-ORD-C2162<\/a>\u00a0Premi\u00e8re \u00e9dition de l&#8217;autre document reconnu &#8211; ULC\/C2162-13 Commercial Wood-Fired Baking Ovens -Refractory Type<\/p>\n<p><a href=\"https:\/\/canada.ul.com\/wp-content\/uploads\/sites\/11\/2014\/06\/Bulletin-de-Certification-_2013-11FRN-ULC-S561-131.pdf\" target=\"_blank\">Bulletin de Certification 2013-11(FRN)-ULC-S561-13<\/a>\u00a0Avis de date d&#8217;entr\u00e9e en vigueur &#8211; CAN\/ULC-S561-13, 2e \u00e9dition de la Norme sur l&#8217;installation et les services &#8211; syst\u00e8mes et centrales de r\u00e9ception d&#8217;alarme incendie<\/p>\n<p><a href=\"https:\/\/canada.ul.com\/wp-content\/uploads\/sites\/11\/2014\/06\/Bulletin-de-Certification_2013-12FRN-UL-ULC-Safety-Markings1.pdf\" target=\"_blank\">Bulletin de Certification 2013-12(FRN)-UL &amp; ULC-Safety Markings<\/a>\u00a0\u00a0Pr\u00e9cisions au sujet des exigences relatives aux produits certifi\u00e9s pour le Canada Marquages bilingues de s\u00e9curit\u00e9, d&#8217;avertissement et de mise en garde<\/p>\n<p><a href=\"https:\/\/canada.ul.com\/wp-content\/uploads\/sites\/11\/2014\/06\/Bulletin-de-Certification-2013-13FRNULCORDC2728-13.pdf\" target=\"_blank\">Bulletin de Certification 2013-13(FRN)ULCORDC2728-13<\/a>\u00a0Premi\u00e8re \u00e9dition du document ULC\/ORD-C2728-13 -Pellet Fuel Burning Cooking Appliances<\/p>\n<p><a href=\"https:\/\/canada.ul.com\/wp-content\/uploads\/sites\/11\/2014\/06\/Bulletin-de-Certification-2013-14FRN-ULC-S661-10.pdf\" target=\"_blank\">Bulletin de Certification 2013-14(FRN)-ULC-S661-10<\/a>\u00a0Premi\u00e8re \u00e9dition de la norme CAN\/ULC-S661-10, Norme sur les dispositifs de protection contre les d\u00e9bordements pour les r\u00e9servoirs de stockage de liquides inflammables et combustibles<\/p>\n<p><a href=\"https:\/\/canada.ul.com\/wp-content\/uploads\/sites\/11\/2014\/06\/Bulletin-de-Certification-2013-15FRN-ULC-S663-11.pdf\" target=\"_blank\">Bulletin de Certification 2013-15(FRN)-ULC-S663-11<\/a>,\u00a0Premi\u00e8re \u00e9dition de la norme CAN\/ULC-S663-11, Norme sur les dispositifs de confinement des d\u00e9versements pour les r\u00e9servoirs de stockage de liquides inflammables et de liquides combustibles hors sol<\/p>\n<p><a href=\"https:\/\/canada.ul.com\/wp-content\/uploads\/sites\/11\/2014\/06\/Bulletin-de-Certification-2013-16FRN_ULC-S545-02.pdf\" target=\"_blank\">Bulletin de Certification 2013-16(FRN)-ULC-S545-02<\/a>\u00a0Deuxi\u00e8me \u00e9dition de la norme sur les postes de contr\u00f4le des syst\u00e8mes d&#8217;alarme incendie r\u00e9sidentiels<\/p>\n<p><a href=\"https:\/\/canada.ul.com\/wp-content\/uploads\/sites\/11\/2014\/06\/Bulletin-de-Certification-2013-17FRN-ULC-ORD-C107.21-921.pdf\" target=\"_blank\">Bulletin de Certification 2013-17(FRN)-ULC-ORD-C107.21-92<\/a>\u00a0Premi\u00e8re \u00e9dition de l&#8217;autre document reconnu Under Dispenser Sumps<\/p>\n","protected":false},"excerpt":{"rendered":"<p>Bulletin de Certification 2013-01(FRN)-ULC-ORD-C100\u00a0Deuxi\u00e8me \u00e9dition de l&#8217;autre document reconnu ULC\/ORD-C100-13 &#8211; Smoke Control Systems\u00a0Equipment Bulletin de Certificaton 2013-02(FRN)-ULC-ORD-C2775\u00a0Premi\u00e8re \u00e9dition de l&#8217;autre document reconnu ULC\/ORD-C2775-12 Fixed Condensed Aerosol Extinguishing System Units Bulletin de Certification 2013-03(FRN)-ULC-ORD-C1349\u00a0Premi\u00e8re \u00e9dition [&hellip;]<\/p>\n","protected":false},"author":197,"featured_media":0,"parent":871,"menu_order":0,"comment_status":"open","ping_status":"closed","template":"","meta":{"_acf_changed":false,"inline_featured_image":false,"footnotes":""},"class_list":["post-1038","page","type-page","status-publish","hentry"],"acf":[],"_links":{"self":[{"href":"https:\/\/canada.ul.com\/fr\/wp-json\/wp\/v2\/pages\/1038","targetHints":{"allow":["GET"]}}],"collection":[{"href":"https:\/\/canada.ul.com\/fr\/wp-json\/wp\/v2\/pages"}],"about":[{"href":"https:\/\/canada.ul.com\/fr\/wp-json\/wp\/v2\/types\/page"}],"author":[{"embeddable":true,"href":"https:\/\/canada.ul.com\/fr\/wp-json\/wp\/v2\/users\/197"}],"replies":[{"embeddable":true,"href":"https:\/\/canada.ul.com\/fr\/wp-json\/wp\/v2\/comments?post=1038"}],"version-history":[{"count":0,"href":"https:\/\/canada.ul.com\/fr\/wp-json\/wp\/v2\/pages\/1038\/revisions"}],"up":[{"embeddable":true,"href":"https:\/\/canada.ul.com\/fr\/wp-json\/wp\/v2\/pages\/871"}],"wp:attachment":[{"href":"https:\/\/canada.ul.com\/fr\/wp-json\/wp\/v2\/media?parent=1038"}],"curies":[{"name":"wp","href":"https:\/\/api.w.org\/{rel}","templated":true}]}}