{"id":1034,"date":"2014-06-26T17:05:12","date_gmt":"2014-06-27T18:39:40","guid":{"rendered":"https:\/\/canada.ul.com\/?page_id=1034"},"modified":"2025-06-09T17:58:44","modified_gmt":"2025-06-09T17:58:44","slug":"2014certificationbulletins","status":"publish","type":"page","link":"https:\/\/canada.ul.com\/fr\/organismesresponsabledescodes\/certificationbulletins\/2014certificationbulletins\/","title":{"rendered":"Bulletins de Certification 2014"},"content":{"rendered":"<p><a href=\"https:\/\/canada.ul.com\/wp-content\/uploads\/sites\/11\/2014\/06\/Bulletin-de-Certification_2014-01FRN-CAN-CGSB-65.7.pdf\" target=\"_blank\">Bulletins de Certification 2014-01(FRN)CANCGSB 65.7<\/a>\u00a0Report de la date d&#8217;entr\u00e9e en vigueur de la revue des dossiers industriels du 31 d\u00e9cembre 2012 au 31 d\u00e9cembre 2018 pour les exigences r\u00e9vis\u00e9es de la norme CAN\/CGSG 65.7-2007<\/p>\n<p><a href=\"https:\/\/canada.ul.com\/wp-content\/uploads\/sites\/11\/2014\/06\/Bulletin-de-Certification-2014-02FRN.pdf\" target=\"_blank\">Bulletin de Certification 2014-02(FRN) Marque UL Am\u00e9lior\u00e9e pour le Canada<\/a><\/p>\n<p><a href=\"https:\/\/canada.ul.com\/wp-content\/uploads\/sites\/11\/2014\/06\/Bulletin-de-Certification-2014-03FRNCANULCS536-13.pdf\">Bulletin de Certification 2014-03(FRN)CANULCS536-13<\/a> Avis de date d&#8217;entr\u00e9e en vigueur de la 5 \u00e9dition de la norme CAN\/ULC-S536-13, Norme sur l&#8217;inspection et la mise \u00e0 l&#8217;essai des r\u00e9saux avertisseurs d&#8217;incendie<\/p>\n<p><a href=\"https:\/\/canada.ul.com\/wp-content\/uploads\/sites\/11\/2014\/06\/Bulletin-de-Certification-2014-04FRNCANULCS537-13.pdf\">Bulletin de Certification 2014-04(FRN)CANULCS537-13<\/a> Avis de date d&#8217;entr\u00e9e en vigueur de la 5 \u00e9dition de la norme CAN\/ULC-S537-13, Norme sur la v\u00e9rification des r\u00e9seaux avertisseurs d&#8217;incendie<\/p>\n<p><a href=\"https:\/\/canada.ul.com\/wp-content\/uploads\/sites\/11\/2014\/06\/BulletindeCertification2014-05FRNC142-15-14.pdf\">Bulletin de Certification 2014-05(FRN)C142 15-14<\/a>\u00a0Deuxi\u00e8me \u00e9dition du document ULC\/ORD-C142.15-14, Precast Concrete Tanks<\/p>\n<p><a href=\"https:\/\/canada.ul.com\/wp-content\/uploads\/sites\/11\/2014\/06\/Bulletin-de-Certification_2014-06FRN-ULC-S527-11.pdf\">Bulletin de Certification_2014-06(FRN)-ULC-S527-11<\/a>\u00a0Avis de report de date d&#8217;entr\u00e9e en vigueur &#8211; 3e \u00e9dition de la Norme sur les postes de contr\u00f4le pour les r\u00e9seaux avertisseurs d&#8217;incendie, CAN\/ULC-S527-11<\/p>\n<p><a href=\"https:\/\/canada.ul.com\/wp-content\/uploads\/sites\/11\/2014\/06\/Bulletin-de-Certification_2014-07FRN_ULC-ORD-C100-13.pdf\">Bulletin de Certification_2014-07(FRN)_ULC-ORD-C100-13<\/a>\u00a0Deuxi\u00e8me \u00e9dition de l&#8217;autre document reconnu ULC\/ORD-C100-13 &#8211; Smoke Control Systems Equipment<\/p>\n","protected":false},"excerpt":{"rendered":"<p>Bulletins de Certification 2014-01(FRN)CANCGSB 65.7\u00a0Report de la date d&#8217;entr\u00e9e en vigueur de la revue des dossiers industriels du 31 d\u00e9cembre 2012 au 31 d\u00e9cembre 2018 pour les exigences r\u00e9vis\u00e9es de la norme CAN\/CGSG 65.7-2007 Bulletin [&hellip;]<\/p>\n","protected":false},"author":144,"featured_media":0,"parent":871,"menu_order":0,"comment_status":"closed","ping_status":"closed","template":"","meta":{"_acf_changed":false,"inline_featured_image":false,"footnotes":""},"class_list":["post-1034","page","type-page","status-publish","hentry"],"acf":[],"_links":{"self":[{"href":"https:\/\/canada.ul.com\/fr\/wp-json\/wp\/v2\/pages\/1034","targetHints":{"allow":["GET"]}}],"collection":[{"href":"https:\/\/canada.ul.com\/fr\/wp-json\/wp\/v2\/pages"}],"about":[{"href":"https:\/\/canada.ul.com\/fr\/wp-json\/wp\/v2\/types\/page"}],"author":[{"embeddable":true,"href":"https:\/\/canada.ul.com\/fr\/wp-json\/wp\/v2\/users\/144"}],"replies":[{"embeddable":true,"href":"https:\/\/canada.ul.com\/fr\/wp-json\/wp\/v2\/comments?post=1034"}],"version-history":[{"count":1,"href":"https:\/\/canada.ul.com\/fr\/wp-json\/wp\/v2\/pages\/1034\/revisions"}],"predecessor-version":[{"id":36652,"href":"https:\/\/canada.ul.com\/fr\/wp-json\/wp\/v2\/pages\/1034\/revisions\/36652"}],"up":[{"embeddable":true,"href":"https:\/\/canada.ul.com\/fr\/wp-json\/wp\/v2\/pages\/871"}],"wp:attachment":[{"href":"https:\/\/canada.ul.com\/fr\/wp-json\/wp\/v2\/media?parent=1034"}],"curies":[{"name":"wp","href":"https:\/\/api.w.org\/{rel}","templated":true}]}}